{"id":6279,"date":"2016-09-26T10:18:27","date_gmt":"2016-09-26T08:18:27","guid":{"rendered":"https:\/\/www.sistem.it\/politica-de-privacidad\/"},"modified":"2022-11-18T10:41:29","modified_gmt":"2022-11-18T09:41:29","slug":"politica-de-privacidad","status":"publish","type":"page","link":"https:\/\/www.sistem.it\/es\/politica-de-privacidad\/","title":{"rendered":"Pol\u00edtica de Privacidad"},"content":{"rendered":"<h2>Informaci\u00f3n de conformidad con los art\u00edculos 12 y siguientes del Reglamento (UE) 2016\/679,<br \/>\nEn relaci\u00f3n con el tratamiento de datos personales<\/h2>\n<p>&nbsp;<\/p>\n<p><strong>Sistem Costruzioni S.R.L<\/strong>. (en adelante la \u201cEmpresa\u201d), con sede social en via Montegrappa 18\/20 &#8211; 41014 Solignano, titular del sitio web www.sistem.it (en adelante el \u201cSitio\u201d), pone a disposici\u00f3n la pol\u00edtica de privacidad de acuerdo con el art. 13 del Reglamento (UE) 2016\/679 del 27 de abril de 2016, como responsable del tratamiento de los datos personales de los usuarios que utilizan la secci\u00f3n \u201ccontactos\u201d del Sitio (en adelante los \u201cUsuarios\u201d).<\/p>\n<p>La Empresa tiene el m\u00e1ximo respeto por el derecho a la privacidad y a la protecci\u00f3n de los datos personales de sus Usuarios. Para cualquier informaci\u00f3n relativa a esta pol\u00edtica de privacidad, los Usuarios pueden ponerse en contacto con Sistem Costruzioni S.r.l. en cualquier momento, a trav\u00e9s de los contactos indicados en el siguiente apartado 4.<br \/>\nLa Empresa podr\u00e1 modificar la presente pol\u00edtica de privacidad sobre la base de requisitos legales o reglamentarios, o con el fin de adaptarla a las instrucciones dadas por las autoridades competentes en materia. Es por esto que se recomienda controlarla peri\u00f3dicamente.<\/p>\n<h3>1. Fines del tratamiento<\/h3>\n<p>Los datos personales de los Usuarios son recogidos y tratados por Sistem Costruzioni S.r.l. con la \u00fanica finalidad de tramitar su solicitud.<\/p>\n<h3>2. Modalidad de tratamiento<\/h3>\n<p>El tratamiento de los datos personales de los Usuarios se realizar\u00e1 mediante instrumentos manuales e inform\u00e1ticos, con una l\u00f3gica estrictamente relacionada con las propias finalidades y, en todo caso, de forma que se garantice la seguridad y confidencialidad de los mismos.<\/p>\n<h3>3. \u00c1mbito de comunicaci\u00f3n y difusi\u00f3n de los datos<\/h3>\n<p>Los empleados y\/o colaboradores de Sistem Costruzioni S.r.l. encargados de gestionar las respuestas a los Usuarios pueden tener conocimiento de los datos personales de los Usuarios. Estos sujetos, designados formalmente como \u201cejecutores del tratamiento\u201d, tratar\u00e1n los datos del Usuario exclusivamente para las finalidades indicadas en la presente nota informativa y en cumplimiento de lo dispuesto en el Reglamento.<br \/>\nTerceros que traten datos personales por cuenta de Sistem Costruzioni S.r.l. como \u201cresponsables externos del tratamiento\u201d tambi\u00e9n podr\u00e1n tener conocimiento de los datos personales de los Usuarios, tales como, por ejemplo, proveedores de servicios inform\u00e1ticos y log\u00edsticos funcionales al funcionamiento del Sitio, proveedores de servicios de outsourcing o de cloud computing, profesionales y consultores. Los Usuarios tiene derecho a obtener una lista de los encargados del tratamiento designados por Sistem Costruzioni S.r.l., realizando una solicitud en la forma indicada en el siguiente apartado 4.<br \/>\nLos datos personales de los Usuarios no ser\u00e1n difundidos de ninguna manera.<\/p>\n<h3>4. Derechos de los Interesados<\/h3>\n<p>Para ejercer sus derechos, u obtener m\u00e1s informaci\u00f3n o aclaraciones en relaci\u00f3n con esta Pol\u00edtica, le rogamos ponerse en contacto con el Responsable del tratamiento en las siguientes direcciones:<\/p>\n<p><strong>Sistem Costruzioni S.R.L<\/strong>., via Montegrappa 18\/20 &#8211; 41014 Solignano (MO) Italia +39 059 797 477 +39 059 797 646 &#8211;<a href=\"mailto:info@sistem.it\"> info@sistem.it<\/a><\/p>\n<p>El delegado de proteccio\u0301n de datos es <strong>SC Net S.r.l<\/strong>., disponible en la siguiente direcci\u00f3n de correo electr\u00f3nico: <a href=\"mailto:info@scnet.srl\">info@scnet.srl<\/a><\/p>\n<p>Bajo las condiciones establecidas en el Reglamento (UE) 2016\/679, usted puede ejercer los siguientes derechos:<\/p>\n<ul>\n<li>art. 15 Derecho de acceso del interesado;<\/li>\n<li>art. 16 Derecho de rectificaci\u00f3n;<\/li>\n<li>art. 17 Derecho de supresi\u00f3n;<\/li>\n<li>art. 18 Derecho a la limitaci\u00f3n del tratamiento;<\/li>\n<li>art. 20 Derecho a la portabilidad de los datos;<\/li>\n<li>art. 21 y 22: Derecho de oposici\u00f3n y decisiones automatizadas en relaci\u00f3n con las personas f\u00edsicas.<\/li>\n<\/ul>\n<p>Para comprobar la existencia de las condiciones y procedimientos para el ejercicio de los citados derechos, se remite al texto \u00edntegro de las citadas disposiciones, disponible en la p\u00e1gina web: <a href=\"http:\/\/www.garanteprivacy.it\" target=\"_blank\" rel=\"noopener noreferrer\">www.garanteprivacy.it.<\/a><br \/>\nLe informamos que, en caso de que considere que sus derechos han sido violados, la legislaci\u00f3n vigente le permite presentar una queja ante la Autoridad Nacional de Control.<\/p>\n<p>***El Responsable del tratamiento no se responsabiliza de la actualizaci\u00f3n de todos los enlaces que se puedan visualizar en esta pol\u00edtica, por lo que cuando un enlace no funcione y\/o est\u00e9 actualizado, los Usuarios reconocen y aceptan que deben remitirse siempre al documento y\/o secci\u00f3n de las p\u00e1ginas web a las que se refiere dicho enlace.<\/p>\n<h2 id=\"cookie\">Informaci\u00f3n y gesti\u00f3n de cookies<\/h2>\n<h3>\u00bfQu\u00e9 son las cookies?<\/h3>\n<p>Las cookies son peque\u00f1os archivos de texto que los sitios web visitados por el usuario env\u00edan a su terminal (ordenador, port\u00e1til, tableta, m\u00f3vil, etc.) donde se almacenan y luego se retransmiten a los mismos sitios web durante la siguiente visita del mismo usuario.<\/p>\n<h3>Cookies t\u00e9cnicas<\/h3>\n<p>Las cookies t\u00e9cnicas sirven para navegar o prestar un servicio solicitado por el usuario. No se utilizan para otros fines y normalmente son instalados directamente por el propietario del sitio web. Sin el uso de dichas cookies no podemos garantizar el buen funcionamiento de este sitio<\/p>\n<h3>Cookie anal\u00edticas<\/h3>\n<p>Aunque no son cookies t\u00e9cnicas, las cookies anal\u00edticas pueden ser asimiladas si se utilizan con fines de optimizaci\u00f3n del sitio directamente por el propietario del mismo, que puede recoger informaci\u00f3n en forma agregada sobre el n\u00famero de usuarios y sobre c\u00f3mo visitan el sitio. Con respecto a la informaci\u00f3n y el consentimiento valen las mismas reglas, bajo estas condiciones, para las cookies anal\u00edticas que para las cookies t\u00e9cnicas.<br \/>\nEste sitio web utiliza el servicio de terceros \u201cGoogle Analytics\u201d para recoger informaci\u00f3n de forma agregada sobre el n\u00famero de visitas. Para obtener informaci\u00f3n sobre el tratamiento de estos datos, consulte esta <a href=\"http:\/\/www.google.com\/intl\/it\/policies\/privacy\/\" target=\"_blank\" rel=\"noopener noreferrer\">Pol\u00edtica de privacidad<\/a>.<\/p>\n<h3>Cookies de elaboraci\u00f3n de perfiles<\/h3>\n<p>Son las cookies utilizadas para seguir la navegaci\u00f3n del usuario en la web y crear perfiles sobre sus gustos, h\u00e1bitos, elecciones, etc. Con estas cookies es posible transmitir mensajes al terminal del usuario de acuerdo con las preferencias ya expresadas en su navegaci\u00f3n.<br \/>\nEste sitio no utiliza cookies de elaboraci\u00f3n de perfiles propios.<\/p>\n<h3>Gesti\u00f3n de las preferencias de cookies a trav\u00e9s del navegador<\/h3>\n<p>Si no conoce el tipo y la versi\u00f3n del navegador que est\u00e1 utilizando, puede hacer clic en \u201cAyuda\u201d en la parte superior de la ventana del navegador, donde podr\u00e1 acceder a toda la informaci\u00f3n necesaria.<br \/>\nSi conoce su navegador, haga clic en el que est\u00e1 utilizando para acceder a la p\u00e1gina de administraci\u00f3n de cookies.<\/p>\n<ul>\n<li><a href=\"http:\/\/windows.microsoft.com\/it-it\/windows-vista\/block-or-allow-cookies\" target=\"_blank\" rel=\"noopener noreferrer\">Internet Explorer<\/a><\/li>\n<li><a href=\"https:\/\/support.google.com\/chrome\/answer\/95647?hl=it-IT\" target=\"_blank\" rel=\"noopener noreferrer\">Google Chrome<\/a><\/li>\n<li><a href=\"https:\/\/support.mozilla.org\/it\/kb\/Gestione20cookie\" target=\"_blank\" rel=\"noopener noreferrer\">Mozilla Firefox<\/a><\/li>\n<li><a href=\"http:\/\/support.apple.com\/kb\/PH17191?viewlocale=it_IT\" target=\"_blank\" rel=\"noopener noreferrer\">Safari<\/a><\/li>\n<\/ul>\n","protected":false},"excerpt":{"rendered":"<p>Informaci\u00f3n de conformidad con los art\u00edculos 12 y siguientes del Reglamento (UE) 2016\/679, En relaci\u00f3n con el tratamiento de datos personales &nbsp; Sistem Costruzioni S.R.L. (en adelante la \u201cEmpresa\u201d), con sede social en via Montegrappa 18\/20 &#8211; 41014 Solignano, titular del sitio web www.sistem.it (en adelante el \u201cSitio\u201d), pone a disposici\u00f3n la pol\u00edtica de privacidad [&hellip;]<\/p>\n","protected":false},"author":1,"featured_media":0,"parent":0,"menu_order":0,"comment_status":"closed","ping_status":"closed","template":"","meta":{"_acf_changed":false,"footnotes":""},"class_list":["post-6279","page","type-page","status-publish","hentry"],"acf":[],"yoast_head":"<!-- This site is optimized with the Yoast SEO plugin v27.5 - https:\/\/yoast.com\/product\/yoast-seo-wordpress\/ -->\n<title>Pol\u00edtica de Privacidad - Sistem Costruzioni<\/title>\n<meta name=\"description\" content=\"Pol\u00edtica de Privacidad - Sistem Costruzioni - Case in legno, edifici e grandi opere: L&#039;arte Italiana del Legno - The Italian art of timber\" \/>\n<meta name=\"robots\" content=\"index, follow, max-snippet:-1, max-image-preview:large, max-video-preview:-1\" \/>\n<link rel=\"canonical\" href=\"https:\/\/www.sistem.it\/es\/politica-de-privacidad\/\" \/>\n<meta property=\"og:locale\" content=\"es_ES\" \/>\n<meta property=\"og:type\" content=\"article\" \/>\n<meta property=\"og:title\" content=\"Pol\u00edtica de Privacidad - Sistem Costruzioni\" \/>\n<meta property=\"og:description\" content=\"Pol\u00edtica de Privacidad - Sistem Costruzioni - Case in legno, edifici e grandi opere: L&#039;arte Italiana del Legno - The Italian art of timber\" \/>\n<meta property=\"og:url\" content=\"https:\/\/www.sistem.it\/es\/politica-de-privacidad\/\" \/>\n<meta property=\"og:site_name\" content=\"Sistem Costruzioni\" \/>\n<meta property=\"article:modified_time\" content=\"2022-11-18T09:41:29+00:00\" \/>\n<meta name=\"twitter:card\" content=\"summary_large_image\" \/>\n<meta name=\"twitter:label1\" content=\"Tiempo de lectura\" \/>\n\t<meta name=\"twitter:data1\" content=\"5 minutos\" \/>\n<script type=\"application\/ld+json\" class=\"yoast-schema-graph\">{\"@context\":\"https:\\\/\\\/schema.org\",\"@graph\":[{\"@type\":\"WebPage\",\"@id\":\"https:\\\/\\\/www.sistem.it\\\/es\\\/politica-de-privacidad\\\/\",\"url\":\"https:\\\/\\\/www.sistem.it\\\/es\\\/politica-de-privacidad\\\/\",\"name\":\"Pol\u00edtica de Privacidad - Sistem Costruzioni\",\"isPartOf\":{\"@id\":\"https:\\\/\\\/www.sistem.it\\\/es\\\/#website\"},\"datePublished\":\"2016-09-26T08:18:27+00:00\",\"dateModified\":\"2022-11-18T09:41:29+00:00\",\"description\":\"Pol\u00edtica de Privacidad - Sistem Costruzioni - Case in legno, edifici e grandi opere: L'arte Italiana del Legno - The Italian art of timber\",\"breadcrumb\":{\"@id\":\"https:\\\/\\\/www.sistem.it\\\/es\\\/politica-de-privacidad\\\/#breadcrumb\"},\"inLanguage\":\"es\",\"potentialAction\":[{\"@type\":\"ReadAction\",\"target\":[\"https:\\\/\\\/www.sistem.it\\\/es\\\/politica-de-privacidad\\\/\"]}]},{\"@type\":\"BreadcrumbList\",\"@id\":\"https:\\\/\\\/www.sistem.it\\\/es\\\/politica-de-privacidad\\\/#breadcrumb\",\"itemListElement\":[{\"@type\":\"ListItem\",\"position\":1,\"name\":\"Home\",\"item\":\"https:\\\/\\\/www.sistem.it\\\/es\\\/\"},{\"@type\":\"ListItem\",\"position\":2,\"name\":\"Pol\u00edtica de Privacidad\"}]},{\"@type\":\"WebSite\",\"@id\":\"https:\\\/\\\/www.sistem.it\\\/es\\\/#website\",\"url\":\"https:\\\/\\\/www.sistem.it\\\/es\\\/\",\"name\":\"Sistem Costruzioni\",\"description\":\"L&#039;arte italiana del legno\",\"publisher\":{\"@id\":\"https:\\\/\\\/www.sistem.it\\\/es\\\/#organization\"},\"potentialAction\":[{\"@type\":\"SearchAction\",\"target\":{\"@type\":\"EntryPoint\",\"urlTemplate\":\"https:\\\/\\\/www.sistem.it\\\/es\\\/?s={search_term_string}\"},\"query-input\":{\"@type\":\"PropertyValueSpecification\",\"valueRequired\":true,\"valueName\":\"search_term_string\"}}],\"inLanguage\":\"es\"},{\"@type\":\"Organization\",\"@id\":\"https:\\\/\\\/www.sistem.it\\\/es\\\/#organization\",\"name\":\"Sistem Costruzioni S.r.l.\",\"url\":\"https:\\\/\\\/www.sistem.it\\\/es\\\/\",\"logo\":{\"@type\":\"ImageObject\",\"inLanguage\":\"es\",\"@id\":\"https:\\\/\\\/www.sistem.it\\\/es\\\/#\\\/schema\\\/logo\\\/image\\\/\",\"url\":\"https:\\\/\\\/www.sistem.it\\\/wp-content\\\/uploads\\\/2016\\\/03\\\/logo-sistem.png\",\"contentUrl\":\"https:\\\/\\\/www.sistem.it\\\/wp-content\\\/uploads\\\/2016\\\/03\\\/logo-sistem.png\",\"width\":461,\"height\":163,\"caption\":\"Sistem Costruzioni S.r.l.\"},\"image\":{\"@id\":\"https:\\\/\\\/www.sistem.it\\\/es\\\/#\\\/schema\\\/logo\\\/image\\\/\"}}]}<\/script>\n<!-- \/ Yoast SEO plugin. -->","yoast_head_json":{"title":"Pol\u00edtica de Privacidad - Sistem Costruzioni","description":"Pol\u00edtica de Privacidad - Sistem Costruzioni - Case in legno, edifici e grandi opere: L'arte Italiana del Legno - The Italian art of timber","robots":{"index":"index","follow":"follow","max-snippet":"max-snippet:-1","max-image-preview":"max-image-preview:large","max-video-preview":"max-video-preview:-1"},"canonical":"https:\/\/www.sistem.it\/es\/politica-de-privacidad\/","og_locale":"es_ES","og_type":"article","og_title":"Pol\u00edtica de Privacidad - Sistem Costruzioni","og_description":"Pol\u00edtica de Privacidad - Sistem Costruzioni - Case in legno, edifici e grandi opere: L'arte Italiana del Legno - The Italian art of timber","og_url":"https:\/\/www.sistem.it\/es\/politica-de-privacidad\/","og_site_name":"Sistem Costruzioni","article_modified_time":"2022-11-18T09:41:29+00:00","twitter_card":"summary_large_image","twitter_misc":{"Tiempo de lectura":"5 minutos"},"schema":{"@context":"https:\/\/schema.org","@graph":[{"@type":"WebPage","@id":"https:\/\/www.sistem.it\/es\/politica-de-privacidad\/","url":"https:\/\/www.sistem.it\/es\/politica-de-privacidad\/","name":"Pol\u00edtica de Privacidad - Sistem Costruzioni","isPartOf":{"@id":"https:\/\/www.sistem.it\/es\/#website"},"datePublished":"2016-09-26T08:18:27+00:00","dateModified":"2022-11-18T09:41:29+00:00","description":"Pol\u00edtica de Privacidad - Sistem Costruzioni - Case in legno, edifici e grandi opere: L'arte Italiana del Legno - The Italian art of timber","breadcrumb":{"@id":"https:\/\/www.sistem.it\/es\/politica-de-privacidad\/#breadcrumb"},"inLanguage":"es","potentialAction":[{"@type":"ReadAction","target":["https:\/\/www.sistem.it\/es\/politica-de-privacidad\/"]}]},{"@type":"BreadcrumbList","@id":"https:\/\/www.sistem.it\/es\/politica-de-privacidad\/#breadcrumb","itemListElement":[{"@type":"ListItem","position":1,"name":"Home","item":"https:\/\/www.sistem.it\/es\/"},{"@type":"ListItem","position":2,"name":"Pol\u00edtica de Privacidad"}]},{"@type":"WebSite","@id":"https:\/\/www.sistem.it\/es\/#website","url":"https:\/\/www.sistem.it\/es\/","name":"Sistem Costruzioni","description":"L&#039;arte italiana del legno","publisher":{"@id":"https:\/\/www.sistem.it\/es\/#organization"},"potentialAction":[{"@type":"SearchAction","target":{"@type":"EntryPoint","urlTemplate":"https:\/\/www.sistem.it\/es\/?s={search_term_string}"},"query-input":{"@type":"PropertyValueSpecification","valueRequired":true,"valueName":"search_term_string"}}],"inLanguage":"es"},{"@type":"Organization","@id":"https:\/\/www.sistem.it\/es\/#organization","name":"Sistem Costruzioni S.r.l.","url":"https:\/\/www.sistem.it\/es\/","logo":{"@type":"ImageObject","inLanguage":"es","@id":"https:\/\/www.sistem.it\/es\/#\/schema\/logo\/image\/","url":"https:\/\/www.sistem.it\/wp-content\/uploads\/2016\/03\/logo-sistem.png","contentUrl":"https:\/\/www.sistem.it\/wp-content\/uploads\/2016\/03\/logo-sistem.png","width":461,"height":163,"caption":"Sistem Costruzioni S.r.l."},"image":{"@id":"https:\/\/www.sistem.it\/es\/#\/schema\/logo\/image\/"}}]}},"_links":{"self":[{"href":"https:\/\/www.sistem.it\/es\/wp-json\/wp\/v2\/pages\/6279","targetHints":{"allow":["GET"]}}],"collection":[{"href":"https:\/\/www.sistem.it\/es\/wp-json\/wp\/v2\/pages"}],"about":[{"href":"https:\/\/www.sistem.it\/es\/wp-json\/wp\/v2\/types\/page"}],"author":[{"embeddable":true,"href":"https:\/\/www.sistem.it\/es\/wp-json\/wp\/v2\/users\/1"}],"replies":[{"embeddable":true,"href":"https:\/\/www.sistem.it\/es\/wp-json\/wp\/v2\/comments?post=6279"}],"version-history":[{"count":1,"href":"https:\/\/www.sistem.it\/es\/wp-json\/wp\/v2\/pages\/6279\/revisions"}],"predecessor-version":[{"id":25724,"href":"https:\/\/www.sistem.it\/es\/wp-json\/wp\/v2\/pages\/6279\/revisions\/25724"}],"wp:attachment":[{"href":"https:\/\/www.sistem.it\/es\/wp-json\/wp\/v2\/media?parent=6279"}],"curies":[{"name":"wp","href":"https:\/\/api.w.org\/{rel}","templated":true}]}}