{"id":6277,"date":"2019-05-31T22:56:49","date_gmt":"2019-05-31T20:56:49","guid":{"rendered":"https:\/\/www.sistem.it\/area-de-prensa\/"},"modified":"2019-05-31T22:56:53","modified_gmt":"2019-05-31T20:56:53","slug":"area-de-prensa","status":"publish","type":"page","link":"https:\/\/www.sistem.it\/es\/area-de-prensa\/","title":{"rendered":"\u00c1rea de prensa"},"content":{"rendered":"<div class=\"wpb-content-wrapper\"><p>[vc_row][vc_column]<div class=\"project-header press\"><h1>Press Area<\/h1><h2 class=\"green\">News, Comunicati e Rassegna Stampa<\/h2><\/div>[vc_column_text]Esta secci\u00f3n est\u00e1 dedicada al contenido medi\u00e1tico de Sistem Costruzioni, a continuaci\u00f3n puede encontrar nuestros archivos anuales de prensa, los comunicados de prensa y las \u00faltimas noticias del sitio.<\/p>\n<h3>Archivo de prensa<\/h3>\n<p><ul><li><a href=\"\/wp-content\/uploads\/press_release\/Sistem-Costruzioni-Rassegna-Stampa-2013.pdf\" title=\"Download\">Sistem Costruzioni Rassegna Stampa 2013.pdf<\/a><\/li><li><a href=\"\/wp-content\/uploads\/press_release\/Sistem-Costruzioni-Rassegna-Stampa-2014.pdf\" title=\"Download\">Sistem Costruzioni Rassegna Stampa 2014.pdf<\/a><\/li><li><a href=\"\/wp-content\/uploads\/press_release\/Sistem-Costruzioni-Rassegna-Stampa-2015.pdf\" title=\"Download\">Sistem Costruzioni Rassegna Stampa 2015.pdf<\/a><\/li><li><a href=\"\/wp-content\/uploads\/press_release\/Sistem-Costruzioni-Rassegna-Stampa-2016.pdf\" title=\"Download\">Sistem Costruzioni Rassegna Stampa 2016.pdf<\/a><\/li><li><a href=\"\/wp-content\/uploads\/press_release\/Sistem-Costruzioni-Rassegna-Stampa-2016_old.pdf\" title=\"Download\">Sistem Costruzioni Rassegna Stampa 2016_old.pdf<\/a><\/li><\/ul>[\/vc_column_text][\/vc_column][\/vc_row][vc_row full_width=\u00bbstretch_row\u00bb css=\u00bb.vc_custom_1470414989104{background-color: #d6ecff !important;}\u00bb][vc_column][vc_column_text]<\/p>\n<h3>\u00daltimas Noticias<\/h3>\n<p>[\/vc_column_text]<div class=\"fs-slide-gallery-wrapper\"><div class=\"fs-slide-gallery row \">\n\t\t\t\t\t<div class=\"col-md-3 \">\n\t\t\t\t\t\t<a class=\"sistem-image-wrapper autosquare\" href=\"https:\/\/www.sistem.it\/es\/ferias-y-promo\/sistem-costruzioni-en-klimahouse-2023\/\" title=\"Sistem Costruzioni en Klimahouse 2023\">\n\t\t\t\t\t\t\t<div class=\"sistem-image-inner-wrapper\" style=\"background-image:url('https:\/\/www.sistem.it\/wp-content\/uploads\/2023\/02\/KLI_02_HAUS.jpg');\">\n\t\t\t\t\t\t\t\t<img decoding=\"async\" src=\"https:\/\/www.sistem.it\/wp-content\/uploads\/2023\/02\/KLI_02_HAUS.jpg\" alt=\"Sistem Costruzioni en Klimahouse 2023\" \/>\n\t\t\t\t\t\t\t<\/div>\n\t\t\t\t\t\t\t<h2 >Sistem Costruzioni en Klimahouse 2023<\/h2>\n\t\t\t\t\t\t<\/a>\n\t\t\t\t\t<\/div><\/div><\/div>[\/vc_column][\/vc_row][vc_row][vc_column width=\u00bb1\/2&#8243;][vc_column_text]<\/p>\n<h3>Galer\u00eda de V\u00eddeos<\/h3>\n<p><iframe loading=\"lazy\" src=\"https:\/\/www.youtube.com\/embed\/WMeOycxe7u4?rel=0&amp;showinfo=0\" width=\"100%\" height=\"312\" frameborder=\"0\" allowfullscreen=\"allowfullscreen\"><\/iframe>[\/vc_column_text][\/vc_column][vc_column width=\u00bb1\/2&#8243;][vc_column_text]<\/p>\n<h3>S\u00edganos en nuestro canal de YouTube:<\/h3>\n<p>[\/vc_column_text][vc_raw_html]PHNjcmlwdCBzcmM9Imh0dHBzOi8vYXBpcy5nb29nbGUuY29tL2pzL3BsYXRmb3JtLmpzIj48L3NjcmlwdD4KPGRpdiBjbGFzcz0iZy15dHN1YnNjcmliZSIgZGF0YS1jaGFubmVsaWQ9IlVDc19TUkNxWkY2Mlp4V0lkQkx0VVdHUSIgZGF0YS1sYXlvdXQ9ImZ1bGwiIGRhdGEtY291bnQ9ImRlZmF1bHQiPjwvZGl2Pg==[\/vc_raw_html][\/vc_column][\/vc_row]<\/p>\n<\/div>","protected":false},"excerpt":{"rendered":"<p>[vc_row][vc_column][vc_column_text]Esta secci\u00f3n est\u00e1 dedicada al contenido medi\u00e1tico de Sistem Costruzioni, a continuaci\u00f3n puede encontrar nuestros archivos anuales de prensa, los comunicados de prensa y las \u00faltimas noticias del sitio. Archivo de prensa [\/vc_column_text][\/vc_column][\/vc_row][vc_row full_width=\u00bbstretch_row\u00bb css=\u00bb.vc_custom_1470414989104{background-color: #d6ecff !important;}\u00bb][vc_column][vc_column_text] \u00daltimas Noticias [\/vc_column_text][\/vc_column][\/vc_row][vc_row][vc_column width=\u00bb1\/2&#8243;][vc_column_text] Galer\u00eda de V\u00eddeos [\/vc_column_text][\/vc_column][vc_column width=\u00bb1\/2&#8243;][vc_column_text] S\u00edganos en nuestro canal de YouTube: [\/vc_column_text][vc_raw_html]PHNjcmlwdCBzcmM9Imh0dHBzOi8vYXBpcy5nb29nbGUuY29tL2pzL3BsYXRmb3JtLmpzIj48L3NjcmlwdD4KPGRpdiBjbGFzcz0iZy15dHN1YnNjcmliZSIgZGF0YS1jaGFubmVsaWQ9IlVDc19TUkNxWkY2Mlp4V0lkQkx0VVdHUSIgZGF0YS1sYXlvdXQ9ImZ1bGwiIGRhdGEtY291bnQ9ImRlZmF1bHQiPjwvZGl2Pg==[\/vc_raw_html][\/vc_column][\/vc_row]<\/p>\n","protected":false},"author":1,"featured_media":0,"parent":0,"menu_order":0,"comment_status":"closed","ping_status":"closed","template":"","meta":{"_acf_changed":false,"footnotes":""},"class_list":["post-6277","page","type-page","status-publish","hentry"],"acf":[],"yoast_head":"<!-- This site is optimized with the Yoast SEO plugin v27.5 - https:\/\/yoast.com\/product\/yoast-seo-wordpress\/ -->\n<title>\u00c1rea de prensa - Sistem Costruzioni<\/title>\n<meta name=\"description\" content=\"Aqu\u00ed puede descargar nuestros archivos de prensa y los v\u00eddeos relacionados con Sistem Costruzioni, para mayores detalles visite tambi\u00e9n nuestros canales sociales.\" \/>\n<meta name=\"robots\" content=\"index, follow, max-snippet:-1, max-image-preview:large, max-video-preview:-1\" \/>\n<link rel=\"canonical\" href=\"https:\/\/www.sistem.it\/es\/area-de-prensa\/\" \/>\n<meta property=\"og:locale\" content=\"es_ES\" \/>\n<meta property=\"og:type\" content=\"article\" \/>\n<meta property=\"og:title\" content=\"\u00c1rea de prensa - Sistem Costruzioni\" \/>\n<meta property=\"og:description\" content=\"Aqu\u00ed puede descargar nuestros archivos de prensa y los v\u00eddeos relacionados con Sistem Costruzioni, para mayores detalles visite tambi\u00e9n nuestros canales sociales.\" \/>\n<meta property=\"og:url\" content=\"https:\/\/www.sistem.it\/es\/area-de-prensa\/\" \/>\n<meta property=\"og:site_name\" content=\"Sistem Costruzioni\" \/>\n<meta property=\"article:modified_time\" content=\"2019-05-31T20:56:53+00:00\" \/>\n<meta name=\"twitter:card\" content=\"summary_large_image\" \/>\n<meta name=\"twitter:label1\" content=\"Tiempo de lectura\" \/>\n\t<meta name=\"twitter:data1\" content=\"1 minuto\" \/>\n<script type=\"application\/ld+json\" class=\"yoast-schema-graph\">{\"@context\":\"https:\\\/\\\/schema.org\",\"@graph\":[{\"@type\":\"WebPage\",\"@id\":\"https:\\\/\\\/www.sistem.it\\\/es\\\/area-de-prensa\\\/\",\"url\":\"https:\\\/\\\/www.sistem.it\\\/es\\\/area-de-prensa\\\/\",\"name\":\"\u00c1rea de prensa - Sistem Costruzioni\",\"isPartOf\":{\"@id\":\"https:\\\/\\\/www.sistem.it\\\/es\\\/#website\"},\"datePublished\":\"2019-05-31T20:56:49+00:00\",\"dateModified\":\"2019-05-31T20:56:53+00:00\",\"description\":\"Aqu\u00ed puede descargar nuestros archivos de prensa y los v\u00eddeos relacionados con Sistem Costruzioni, para mayores detalles visite tambi\u00e9n nuestros canales sociales.\",\"breadcrumb\":{\"@id\":\"https:\\\/\\\/www.sistem.it\\\/es\\\/area-de-prensa\\\/#breadcrumb\"},\"inLanguage\":\"es\",\"potentialAction\":[{\"@type\":\"ReadAction\",\"target\":[\"https:\\\/\\\/www.sistem.it\\\/es\\\/area-de-prensa\\\/\"]}]},{\"@type\":\"BreadcrumbList\",\"@id\":\"https:\\\/\\\/www.sistem.it\\\/es\\\/area-de-prensa\\\/#breadcrumb\",\"itemListElement\":[{\"@type\":\"ListItem\",\"position\":1,\"name\":\"Home\",\"item\":\"https:\\\/\\\/www.sistem.it\\\/es\\\/\"},{\"@type\":\"ListItem\",\"position\":2,\"name\":\"\u00c1rea de prensa\"}]},{\"@type\":\"WebSite\",\"@id\":\"https:\\\/\\\/www.sistem.it\\\/es\\\/#website\",\"url\":\"https:\\\/\\\/www.sistem.it\\\/es\\\/\",\"name\":\"Sistem Costruzioni\",\"description\":\"L&#039;arte italiana del legno\",\"publisher\":{\"@id\":\"https:\\\/\\\/www.sistem.it\\\/es\\\/#organization\"},\"potentialAction\":[{\"@type\":\"SearchAction\",\"target\":{\"@type\":\"EntryPoint\",\"urlTemplate\":\"https:\\\/\\\/www.sistem.it\\\/es\\\/?s={search_term_string}\"},\"query-input\":{\"@type\":\"PropertyValueSpecification\",\"valueRequired\":true,\"valueName\":\"search_term_string\"}}],\"inLanguage\":\"es\"},{\"@type\":\"Organization\",\"@id\":\"https:\\\/\\\/www.sistem.it\\\/es\\\/#organization\",\"name\":\"Sistem Costruzioni S.r.l.\",\"url\":\"https:\\\/\\\/www.sistem.it\\\/es\\\/\",\"logo\":{\"@type\":\"ImageObject\",\"inLanguage\":\"es\",\"@id\":\"https:\\\/\\\/www.sistem.it\\\/es\\\/#\\\/schema\\\/logo\\\/image\\\/\",\"url\":\"https:\\\/\\\/www.sistem.it\\\/wp-content\\\/uploads\\\/2016\\\/03\\\/logo-sistem.png\",\"contentUrl\":\"https:\\\/\\\/www.sistem.it\\\/wp-content\\\/uploads\\\/2016\\\/03\\\/logo-sistem.png\",\"width\":461,\"height\":163,\"caption\":\"Sistem Costruzioni S.r.l.\"},\"image\":{\"@id\":\"https:\\\/\\\/www.sistem.it\\\/es\\\/#\\\/schema\\\/logo\\\/image\\\/\"}}]}<\/script>\n<!-- \/ Yoast SEO plugin. -->","yoast_head_json":{"title":"\u00c1rea de prensa - Sistem Costruzioni","description":"Aqu\u00ed puede descargar nuestros archivos de prensa y los v\u00eddeos relacionados con Sistem Costruzioni, para mayores detalles visite tambi\u00e9n nuestros canales sociales.","robots":{"index":"index","follow":"follow","max-snippet":"max-snippet:-1","max-image-preview":"max-image-preview:large","max-video-preview":"max-video-preview:-1"},"canonical":"https:\/\/www.sistem.it\/es\/area-de-prensa\/","og_locale":"es_ES","og_type":"article","og_title":"\u00c1rea de prensa - Sistem Costruzioni","og_description":"Aqu\u00ed puede descargar nuestros archivos de prensa y los v\u00eddeos relacionados con Sistem Costruzioni, para mayores detalles visite tambi\u00e9n nuestros canales sociales.","og_url":"https:\/\/www.sistem.it\/es\/area-de-prensa\/","og_site_name":"Sistem Costruzioni","article_modified_time":"2019-05-31T20:56:53+00:00","twitter_card":"summary_large_image","twitter_misc":{"Tiempo de lectura":"1 minuto"},"schema":{"@context":"https:\/\/schema.org","@graph":[{"@type":"WebPage","@id":"https:\/\/www.sistem.it\/es\/area-de-prensa\/","url":"https:\/\/www.sistem.it\/es\/area-de-prensa\/","name":"\u00c1rea de prensa - Sistem Costruzioni","isPartOf":{"@id":"https:\/\/www.sistem.it\/es\/#website"},"datePublished":"2019-05-31T20:56:49+00:00","dateModified":"2019-05-31T20:56:53+00:00","description":"Aqu\u00ed puede descargar nuestros archivos de prensa y los v\u00eddeos relacionados con Sistem Costruzioni, para mayores detalles visite tambi\u00e9n nuestros canales sociales.","breadcrumb":{"@id":"https:\/\/www.sistem.it\/es\/area-de-prensa\/#breadcrumb"},"inLanguage":"es","potentialAction":[{"@type":"ReadAction","target":["https:\/\/www.sistem.it\/es\/area-de-prensa\/"]}]},{"@type":"BreadcrumbList","@id":"https:\/\/www.sistem.it\/es\/area-de-prensa\/#breadcrumb","itemListElement":[{"@type":"ListItem","position":1,"name":"Home","item":"https:\/\/www.sistem.it\/es\/"},{"@type":"ListItem","position":2,"name":"\u00c1rea de prensa"}]},{"@type":"WebSite","@id":"https:\/\/www.sistem.it\/es\/#website","url":"https:\/\/www.sistem.it\/es\/","name":"Sistem Costruzioni","description":"L&#039;arte italiana del legno","publisher":{"@id":"https:\/\/www.sistem.it\/es\/#organization"},"potentialAction":[{"@type":"SearchAction","target":{"@type":"EntryPoint","urlTemplate":"https:\/\/www.sistem.it\/es\/?s={search_term_string}"},"query-input":{"@type":"PropertyValueSpecification","valueRequired":true,"valueName":"search_term_string"}}],"inLanguage":"es"},{"@type":"Organization","@id":"https:\/\/www.sistem.it\/es\/#organization","name":"Sistem Costruzioni S.r.l.","url":"https:\/\/www.sistem.it\/es\/","logo":{"@type":"ImageObject","inLanguage":"es","@id":"https:\/\/www.sistem.it\/es\/#\/schema\/logo\/image\/","url":"https:\/\/www.sistem.it\/wp-content\/uploads\/2016\/03\/logo-sistem.png","contentUrl":"https:\/\/www.sistem.it\/wp-content\/uploads\/2016\/03\/logo-sistem.png","width":461,"height":163,"caption":"Sistem Costruzioni S.r.l."},"image":{"@id":"https:\/\/www.sistem.it\/es\/#\/schema\/logo\/image\/"}}]}},"_links":{"self":[{"href":"https:\/\/www.sistem.it\/es\/wp-json\/wp\/v2\/pages\/6277","targetHints":{"allow":["GET"]}}],"collection":[{"href":"https:\/\/www.sistem.it\/es\/wp-json\/wp\/v2\/pages"}],"about":[{"href":"https:\/\/www.sistem.it\/es\/wp-json\/wp\/v2\/types\/page"}],"author":[{"embeddable":true,"href":"https:\/\/www.sistem.it\/es\/wp-json\/wp\/v2\/users\/1"}],"replies":[{"embeddable":true,"href":"https:\/\/www.sistem.it\/es\/wp-json\/wp\/v2\/comments?post=6277"}],"version-history":[{"count":1,"href":"https:\/\/www.sistem.it\/es\/wp-json\/wp\/v2\/pages\/6277\/revisions"}],"predecessor-version":[{"id":6278,"href":"https:\/\/www.sistem.it\/es\/wp-json\/wp\/v2\/pages\/6277\/revisions\/6278"}],"wp:attachment":[{"href":"https:\/\/www.sistem.it\/es\/wp-json\/wp\/v2\/media?parent=6277"}],"curies":[{"name":"wp","href":"https:\/\/api.w.org\/{rel}","templated":true}]}}