{"id":6269,"date":"2016-07-01T17:35:29","date_gmt":"2016-07-01T15:35:29","guid":{"rendered":"https:\/\/www.sistem.it\/empresa\/socios-principales\/ferrari\/"},"modified":"2019-05-31T22:56:18","modified_gmt":"2019-05-31T20:56:18","slug":"ferrari","status":"publish","type":"page","link":"https:\/\/www.sistem.it\/es\/empresa\/socios-principales\/ferrari\/","title":{"rendered":"Ferrari"},"content":{"rendered":"<div class=\"wpb-content-wrapper\"><p>[vc_row][vc_column]<div class=\"project-header project-header main-partners\"><h1>Ferrari S.p.a.<\/h1><h2 class=\"green\">Progetti e opere per un partner di eccellenza<\/h2><\/div>[vc_column_text]Para Ferrari Spa hemos realizado obras estructurales como las<strong> coberturas<\/strong> del Circuito de Fiorano Modenese, del restaurante de la empresa \u201cIl Podio\u201d, del \u00e1rea de estacionamiento de la planta de producci\u00f3n y del gimnasio de los pilotos; los <strong>25.000 metros cuadrados <\/strong>del <strong>Maranello Village<\/strong>, el arco de entrada del<strong> Aut\u00f3dromo del Mugello<\/strong> y las instalaciones para los 60 a\u00f1os de actividad, as\u00ed como la <strong>reestructuraci\u00f3n de <\/strong>la Tienda Insignia de Maranello y del edificio de I+&amp;D.[\/vc_column_text][\/vc_column][\/vc_row][vc_row full_width=\u00bbstretch_row\u00bb css=\u00bb.vc_custom_1467390864574{padding-bottom: 2em !important;background-color: #86b4dc !important;}\u00bb][vc_column]<div class=\" row \"><\/div>[\/vc_column][\/vc_row]<\/p>\n<\/div>","protected":false},"excerpt":{"rendered":"<p>[vc_row][vc_column][vc_column_text]Para Ferrari Spa hemos realizado obras estructurales como las coberturas del Circuito de Fiorano Modenese, del restaurante de la empresa \u201cIl Podio\u201d, del \u00e1rea de estacionamiento de la planta de producci\u00f3n y del gimnasio de los pilotos; los 25.000 metros cuadrados del Maranello Village, el arco de entrada del Aut\u00f3dromo del Mugello y las instalaciones [&hellip;]<\/p>\n","protected":false},"author":1,"featured_media":953,"parent":6226,"menu_order":0,"comment_status":"closed","ping_status":"closed","template":"","meta":{"_acf_changed":false,"footnotes":""},"class_list":["post-6269","page","type-page","status-publish","has-post-thumbnail","hentry"],"acf":[],"yoast_head":"<!-- This site is optimized with the Yoast SEO plugin v27.4 - https:\/\/yoast.com\/product\/yoast-seo-wordpress\/ -->\n<title>Ferrari - Sistem Costruzioni<\/title>\n<meta name=\"description\" content=\"Ferrari - Sistem Costruzioni - Case in legno, edifici e grandi opere: L&#039;arte Italiana del Legno - The Italian art of timber\" \/>\n<meta name=\"robots\" content=\"index, follow, max-snippet:-1, max-image-preview:large, max-video-preview:-1\" \/>\n<link rel=\"canonical\" href=\"https:\/\/www.sistem.it\/es\/empresa\/socios-principales\/ferrari\/\" \/>\n<meta property=\"og:locale\" content=\"es_ES\" \/>\n<meta property=\"og:type\" content=\"article\" \/>\n<meta property=\"og:title\" content=\"Ferrari - Sistem Costruzioni\" \/>\n<meta property=\"og:description\" content=\"Ferrari - Sistem Costruzioni - Case in legno, edifici e grandi opere: L&#039;arte Italiana del Legno - The Italian art of timber\" \/>\n<meta property=\"og:url\" content=\"https:\/\/www.sistem.it\/es\/empresa\/socios-principales\/ferrari\/\" \/>\n<meta property=\"og:site_name\" content=\"Sistem Costruzioni\" \/>\n<meta property=\"article:modified_time\" content=\"2019-05-31T20:56:18+00:00\" \/>\n<meta property=\"og:image\" content=\"https:\/\/www.sistem.it\/wp-content\/uploads\/2016\/06\/Ferrari-Ingresso-Autododromo-Mugello-Sistem-3.jpg\" \/>\n\t<meta property=\"og:image:width\" content=\"768\" \/>\n\t<meta property=\"og:image:height\" content=\"1024\" \/>\n\t<meta property=\"og:image:type\" content=\"image\/jpeg\" \/>\n<meta name=\"twitter:card\" content=\"summary_large_image\" \/>\n<meta name=\"twitter:label1\" content=\"Tiempo de lectura\" \/>\n\t<meta name=\"twitter:data1\" content=\"1 minuto\" \/>\n<script type=\"application\/ld+json\" class=\"yoast-schema-graph\">{\"@context\":\"https:\\\/\\\/schema.org\",\"@graph\":[{\"@type\":\"WebPage\",\"@id\":\"https:\\\/\\\/www.sistem.it\\\/es\\\/empresa\\\/socios-principales\\\/ferrari\\\/\",\"url\":\"https:\\\/\\\/www.sistem.it\\\/es\\\/empresa\\\/socios-principales\\\/ferrari\\\/\",\"name\":\"Ferrari - Sistem Costruzioni\",\"isPartOf\":{\"@id\":\"https:\\\/\\\/www.sistem.it\\\/es\\\/#website\"},\"primaryImageOfPage\":{\"@id\":\"https:\\\/\\\/www.sistem.it\\\/es\\\/empresa\\\/socios-principales\\\/ferrari\\\/#primaryimage\"},\"image\":{\"@id\":\"https:\\\/\\\/www.sistem.it\\\/es\\\/empresa\\\/socios-principales\\\/ferrari\\\/#primaryimage\"},\"thumbnailUrl\":\"https:\\\/\\\/www.sistem.it\\\/wp-content\\\/uploads\\\/2016\\\/06\\\/Ferrari-Ingresso-Autododromo-Mugello-Sistem-3.jpg\",\"datePublished\":\"2016-07-01T15:35:29+00:00\",\"dateModified\":\"2019-05-31T20:56:18+00:00\",\"description\":\"Ferrari - Sistem Costruzioni - Case in legno, edifici e grandi opere: L'arte Italiana del Legno - The Italian art of timber\",\"breadcrumb\":{\"@id\":\"https:\\\/\\\/www.sistem.it\\\/es\\\/empresa\\\/socios-principales\\\/ferrari\\\/#breadcrumb\"},\"inLanguage\":\"es\",\"potentialAction\":[{\"@type\":\"ReadAction\",\"target\":[\"https:\\\/\\\/www.sistem.it\\\/es\\\/empresa\\\/socios-principales\\\/ferrari\\\/\"]}]},{\"@type\":\"ImageObject\",\"inLanguage\":\"es\",\"@id\":\"https:\\\/\\\/www.sistem.it\\\/es\\\/empresa\\\/socios-principales\\\/ferrari\\\/#primaryimage\",\"url\":\"https:\\\/\\\/www.sistem.it\\\/wp-content\\\/uploads\\\/2016\\\/06\\\/Ferrari-Ingresso-Autododromo-Mugello-Sistem-3.jpg\",\"contentUrl\":\"https:\\\/\\\/www.sistem.it\\\/wp-content\\\/uploads\\\/2016\\\/06\\\/Ferrari-Ingresso-Autododromo-Mugello-Sistem-3.jpg\",\"width\":768,\"height\":1024},{\"@type\":\"BreadcrumbList\",\"@id\":\"https:\\\/\\\/www.sistem.it\\\/es\\\/empresa\\\/socios-principales\\\/ferrari\\\/#breadcrumb\",\"itemListElement\":[{\"@type\":\"ListItem\",\"position\":1,\"name\":\"Home\",\"item\":\"https:\\\/\\\/www.sistem.it\\\/es\\\/\"},{\"@type\":\"ListItem\",\"position\":2,\"name\":\"Empresa\",\"item\":\"https:\\\/\\\/www.sistem.it\\\/es\\\/empresa\\\/\"},{\"@type\":\"ListItem\",\"position\":3,\"name\":\"Socios principales\",\"item\":\"https:\\\/\\\/www.sistem.it\\\/es\\\/empresa\\\/socios-principales\\\/\"},{\"@type\":\"ListItem\",\"position\":4,\"name\":\"Ferrari\"}]},{\"@type\":\"WebSite\",\"@id\":\"https:\\\/\\\/www.sistem.it\\\/es\\\/#website\",\"url\":\"https:\\\/\\\/www.sistem.it\\\/es\\\/\",\"name\":\"Sistem Costruzioni\",\"description\":\"L&#039;arte italiana del legno\",\"publisher\":{\"@id\":\"https:\\\/\\\/www.sistem.it\\\/es\\\/#organization\"},\"potentialAction\":[{\"@type\":\"SearchAction\",\"target\":{\"@type\":\"EntryPoint\",\"urlTemplate\":\"https:\\\/\\\/www.sistem.it\\\/es\\\/?s={search_term_string}\"},\"query-input\":{\"@type\":\"PropertyValueSpecification\",\"valueRequired\":true,\"valueName\":\"search_term_string\"}}],\"inLanguage\":\"es\"},{\"@type\":\"Organization\",\"@id\":\"https:\\\/\\\/www.sistem.it\\\/es\\\/#organization\",\"name\":\"Sistem Costruzioni S.r.l.\",\"url\":\"https:\\\/\\\/www.sistem.it\\\/es\\\/\",\"logo\":{\"@type\":\"ImageObject\",\"inLanguage\":\"es\",\"@id\":\"https:\\\/\\\/www.sistem.it\\\/es\\\/#\\\/schema\\\/logo\\\/image\\\/\",\"url\":\"https:\\\/\\\/www.sistem.it\\\/wp-content\\\/uploads\\\/2016\\\/03\\\/logo-sistem.png\",\"contentUrl\":\"https:\\\/\\\/www.sistem.it\\\/wp-content\\\/uploads\\\/2016\\\/03\\\/logo-sistem.png\",\"width\":461,\"height\":163,\"caption\":\"Sistem Costruzioni S.r.l.\"},\"image\":{\"@id\":\"https:\\\/\\\/www.sistem.it\\\/es\\\/#\\\/schema\\\/logo\\\/image\\\/\"}}]}<\/script>\n<!-- \/ Yoast SEO plugin. -->","yoast_head_json":{"title":"Ferrari - Sistem Costruzioni","description":"Ferrari - Sistem Costruzioni - Case in legno, edifici e grandi opere: L'arte Italiana del Legno - The Italian art of timber","robots":{"index":"index","follow":"follow","max-snippet":"max-snippet:-1","max-image-preview":"max-image-preview:large","max-video-preview":"max-video-preview:-1"},"canonical":"https:\/\/www.sistem.it\/es\/empresa\/socios-principales\/ferrari\/","og_locale":"es_ES","og_type":"article","og_title":"Ferrari - Sistem Costruzioni","og_description":"Ferrari - Sistem Costruzioni - Case in legno, edifici e grandi opere: L'arte Italiana del Legno - The Italian art of timber","og_url":"https:\/\/www.sistem.it\/es\/empresa\/socios-principales\/ferrari\/","og_site_name":"Sistem Costruzioni","article_modified_time":"2019-05-31T20:56:18+00:00","og_image":[{"width":768,"height":1024,"url":"https:\/\/www.sistem.it\/wp-content\/uploads\/2016\/06\/Ferrari-Ingresso-Autododromo-Mugello-Sistem-3.jpg","type":"image\/jpeg"}],"twitter_card":"summary_large_image","twitter_misc":{"Tiempo de lectura":"1 minuto"},"schema":{"@context":"https:\/\/schema.org","@graph":[{"@type":"WebPage","@id":"https:\/\/www.sistem.it\/es\/empresa\/socios-principales\/ferrari\/","url":"https:\/\/www.sistem.it\/es\/empresa\/socios-principales\/ferrari\/","name":"Ferrari - Sistem Costruzioni","isPartOf":{"@id":"https:\/\/www.sistem.it\/es\/#website"},"primaryImageOfPage":{"@id":"https:\/\/www.sistem.it\/es\/empresa\/socios-principales\/ferrari\/#primaryimage"},"image":{"@id":"https:\/\/www.sistem.it\/es\/empresa\/socios-principales\/ferrari\/#primaryimage"},"thumbnailUrl":"https:\/\/www.sistem.it\/wp-content\/uploads\/2016\/06\/Ferrari-Ingresso-Autododromo-Mugello-Sistem-3.jpg","datePublished":"2016-07-01T15:35:29+00:00","dateModified":"2019-05-31T20:56:18+00:00","description":"Ferrari - Sistem Costruzioni - Case in legno, edifici e grandi opere: L'arte Italiana del Legno - The Italian art of timber","breadcrumb":{"@id":"https:\/\/www.sistem.it\/es\/empresa\/socios-principales\/ferrari\/#breadcrumb"},"inLanguage":"es","potentialAction":[{"@type":"ReadAction","target":["https:\/\/www.sistem.it\/es\/empresa\/socios-principales\/ferrari\/"]}]},{"@type":"ImageObject","inLanguage":"es","@id":"https:\/\/www.sistem.it\/es\/empresa\/socios-principales\/ferrari\/#primaryimage","url":"https:\/\/www.sistem.it\/wp-content\/uploads\/2016\/06\/Ferrari-Ingresso-Autododromo-Mugello-Sistem-3.jpg","contentUrl":"https:\/\/www.sistem.it\/wp-content\/uploads\/2016\/06\/Ferrari-Ingresso-Autododromo-Mugello-Sistem-3.jpg","width":768,"height":1024},{"@type":"BreadcrumbList","@id":"https:\/\/www.sistem.it\/es\/empresa\/socios-principales\/ferrari\/#breadcrumb","itemListElement":[{"@type":"ListItem","position":1,"name":"Home","item":"https:\/\/www.sistem.it\/es\/"},{"@type":"ListItem","position":2,"name":"Empresa","item":"https:\/\/www.sistem.it\/es\/empresa\/"},{"@type":"ListItem","position":3,"name":"Socios principales","item":"https:\/\/www.sistem.it\/es\/empresa\/socios-principales\/"},{"@type":"ListItem","position":4,"name":"Ferrari"}]},{"@type":"WebSite","@id":"https:\/\/www.sistem.it\/es\/#website","url":"https:\/\/www.sistem.it\/es\/","name":"Sistem Costruzioni","description":"L&#039;arte italiana del legno","publisher":{"@id":"https:\/\/www.sistem.it\/es\/#organization"},"potentialAction":[{"@type":"SearchAction","target":{"@type":"EntryPoint","urlTemplate":"https:\/\/www.sistem.it\/es\/?s={search_term_string}"},"query-input":{"@type":"PropertyValueSpecification","valueRequired":true,"valueName":"search_term_string"}}],"inLanguage":"es"},{"@type":"Organization","@id":"https:\/\/www.sistem.it\/es\/#organization","name":"Sistem Costruzioni S.r.l.","url":"https:\/\/www.sistem.it\/es\/","logo":{"@type":"ImageObject","inLanguage":"es","@id":"https:\/\/www.sistem.it\/es\/#\/schema\/logo\/image\/","url":"https:\/\/www.sistem.it\/wp-content\/uploads\/2016\/03\/logo-sistem.png","contentUrl":"https:\/\/www.sistem.it\/wp-content\/uploads\/2016\/03\/logo-sistem.png","width":461,"height":163,"caption":"Sistem Costruzioni S.r.l."},"image":{"@id":"https:\/\/www.sistem.it\/es\/#\/schema\/logo\/image\/"}}]}},"_links":{"self":[{"href":"https:\/\/www.sistem.it\/es\/wp-json\/wp\/v2\/pages\/6269","targetHints":{"allow":["GET"]}}],"collection":[{"href":"https:\/\/www.sistem.it\/es\/wp-json\/wp\/v2\/pages"}],"about":[{"href":"https:\/\/www.sistem.it\/es\/wp-json\/wp\/v2\/types\/page"}],"author":[{"embeddable":true,"href":"https:\/\/www.sistem.it\/es\/wp-json\/wp\/v2\/users\/1"}],"replies":[{"embeddable":true,"href":"https:\/\/www.sistem.it\/es\/wp-json\/wp\/v2\/comments?post=6269"}],"version-history":[{"count":1,"href":"https:\/\/www.sistem.it\/es\/wp-json\/wp\/v2\/pages\/6269\/revisions"}],"predecessor-version":[{"id":6270,"href":"https:\/\/www.sistem.it\/es\/wp-json\/wp\/v2\/pages\/6269\/revisions\/6270"}],"up":[{"embeddable":true,"href":"https:\/\/www.sistem.it\/es\/wp-json\/wp\/v2\/pages\/6226"}],"wp:featuredmedia":[{"embeddable":true,"href":"https:\/\/www.sistem.it\/es\/wp-json\/wp\/v2\/media\/953"}],"wp:attachment":[{"href":"https:\/\/www.sistem.it\/es\/wp-json\/wp\/v2\/media?parent=6269"}],"curies":[{"name":"wp","href":"https:\/\/api.w.org\/{rel}","templated":true}]}}