{"id":6266,"date":"2016-07-01T12:03:08","date_gmt":"2016-07-01T10:03:08","guid":{"rendered":"https:\/\/www.sistem.it\/empresa\/sedes\/"},"modified":"2022-11-16T12:04:31","modified_gmt":"2022-11-16T11:04:31","slug":"sedes","status":"publish","type":"page","link":"https:\/\/www.sistem.it\/es\/empresa\/sedes\/","title":{"rendered":"Sedes"},"content":{"rendered":"<div class=\"wpb-content-wrapper\"><p>[vc_row full_width=\u00bbstretch_row\u00bb][vc_column]<div class=\"project-header sistem\"><h1>Le Sedi<\/h1><h2 class=\"green\">Centri di innovazione<\/h2><\/div>[vc_column_text]Sistem Costruzioni dise\u00f1a <strong>edificios <\/strong>y <strong>casas de madera <\/strong>en sus dos sedes de <strong>Solignano di Castelvetro, en la provincia de M\u00f3dena<\/strong>, y en<strong> La Habana<\/strong>, <strong>en Cuba.<\/strong><\/p>\n<h3>La sede hist\u00f3rica<\/h3>\n<p>El equipo de la empresa est\u00e1 convencido de que <strong>una empresa industrial moderna debe ser una realidad que vive en su territorio<\/strong>, recibiendo los beneficios y <strong>devolvi\u00e9ndolos contribuyendo al desarrollo social <\/strong>as\u00ed como a la <strong>sostenibilidad medioambiental<\/strong>.<\/p>\n<p>Por esta raz\u00f3n, la <strong>sede hist\u00f3rica de Solignano di Castelvetro<\/strong>, en Emilia-Roma\u00f1a, tiene un valor fundamental para Sistem Costruzioni: aqu\u00ed se percibe la pasi\u00f3n por la madera a 360 grados, desde el dise\u00f1o y la producci\u00f3n hasta los detalles capaces de narrar al cliente las infinitas posibilidades de personalizaci\u00f3n de su propia realizaci\u00f3n en madera.<\/p>\n<p>Desde 2014, en la planta de producci\u00f3n, existe una innovadora l\u00ednea dedicada al <strong>corte de paneles de madera maciza para la construcci\u00f3n de edificios y casas de madera con sistema XLam. <\/strong>[\/vc_column_text][vc_media_grid element_width=\u00bb3&#8243; initial_loading_animation=\u00bbnone\u00bb grid_id=\u00bbvc_gid:1606924695921-b7d067cb-f2eb-4&#8243; include=\u00bb854,857,860,863&#8243;][vc_column_text]<\/p>\n<h3>La sucursal en La Habana<\/h3>\n<p>A trav\u00e9s de su sucursal en La Habana, Cuba, fundada en 2010, Sistem Costruzioni sigue las fases de <strong>dise\u00f1o y construcci\u00f3n de edificios de madera en Am\u00e9rica Central y otros mercados estrat\u00e9gicos.<\/strong>[\/vc_column_text][\/vc_column][\/vc_row][vc_row][vc_column offset=\u00bbvc_col-lg-offset-3 vc_col-md-offset-3&#8243;][vc_media_grid element_width=\u00bb3&#8243; initial_loading_animation=\u00bbnone\u00bb grid_id=\u00bbvc_gid:1606924695929-d1be0afd-3925-8&#8243; include=\u00bb12142,12145,12148,12151,12154&#8243;][\/vc_column][\/vc_row]<\/p>\n<\/div>","protected":false},"excerpt":{"rendered":"<p>[vc_row full_width=\u00bbstretch_row\u00bb][vc_column][vc_column_text]Sistem Costruzioni dise\u00f1a edificios y casas de madera en sus dos sedes de Solignano di Castelvetro, en la provincia de M\u00f3dena, y en La Habana, en Cuba. La sede hist\u00f3rica El equipo de la empresa est\u00e1 convencido de que una empresa industrial moderna debe ser una realidad que vive en su territorio, recibiendo los [&hellip;]<\/p>\n","protected":false},"author":1,"featured_media":0,"parent":6202,"menu_order":0,"comment_status":"closed","ping_status":"closed","template":"","meta":{"_acf_changed":false,"footnotes":""},"class_list":["post-6266","page","type-page","status-publish","hentry"],"acf":[],"yoast_head":"<!-- This site is optimized with the Yoast SEO plugin v27.3 - https:\/\/yoast.com\/product\/yoast-seo-wordpress\/ -->\n<title>Sedes - Sistem Costruzioni<\/title>\n<meta name=\"description\" content=\"Sedes - Sistem Costruzioni - Case in legno, edifici e grandi opere: L&#039;arte Italiana del Legno - The Italian art of timber\" \/>\n<meta name=\"robots\" content=\"index, follow, max-snippet:-1, max-image-preview:large, max-video-preview:-1\" \/>\n<link rel=\"canonical\" href=\"https:\/\/www.sistem.it\/es\/empresa\/sedes\/\" \/>\n<meta property=\"og:locale\" content=\"es_ES\" \/>\n<meta property=\"og:type\" content=\"article\" \/>\n<meta property=\"og:title\" content=\"Sedes - Sistem Costruzioni\" \/>\n<meta property=\"og:description\" content=\"Sedes - Sistem Costruzioni - Case in legno, edifici e grandi opere: L&#039;arte Italiana del Legno - The Italian art of timber\" \/>\n<meta property=\"og:url\" content=\"https:\/\/www.sistem.it\/es\/empresa\/sedes\/\" \/>\n<meta property=\"og:site_name\" content=\"Sistem Costruzioni\" \/>\n<meta property=\"article:modified_time\" content=\"2022-11-16T11:04:31+00:00\" \/>\n<meta name=\"twitter:card\" content=\"summary_large_image\" \/>\n<meta name=\"twitter:label1\" content=\"Tiempo de lectura\" \/>\n\t<meta name=\"twitter:data1\" content=\"1 minuto\" \/>\n<script type=\"application\/ld+json\" class=\"yoast-schema-graph\">{\"@context\":\"https:\\\/\\\/schema.org\",\"@graph\":[{\"@type\":\"WebPage\",\"@id\":\"https:\\\/\\\/www.sistem.it\\\/es\\\/empresa\\\/sedes\\\/\",\"url\":\"https:\\\/\\\/www.sistem.it\\\/es\\\/empresa\\\/sedes\\\/\",\"name\":\"Sedes - Sistem Costruzioni\",\"isPartOf\":{\"@id\":\"https:\\\/\\\/www.sistem.it\\\/es\\\/#website\"},\"datePublished\":\"2016-07-01T10:03:08+00:00\",\"dateModified\":\"2022-11-16T11:04:31+00:00\",\"description\":\"Sedes - Sistem Costruzioni - Case in legno, edifici e grandi opere: L'arte Italiana del Legno - The Italian art of timber\",\"breadcrumb\":{\"@id\":\"https:\\\/\\\/www.sistem.it\\\/es\\\/empresa\\\/sedes\\\/#breadcrumb\"},\"inLanguage\":\"es\",\"potentialAction\":[{\"@type\":\"ReadAction\",\"target\":[\"https:\\\/\\\/www.sistem.it\\\/es\\\/empresa\\\/sedes\\\/\"]}]},{\"@type\":\"BreadcrumbList\",\"@id\":\"https:\\\/\\\/www.sistem.it\\\/es\\\/empresa\\\/sedes\\\/#breadcrumb\",\"itemListElement\":[{\"@type\":\"ListItem\",\"position\":1,\"name\":\"Home\",\"item\":\"https:\\\/\\\/www.sistem.it\\\/es\\\/\"},{\"@type\":\"ListItem\",\"position\":2,\"name\":\"Empresa\",\"item\":\"https:\\\/\\\/www.sistem.it\\\/es\\\/empresa\\\/\"},{\"@type\":\"ListItem\",\"position\":3,\"name\":\"Sedes\"}]},{\"@type\":\"WebSite\",\"@id\":\"https:\\\/\\\/www.sistem.it\\\/es\\\/#website\",\"url\":\"https:\\\/\\\/www.sistem.it\\\/es\\\/\",\"name\":\"Sistem Costruzioni\",\"description\":\"L&#039;arte italiana del legno\",\"publisher\":{\"@id\":\"https:\\\/\\\/www.sistem.it\\\/es\\\/#organization\"},\"potentialAction\":[{\"@type\":\"SearchAction\",\"target\":{\"@type\":\"EntryPoint\",\"urlTemplate\":\"https:\\\/\\\/www.sistem.it\\\/es\\\/?s={search_term_string}\"},\"query-input\":{\"@type\":\"PropertyValueSpecification\",\"valueRequired\":true,\"valueName\":\"search_term_string\"}}],\"inLanguage\":\"es\"},{\"@type\":\"Organization\",\"@id\":\"https:\\\/\\\/www.sistem.it\\\/es\\\/#organization\",\"name\":\"Sistem Costruzioni S.r.l.\",\"url\":\"https:\\\/\\\/www.sistem.it\\\/es\\\/\",\"logo\":{\"@type\":\"ImageObject\",\"inLanguage\":\"es\",\"@id\":\"https:\\\/\\\/www.sistem.it\\\/es\\\/#\\\/schema\\\/logo\\\/image\\\/\",\"url\":\"https:\\\/\\\/www.sistem.it\\\/wp-content\\\/uploads\\\/2016\\\/03\\\/logo-sistem.png\",\"contentUrl\":\"https:\\\/\\\/www.sistem.it\\\/wp-content\\\/uploads\\\/2016\\\/03\\\/logo-sistem.png\",\"width\":461,\"height\":163,\"caption\":\"Sistem Costruzioni S.r.l.\"},\"image\":{\"@id\":\"https:\\\/\\\/www.sistem.it\\\/es\\\/#\\\/schema\\\/logo\\\/image\\\/\"}}]}<\/script>\n<!-- \/ Yoast SEO plugin. -->","yoast_head_json":{"title":"Sedes - Sistem Costruzioni","description":"Sedes - Sistem Costruzioni - Case in legno, edifici e grandi opere: L'arte Italiana del Legno - The Italian art of timber","robots":{"index":"index","follow":"follow","max-snippet":"max-snippet:-1","max-image-preview":"max-image-preview:large","max-video-preview":"max-video-preview:-1"},"canonical":"https:\/\/www.sistem.it\/es\/empresa\/sedes\/","og_locale":"es_ES","og_type":"article","og_title":"Sedes - Sistem Costruzioni","og_description":"Sedes - Sistem Costruzioni - Case in legno, edifici e grandi opere: L'arte Italiana del Legno - The Italian art of timber","og_url":"https:\/\/www.sistem.it\/es\/empresa\/sedes\/","og_site_name":"Sistem Costruzioni","article_modified_time":"2022-11-16T11:04:31+00:00","twitter_card":"summary_large_image","twitter_misc":{"Tiempo de lectura":"1 minuto"},"schema":{"@context":"https:\/\/schema.org","@graph":[{"@type":"WebPage","@id":"https:\/\/www.sistem.it\/es\/empresa\/sedes\/","url":"https:\/\/www.sistem.it\/es\/empresa\/sedes\/","name":"Sedes - Sistem Costruzioni","isPartOf":{"@id":"https:\/\/www.sistem.it\/es\/#website"},"datePublished":"2016-07-01T10:03:08+00:00","dateModified":"2022-11-16T11:04:31+00:00","description":"Sedes - Sistem Costruzioni - Case in legno, edifici e grandi opere: L'arte Italiana del Legno - The Italian art of timber","breadcrumb":{"@id":"https:\/\/www.sistem.it\/es\/empresa\/sedes\/#breadcrumb"},"inLanguage":"es","potentialAction":[{"@type":"ReadAction","target":["https:\/\/www.sistem.it\/es\/empresa\/sedes\/"]}]},{"@type":"BreadcrumbList","@id":"https:\/\/www.sistem.it\/es\/empresa\/sedes\/#breadcrumb","itemListElement":[{"@type":"ListItem","position":1,"name":"Home","item":"https:\/\/www.sistem.it\/es\/"},{"@type":"ListItem","position":2,"name":"Empresa","item":"https:\/\/www.sistem.it\/es\/empresa\/"},{"@type":"ListItem","position":3,"name":"Sedes"}]},{"@type":"WebSite","@id":"https:\/\/www.sistem.it\/es\/#website","url":"https:\/\/www.sistem.it\/es\/","name":"Sistem Costruzioni","description":"L&#039;arte italiana del legno","publisher":{"@id":"https:\/\/www.sistem.it\/es\/#organization"},"potentialAction":[{"@type":"SearchAction","target":{"@type":"EntryPoint","urlTemplate":"https:\/\/www.sistem.it\/es\/?s={search_term_string}"},"query-input":{"@type":"PropertyValueSpecification","valueRequired":true,"valueName":"search_term_string"}}],"inLanguage":"es"},{"@type":"Organization","@id":"https:\/\/www.sistem.it\/es\/#organization","name":"Sistem Costruzioni S.r.l.","url":"https:\/\/www.sistem.it\/es\/","logo":{"@type":"ImageObject","inLanguage":"es","@id":"https:\/\/www.sistem.it\/es\/#\/schema\/logo\/image\/","url":"https:\/\/www.sistem.it\/wp-content\/uploads\/2016\/03\/logo-sistem.png","contentUrl":"https:\/\/www.sistem.it\/wp-content\/uploads\/2016\/03\/logo-sistem.png","width":461,"height":163,"caption":"Sistem Costruzioni S.r.l."},"image":{"@id":"https:\/\/www.sistem.it\/es\/#\/schema\/logo\/image\/"}}]}},"_links":{"self":[{"href":"https:\/\/www.sistem.it\/es\/wp-json\/wp\/v2\/pages\/6266","targetHints":{"allow":["GET"]}}],"collection":[{"href":"https:\/\/www.sistem.it\/es\/wp-json\/wp\/v2\/pages"}],"about":[{"href":"https:\/\/www.sistem.it\/es\/wp-json\/wp\/v2\/types\/page"}],"author":[{"embeddable":true,"href":"https:\/\/www.sistem.it\/es\/wp-json\/wp\/v2\/users\/1"}],"replies":[{"embeddable":true,"href":"https:\/\/www.sistem.it\/es\/wp-json\/wp\/v2\/comments?post=6266"}],"version-history":[{"count":8,"href":"https:\/\/www.sistem.it\/es\/wp-json\/wp\/v2\/pages\/6266\/revisions"}],"predecessor-version":[{"id":25665,"href":"https:\/\/www.sistem.it\/es\/wp-json\/wp\/v2\/pages\/6266\/revisions\/25665"}],"up":[{"embeddable":true,"href":"https:\/\/www.sistem.it\/es\/wp-json\/wp\/v2\/pages\/6202"}],"wp:attachment":[{"href":"https:\/\/www.sistem.it\/es\/wp-json\/wp\/v2\/media?parent=6266"}],"curies":[{"name":"wp","href":"https:\/\/api.w.org\/{rel}","templated":true}]}}