{"id":6258,"date":"2019-05-31T22:55:07","date_gmt":"2019-05-31T20:55:07","guid":{"rendered":"https:\/\/www.sistem.it\/su-casa-a-su-medida\/la-casa-pasiva-de-madera\/"},"modified":"2019-05-31T22:55:08","modified_gmt":"2019-05-31T20:55:08","slug":"la-casa-pasiva-de-madera","status":"publish","type":"page","link":"https:\/\/www.sistem.it\/es\/su-casa-a-su-medida\/la-casa-pasiva-de-madera\/","title":{"rendered":"La casa pasiva de madera"},"content":{"rendered":"<div class=\"wpb-content-wrapper\"><p>[vc_row][vc_column]<div class=\"project-header project-header passiva\"><h1>La casa passiva in legno<\/h1><h2 class=\"green\">Sostenibilit\u00e0 e gestione migliorata<\/h2><\/div>[\/vc_column][\/vc_row][vc_row][vc_column width=\u00bb1\/2&#8243;][vc_column_text]La casa pasiva de Sistem Costruzioni es una casa de madera que combina aislamiento e inercia t\u00e9rmica con sistemas de ventilaci\u00f3n y recuperaci\u00f3n de calor.<\/p>\n<h3>Reducci\u00f3n de los costes de gesti\u00f3n<\/h3>\n<p>La casa pasiva, que garantiza <strong>un aislamiento t\u00e9rmico perfecto<\/strong> y una <strong>ventilaci\u00f3n mec\u00e1nica controlada<\/strong>, le permite <strong>reducir dr\u00e1sticamente los costes de gesti\u00f3n en comparaci\u00f3n con una casa tradicional, <\/strong>al tiempo que garantiza beneficios econ\u00f3micos y medioambientales.<\/p>\n<p>Todo esto se consigue mediante un cuidadoso dise\u00f1o del sistema de ventilaci\u00f3n, la estanqueidad del aire y la reducci\u00f3n de los puentes t\u00e9rmicos.<\/p>\n<blockquote><p>Con la publicaci\u00f3n en el Diario Oficial (DO) del Decreto Ley Italiano 63\/2013, Italia ha transpuesto oficialmente la Directiva 2010\/31\/UE. Esto significa que, para el 31 de diciembre de 2018, todos los edificios p\u00fablicos deber\u00e1n convertirse en EECN y que, para el 1 de enero de 2021, los edificios privados deber\u00e1n garantizar tambi\u00e9n un consumo de energ\u00eda casi nulo (EECN).<\/p><\/blockquote>\n<p>[\/vc_column_text][\/vc_column][vc_column width=\u00bb1\/2&#8243;][vc_single_image image=\u00bb1568&#8243; img_size=\u00bbfull\u00bb onclick=\u00bblink_image\u00bb][\/vc_column][\/vc_row]<\/p>\n<\/div>","protected":false},"excerpt":{"rendered":"<p>[vc_row][vc_column][\/vc_column][\/vc_row][vc_row][vc_column width=\u00bb1\/2&#8243;][vc_column_text]La casa pasiva de Sistem Costruzioni es una casa de madera que combina aislamiento e inercia t\u00e9rmica con sistemas de ventilaci\u00f3n y recuperaci\u00f3n de calor. Reducci\u00f3n de los costes de gesti\u00f3n La casa pasiva, que garantiza un aislamiento t\u00e9rmico perfecto y una ventilaci\u00f3n mec\u00e1nica controlada, le permite reducir dr\u00e1sticamente los costes de gesti\u00f3n en [&hellip;]<\/p>\n","protected":false},"author":1,"featured_media":1065,"parent":6204,"menu_order":0,"comment_status":"closed","ping_status":"closed","template":"","meta":{"_acf_changed":false,"footnotes":""},"class_list":["post-6258","page","type-page","status-publish","has-post-thumbnail","hentry"],"acf":[],"yoast_head":"<!-- This site is optimized with the Yoast SEO plugin v27.4 - https:\/\/yoast.com\/product\/yoast-seo-wordpress\/ -->\n<title>La casa pasiva de madera - Sistem Costruzioni<\/title>\n<meta name=\"description\" content=\"La casa pasiva de madera - Sistem Costruzioni - Case in legno, edifici e grandi opere: L&#039;arte Italiana del Legno - The Italian art of timber\" \/>\n<meta name=\"robots\" content=\"index, follow, max-snippet:-1, max-image-preview:large, max-video-preview:-1\" \/>\n<link rel=\"canonical\" href=\"https:\/\/www.sistem.it\/es\/su-casa-a-su-medida\/la-casa-pasiva-de-madera\/\" \/>\n<meta property=\"og:locale\" content=\"es_ES\" \/>\n<meta property=\"og:type\" content=\"article\" \/>\n<meta property=\"og:title\" content=\"La casa pasiva de madera - Sistem Costruzioni\" \/>\n<meta property=\"og:description\" content=\"La casa pasiva de madera - Sistem Costruzioni - Case in legno, edifici e grandi opere: L&#039;arte Italiana del Legno - The Italian art of timber\" \/>\n<meta property=\"og:url\" content=\"https:\/\/www.sistem.it\/es\/su-casa-a-su-medida\/la-casa-pasiva-de-madera\/\" \/>\n<meta property=\"og:site_name\" content=\"Sistem Costruzioni\" \/>\n<meta property=\"article:modified_time\" content=\"2019-05-31T20:55:08+00:00\" \/>\n<meta property=\"og:image\" content=\"https:\/\/www.sistem.it\/wp-content\/uploads\/2016\/06\/square-casa-passiva.png\" \/>\n\t<meta property=\"og:image:width\" content=\"400\" \/>\n\t<meta property=\"og:image:height\" content=\"400\" \/>\n\t<meta property=\"og:image:type\" content=\"image\/png\" \/>\n<meta name=\"twitter:card\" content=\"summary_large_image\" \/>\n<meta name=\"twitter:label1\" content=\"Tiempo de lectura\" \/>\n\t<meta name=\"twitter:data1\" content=\"1 minuto\" \/>\n<script type=\"application\/ld+json\" class=\"yoast-schema-graph\">{\"@context\":\"https:\\\/\\\/schema.org\",\"@graph\":[{\"@type\":\"WebPage\",\"@id\":\"https:\\\/\\\/www.sistem.it\\\/es\\\/su-casa-a-su-medida\\\/la-casa-pasiva-de-madera\\\/\",\"url\":\"https:\\\/\\\/www.sistem.it\\\/es\\\/su-casa-a-su-medida\\\/la-casa-pasiva-de-madera\\\/\",\"name\":\"La casa pasiva de madera - Sistem Costruzioni\",\"isPartOf\":{\"@id\":\"https:\\\/\\\/www.sistem.it\\\/es\\\/#website\"},\"primaryImageOfPage\":{\"@id\":\"https:\\\/\\\/www.sistem.it\\\/es\\\/su-casa-a-su-medida\\\/la-casa-pasiva-de-madera\\\/#primaryimage\"},\"image\":{\"@id\":\"https:\\\/\\\/www.sistem.it\\\/es\\\/su-casa-a-su-medida\\\/la-casa-pasiva-de-madera\\\/#primaryimage\"},\"thumbnailUrl\":\"https:\\\/\\\/www.sistem.it\\\/wp-content\\\/uploads\\\/2016\\\/06\\\/square-casa-passiva.png\",\"datePublished\":\"2019-05-31T20:55:07+00:00\",\"dateModified\":\"2019-05-31T20:55:08+00:00\",\"description\":\"La casa pasiva de madera - Sistem Costruzioni - Case in legno, edifici e grandi opere: L'arte Italiana del Legno - The Italian art of timber\",\"breadcrumb\":{\"@id\":\"https:\\\/\\\/www.sistem.it\\\/es\\\/su-casa-a-su-medida\\\/la-casa-pasiva-de-madera\\\/#breadcrumb\"},\"inLanguage\":\"es\",\"potentialAction\":[{\"@type\":\"ReadAction\",\"target\":[\"https:\\\/\\\/www.sistem.it\\\/es\\\/su-casa-a-su-medida\\\/la-casa-pasiva-de-madera\\\/\"]}]},{\"@type\":\"ImageObject\",\"inLanguage\":\"es\",\"@id\":\"https:\\\/\\\/www.sistem.it\\\/es\\\/su-casa-a-su-medida\\\/la-casa-pasiva-de-madera\\\/#primaryimage\",\"url\":\"https:\\\/\\\/www.sistem.it\\\/wp-content\\\/uploads\\\/2016\\\/06\\\/square-casa-passiva.png\",\"contentUrl\":\"https:\\\/\\\/www.sistem.it\\\/wp-content\\\/uploads\\\/2016\\\/06\\\/square-casa-passiva.png\",\"width\":400,\"height\":400},{\"@type\":\"BreadcrumbList\",\"@id\":\"https:\\\/\\\/www.sistem.it\\\/es\\\/su-casa-a-su-medida\\\/la-casa-pasiva-de-madera\\\/#breadcrumb\",\"itemListElement\":[{\"@type\":\"ListItem\",\"position\":1,\"name\":\"Home\",\"item\":\"https:\\\/\\\/www.sistem.it\\\/es\\\/\"},{\"@type\":\"ListItem\",\"position\":2,\"name\":\"Su casa a su medida\",\"item\":\"https:\\\/\\\/www.sistem.it\\\/es\\\/la-tua-casa-su-misura\\\/\"},{\"@type\":\"ListItem\",\"position\":3,\"name\":\"La casa pasiva de madera\"}]},{\"@type\":\"WebSite\",\"@id\":\"https:\\\/\\\/www.sistem.it\\\/es\\\/#website\",\"url\":\"https:\\\/\\\/www.sistem.it\\\/es\\\/\",\"name\":\"Sistem Costruzioni\",\"description\":\"L&#039;arte italiana del legno\",\"publisher\":{\"@id\":\"https:\\\/\\\/www.sistem.it\\\/es\\\/#organization\"},\"potentialAction\":[{\"@type\":\"SearchAction\",\"target\":{\"@type\":\"EntryPoint\",\"urlTemplate\":\"https:\\\/\\\/www.sistem.it\\\/es\\\/?s={search_term_string}\"},\"query-input\":{\"@type\":\"PropertyValueSpecification\",\"valueRequired\":true,\"valueName\":\"search_term_string\"}}],\"inLanguage\":\"es\"},{\"@type\":\"Organization\",\"@id\":\"https:\\\/\\\/www.sistem.it\\\/es\\\/#organization\",\"name\":\"Sistem Costruzioni S.r.l.\",\"url\":\"https:\\\/\\\/www.sistem.it\\\/es\\\/\",\"logo\":{\"@type\":\"ImageObject\",\"inLanguage\":\"es\",\"@id\":\"https:\\\/\\\/www.sistem.it\\\/es\\\/#\\\/schema\\\/logo\\\/image\\\/\",\"url\":\"https:\\\/\\\/www.sistem.it\\\/wp-content\\\/uploads\\\/2016\\\/03\\\/logo-sistem.png\",\"contentUrl\":\"https:\\\/\\\/www.sistem.it\\\/wp-content\\\/uploads\\\/2016\\\/03\\\/logo-sistem.png\",\"width\":461,\"height\":163,\"caption\":\"Sistem Costruzioni S.r.l.\"},\"image\":{\"@id\":\"https:\\\/\\\/www.sistem.it\\\/es\\\/#\\\/schema\\\/logo\\\/image\\\/\"}}]}<\/script>\n<!-- \/ Yoast SEO plugin. -->","yoast_head_json":{"title":"La casa pasiva de madera - Sistem Costruzioni","description":"La casa pasiva de madera - Sistem Costruzioni - Case in legno, edifici e grandi opere: L'arte Italiana del Legno - The Italian art of timber","robots":{"index":"index","follow":"follow","max-snippet":"max-snippet:-1","max-image-preview":"max-image-preview:large","max-video-preview":"max-video-preview:-1"},"canonical":"https:\/\/www.sistem.it\/es\/su-casa-a-su-medida\/la-casa-pasiva-de-madera\/","og_locale":"es_ES","og_type":"article","og_title":"La casa pasiva de madera - Sistem Costruzioni","og_description":"La casa pasiva de madera - Sistem Costruzioni - Case in legno, edifici e grandi opere: L'arte Italiana del Legno - The Italian art of timber","og_url":"https:\/\/www.sistem.it\/es\/su-casa-a-su-medida\/la-casa-pasiva-de-madera\/","og_site_name":"Sistem Costruzioni","article_modified_time":"2019-05-31T20:55:08+00:00","og_image":[{"width":400,"height":400,"url":"https:\/\/www.sistem.it\/wp-content\/uploads\/2016\/06\/square-casa-passiva.png","type":"image\/png"}],"twitter_card":"summary_large_image","twitter_misc":{"Tiempo de lectura":"1 minuto"},"schema":{"@context":"https:\/\/schema.org","@graph":[{"@type":"WebPage","@id":"https:\/\/www.sistem.it\/es\/su-casa-a-su-medida\/la-casa-pasiva-de-madera\/","url":"https:\/\/www.sistem.it\/es\/su-casa-a-su-medida\/la-casa-pasiva-de-madera\/","name":"La casa pasiva de madera - Sistem Costruzioni","isPartOf":{"@id":"https:\/\/www.sistem.it\/es\/#website"},"primaryImageOfPage":{"@id":"https:\/\/www.sistem.it\/es\/su-casa-a-su-medida\/la-casa-pasiva-de-madera\/#primaryimage"},"image":{"@id":"https:\/\/www.sistem.it\/es\/su-casa-a-su-medida\/la-casa-pasiva-de-madera\/#primaryimage"},"thumbnailUrl":"https:\/\/www.sistem.it\/wp-content\/uploads\/2016\/06\/square-casa-passiva.png","datePublished":"2019-05-31T20:55:07+00:00","dateModified":"2019-05-31T20:55:08+00:00","description":"La casa pasiva de madera - Sistem Costruzioni - Case in legno, edifici e grandi opere: L'arte Italiana del Legno - The Italian art of timber","breadcrumb":{"@id":"https:\/\/www.sistem.it\/es\/su-casa-a-su-medida\/la-casa-pasiva-de-madera\/#breadcrumb"},"inLanguage":"es","potentialAction":[{"@type":"ReadAction","target":["https:\/\/www.sistem.it\/es\/su-casa-a-su-medida\/la-casa-pasiva-de-madera\/"]}]},{"@type":"ImageObject","inLanguage":"es","@id":"https:\/\/www.sistem.it\/es\/su-casa-a-su-medida\/la-casa-pasiva-de-madera\/#primaryimage","url":"https:\/\/www.sistem.it\/wp-content\/uploads\/2016\/06\/square-casa-passiva.png","contentUrl":"https:\/\/www.sistem.it\/wp-content\/uploads\/2016\/06\/square-casa-passiva.png","width":400,"height":400},{"@type":"BreadcrumbList","@id":"https:\/\/www.sistem.it\/es\/su-casa-a-su-medida\/la-casa-pasiva-de-madera\/#breadcrumb","itemListElement":[{"@type":"ListItem","position":1,"name":"Home","item":"https:\/\/www.sistem.it\/es\/"},{"@type":"ListItem","position":2,"name":"Su casa a su medida","item":"https:\/\/www.sistem.it\/es\/la-tua-casa-su-misura\/"},{"@type":"ListItem","position":3,"name":"La casa pasiva de madera"}]},{"@type":"WebSite","@id":"https:\/\/www.sistem.it\/es\/#website","url":"https:\/\/www.sistem.it\/es\/","name":"Sistem Costruzioni","description":"L&#039;arte italiana del legno","publisher":{"@id":"https:\/\/www.sistem.it\/es\/#organization"},"potentialAction":[{"@type":"SearchAction","target":{"@type":"EntryPoint","urlTemplate":"https:\/\/www.sistem.it\/es\/?s={search_term_string}"},"query-input":{"@type":"PropertyValueSpecification","valueRequired":true,"valueName":"search_term_string"}}],"inLanguage":"es"},{"@type":"Organization","@id":"https:\/\/www.sistem.it\/es\/#organization","name":"Sistem Costruzioni S.r.l.","url":"https:\/\/www.sistem.it\/es\/","logo":{"@type":"ImageObject","inLanguage":"es","@id":"https:\/\/www.sistem.it\/es\/#\/schema\/logo\/image\/","url":"https:\/\/www.sistem.it\/wp-content\/uploads\/2016\/03\/logo-sistem.png","contentUrl":"https:\/\/www.sistem.it\/wp-content\/uploads\/2016\/03\/logo-sistem.png","width":461,"height":163,"caption":"Sistem Costruzioni S.r.l."},"image":{"@id":"https:\/\/www.sistem.it\/es\/#\/schema\/logo\/image\/"}}]}},"_links":{"self":[{"href":"https:\/\/www.sistem.it\/es\/wp-json\/wp\/v2\/pages\/6258","targetHints":{"allow":["GET"]}}],"collection":[{"href":"https:\/\/www.sistem.it\/es\/wp-json\/wp\/v2\/pages"}],"about":[{"href":"https:\/\/www.sistem.it\/es\/wp-json\/wp\/v2\/types\/page"}],"author":[{"embeddable":true,"href":"https:\/\/www.sistem.it\/es\/wp-json\/wp\/v2\/users\/1"}],"replies":[{"embeddable":true,"href":"https:\/\/www.sistem.it\/es\/wp-json\/wp\/v2\/comments?post=6258"}],"version-history":[{"count":2,"href":"https:\/\/www.sistem.it\/es\/wp-json\/wp\/v2\/pages\/6258\/revisions"}],"predecessor-version":[{"id":6260,"href":"https:\/\/www.sistem.it\/es\/wp-json\/wp\/v2\/pages\/6258\/revisions\/6260"}],"up":[{"embeddable":true,"href":"https:\/\/www.sistem.it\/es\/wp-json\/wp\/v2\/pages\/6204"}],"wp:featuredmedia":[{"embeddable":true,"href":"https:\/\/www.sistem.it\/es\/wp-json\/wp\/v2\/media\/1065"}],"wp:attachment":[{"href":"https:\/\/www.sistem.it\/es\/wp-json\/wp\/v2\/media?parent=6258"}],"curies":[{"name":"wp","href":"https:\/\/api.w.org\/{rel}","templated":true}]}}