{"id":6255,"date":"2019-05-31T22:54:57","date_gmt":"2019-05-31T20:54:57","guid":{"rendered":"https:\/\/www.sistem.it\/su-casa-a-su-medida\/instalaciones\/"},"modified":"2019-05-31T22:54:58","modified_gmt":"2019-05-31T20:54:58","slug":"instalaciones","status":"publish","type":"page","link":"https:\/\/www.sistem.it\/es\/su-casa-a-su-medida\/instalaciones\/","title":{"rendered":"Instalaciones"},"content":{"rendered":"<div class=\"wpb-content-wrapper\"><p>[vc_row][vc_column]<div class=\"project-header project-header impianti\"><h1>Impianti<\/h1><h2 class=\"green\">L\u2019impianto eco sostenibile per la tua casa in legno<\/h2><\/div>[vc_column_text]A trav\u00e9s del uso de <strong>energ\u00edas renovables<\/strong>, Sistem realiza <strong>instalaciones que ofrecen confort y eficiencia energ\u00e9tica.<\/strong><\/p>\n<p><strong>En casas y villas de madera, el uso de<\/strong> <strong>sistemas radiantes <\/strong>como terminales de emisi\u00f3n de calor a baja temperatura<strong> permite obtener la m\u00e1xima eficiencia de los sistemas de generaci\u00f3n.<\/strong><\/p>\n<p>Estos sistemas se utilizan tanto para refrigerar como para calentar la casa y garantizan el m\u00e1ximo rendimiento de las instalaciones.<\/p>\n<p>Las caracter\u00edsticas de los sistemas y sus componentes corresponden a las leyes y reglamentos vigentes en la fecha de presentaci\u00f3n del proyecto y, en particular, cumplen con:<\/p>\n<ol>\n<li>los requisitos de seguridad relativos de las normas CEI (Comit\u00e9 Electrot\u00e9cnico Italiano)<\/li>\n<li>las normas e indicaciones de la empresa de distribuci\u00f3n de electricidad<\/li>\n<li>las normas e indicaciones del operador telef\u00f3nico, del cuerpo de bomberos y de las autoridades competentes.<\/li>\n<\/ol>\n<p>En la b\u00fasqueda de la mayor eficiencia energ\u00e9tica alcanzable, sin perder de vista la sostenibilidad de los sistemas utilizados, as\u00ed como los costes operativos, la usabilidad y la facilidad de uso, el proyecto \u201c<a href=\"https:\/\/www.sistem.it\/es\/su-casa-a-su-medida\/llave-en-mano\/\">llave en mano<\/a>\u201d ofrece sistemas completos de soluciones ampliamente probadas y capaces de garantizar el mejor bienestar de los ambientes.[\/vc_column_text][\/vc_column][\/vc_row][vc_row][vc_column width=\u00bb1\/2&#8243;][vc_column_text]En aplicaciones comunes, el uso de <strong>sistemas radiantes<\/strong> como terminales de emisi\u00f3n de calor a baja temperatura permite obtener la m\u00e1xima eficiencia de los sistemas de generaci\u00f3n.<br \/>\nSe utilizan completamente tanto para la calefacci\u00f3n como para la refrigeraci\u00f3n y son capaces de garantizar el <strong>m\u00e1ximo confort<\/strong>, garantizando a la vez el <strong>m\u00e1ximo rendimiento del sistema<\/strong>.<\/p>\n<p>El fluido de baja temperatura circula en serpentines bajo el suelo, creando un bienestar generalizado en todas las habitaciones. En la calefacci\u00f3n, el sistema funciona hasta <strong>30\u00b0C<\/strong> evitando insalubres movimientos convectivos de aire (que a menudo son causa de alergias) y al calentar el ambiente a una temperatura media inferior a la de otro sistema, se reduce el consumo y por lo tanto tambi\u00e9n el coste de gesti\u00f3n.<br \/>\nEn modo refrigeraci\u00f3n, al hacer correr agua refrigerada a <strong>15-18\u00b0C<\/strong> en los serpentines, tambi\u00e9n se convierte en un sistema de aire acondicionado de verano, creando condiciones de bienestar en ambientes naturales. Dependiendo de los h\u00e1bitos de los ocupantes, de las caracter\u00edsticas del edificio y de la inercia del sistema elegido, el sistema puede instalarse en el suelo, en la pared o en el techo.<br \/>\nLos <strong>sistemas fotovoltaicos<\/strong> pueden combinarse con <strong>bombas de calor<\/strong> para calefacci\u00f3n y\/o refrigeraci\u00f3n y para la producci\u00f3n de agua caliente sanitaria, con <strong>paneles radiantes de baja temperatura<\/strong>, con <strong>sistemas solares t\u00e9rmicos<\/strong> para calefacci\u00f3n a baja temperatura y para la producci\u00f3n de agua caliente.[\/vc_column_text][\/vc_column][vc_column width=\u00bb1\/2&#8243;][vc_single_image image=\u00bb1557&#8243; img_size=\u00bbfull\u00bb onclick=\u00bblink_image\u00bb][\/vc_column][\/vc_row][vc_row full_width=\u00bbstretch_row\u00bb css=\u00bb.vc_custom_1473351220976{padding-bottom: 35px !important;background-color: #efefef !important;}\u00bb][vc_column]<div class=\"project-header project-header\"><h1>Vuoi di pi\u00f9?<\/h1><h2 class=\"green\">Ecco qui altre idee e soluzioni<\/h2><\/div><div class=\"row \">\n\t\t\t\t\t<div class=\"col-md-3 \">\n\t\t\t\t\t\t<a class=\"sistem-image-wrapper autosquare\" href=\"https:\/\/www.sistem.it\/es\/su-casa-a-su-medida\/en-bruto\/\" title=\"En Bruto\">\n\t\t\t\t\t\t\t<div class=\"sistem-image-inner-wrapper\" style=\"background-image:url('https:\/\/www.sistem.it\/wp-content\/uploads\/2016\/06\/square-grezzo.png');\">\n\t\t\t\t\t\t\t\t<img decoding=\"async\" src=\"https:\/\/www.sistem.it\/wp-content\/uploads\/2016\/06\/square-grezzo.png\" alt=\"En Bruto\" \/>\n\t\t\t\t\t\t\t<\/div>\n\t\t\t\t\t\t\t<h2 >En Bruto<\/h2>\n\t\t\t\t\t\t<\/a>\n\t\t\t\t\t<\/div>\n\n\t\t\t\t\t<div class=\"col-md-3 \">\n\t\t\t\t\t\t<a class=\"sistem-image-wrapper autosquare\" href=\"https:\/\/www.sistem.it\/es\/su-casa-a-su-medida\/en-bruto-avanzado\/\" title=\"En Bruto Avanzado\">\n\t\t\t\t\t\t\t<div class=\"sistem-image-inner-wrapper\" style=\"background-image:url('https:\/\/www.sistem.it\/wp-content\/uploads\/2016\/06\/square-grezzo-avanzato.png');\">\n\t\t\t\t\t\t\t\t<img decoding=\"async\" src=\"https:\/\/www.sistem.it\/wp-content\/uploads\/2016\/06\/square-grezzo-avanzato.png\" alt=\"En Bruto Avanzado\" \/>\n\t\t\t\t\t\t\t<\/div>\n\t\t\t\t\t\t\t<h2 >En Bruto Avanzado<\/h2>\n\t\t\t\t\t\t<\/a>\n\t\t\t\t\t<\/div>\n\n\t\t\t\t\t<div class=\"col-md-3 \">\n\t\t\t\t\t\t<a class=\"sistem-image-wrapper autosquare\" href=\"https:\/\/www.sistem.it\/es\/su-casa-a-su-medida\/llave-en-mano\/\" title=\"Llave en Mano\">\n\t\t\t\t\t\t\t<div class=\"sistem-image-inner-wrapper\" style=\"background-image:url('https:\/\/www.sistem.it\/wp-content\/uploads\/2016\/06\/square-chiavi-in-mano.png');\">\n\t\t\t\t\t\t\t\t<img decoding=\"async\" src=\"https:\/\/www.sistem.it\/wp-content\/uploads\/2016\/06\/square-chiavi-in-mano.png\" alt=\"Llave en Mano\" \/>\n\t\t\t\t\t\t\t<\/div>\n\t\t\t\t\t\t\t<h2 >Llave en Mano<\/h2>\n\t\t\t\t\t\t<\/a>\n\t\t\t\t\t<\/div>\n\n\t\t\t\t\t<div class=\"col-md-3 \">\n\t\t\t\t\t\t<a class=\"sistem-image-wrapper autosquare\" href=\"https:\/\/www.sistem.it\/es\/su-casa-a-su-medida\/acabados-interiores-y-exteriores\/\" title=\"Acabados interiores y exteriores\">\n\t\t\t\t\t\t\t<div class=\"sistem-image-inner-wrapper\" style=\"background-image:url('https:\/\/www.sistem.it\/wp-content\/uploads\/2016\/06\/square-finiture.png');\">\n\t\t\t\t\t\t\t\t<img decoding=\"async\" src=\"https:\/\/www.sistem.it\/wp-content\/uploads\/2016\/06\/square-finiture.png\" alt=\"Acabados interiores y exteriores\" \/>\n\t\t\t\t\t\t\t<\/div>\n\t\t\t\t\t\t\t<h2 >Acabados interiores y exteriores<\/h2>\n\t\t\t\t\t\t<\/a>\n\t\t\t\t\t<\/div><\/div>[\/vc_column][\/vc_row]<\/p>\n<\/div>","protected":false},"excerpt":{"rendered":"<p>[vc_row][vc_column][vc_column_text]A trav\u00e9s del uso de energ\u00edas renovables, Sistem realiza instalaciones que ofrecen confort y eficiencia energ\u00e9tica. En casas y villas de madera, el uso de sistemas radiantes como terminales de emisi\u00f3n de calor a baja temperatura permite obtener la m\u00e1xima eficiencia de los sistemas de generaci\u00f3n. Estos sistemas se utilizan tanto para refrigerar como para [&hellip;]<\/p>\n","protected":false},"author":1,"featured_media":1061,"parent":6204,"menu_order":0,"comment_status":"closed","ping_status":"closed","template":"","meta":{"_acf_changed":false,"footnotes":""},"class_list":["post-6255","page","type-page","status-publish","has-post-thumbnail","hentry"],"acf":[],"yoast_head":"<!-- This site is optimized with the Yoast SEO plugin v27.3 - https:\/\/yoast.com\/product\/yoast-seo-wordpress\/ -->\n<title>Instalaciones - Sistem Costruzioni<\/title>\n<meta name=\"description\" content=\"Instalaciones - Sistem Costruzioni - Case in legno, edifici e grandi opere: L&#039;arte Italiana del Legno - The Italian art of timber\" \/>\n<meta name=\"robots\" content=\"index, follow, max-snippet:-1, max-image-preview:large, max-video-preview:-1\" \/>\n<link rel=\"canonical\" href=\"https:\/\/www.sistem.it\/es\/su-casa-a-su-medida\/instalaciones\/\" \/>\n<meta property=\"og:locale\" content=\"es_ES\" \/>\n<meta property=\"og:type\" content=\"article\" \/>\n<meta property=\"og:title\" content=\"Instalaciones - Sistem Costruzioni\" \/>\n<meta property=\"og:description\" content=\"Instalaciones - Sistem Costruzioni - Case in legno, edifici e grandi opere: L&#039;arte Italiana del Legno - The Italian art of timber\" \/>\n<meta property=\"og:url\" content=\"https:\/\/www.sistem.it\/es\/su-casa-a-su-medida\/instalaciones\/\" \/>\n<meta property=\"og:site_name\" content=\"Sistem Costruzioni\" \/>\n<meta property=\"article:modified_time\" content=\"2019-05-31T20:54:58+00:00\" \/>\n<meta property=\"og:image\" content=\"https:\/\/www.sistem.it\/wp-content\/uploads\/2016\/06\/square-impianti.png\" \/>\n\t<meta property=\"og:image:width\" content=\"400\" \/>\n\t<meta property=\"og:image:height\" content=\"400\" \/>\n\t<meta property=\"og:image:type\" content=\"image\/png\" \/>\n<meta name=\"twitter:card\" content=\"summary_large_image\" \/>\n<meta name=\"twitter:label1\" content=\"Tiempo de lectura\" \/>\n\t<meta name=\"twitter:data1\" content=\"3 minutos\" \/>\n<script type=\"application\/ld+json\" class=\"yoast-schema-graph\">{\"@context\":\"https:\\\/\\\/schema.org\",\"@graph\":[{\"@type\":\"WebPage\",\"@id\":\"https:\\\/\\\/www.sistem.it\\\/es\\\/su-casa-a-su-medida\\\/instalaciones\\\/\",\"url\":\"https:\\\/\\\/www.sistem.it\\\/es\\\/su-casa-a-su-medida\\\/instalaciones\\\/\",\"name\":\"Instalaciones - Sistem Costruzioni\",\"isPartOf\":{\"@id\":\"https:\\\/\\\/www.sistem.it\\\/es\\\/#website\"},\"primaryImageOfPage\":{\"@id\":\"https:\\\/\\\/www.sistem.it\\\/es\\\/su-casa-a-su-medida\\\/instalaciones\\\/#primaryimage\"},\"image\":{\"@id\":\"https:\\\/\\\/www.sistem.it\\\/es\\\/su-casa-a-su-medida\\\/instalaciones\\\/#primaryimage\"},\"thumbnailUrl\":\"https:\\\/\\\/www.sistem.it\\\/wp-content\\\/uploads\\\/2016\\\/06\\\/square-impianti.png\",\"datePublished\":\"2019-05-31T20:54:57+00:00\",\"dateModified\":\"2019-05-31T20:54:58+00:00\",\"description\":\"Instalaciones - Sistem Costruzioni - Case in legno, edifici e grandi opere: L'arte Italiana del Legno - The Italian art of timber\",\"breadcrumb\":{\"@id\":\"https:\\\/\\\/www.sistem.it\\\/es\\\/su-casa-a-su-medida\\\/instalaciones\\\/#breadcrumb\"},\"inLanguage\":\"es\",\"potentialAction\":[{\"@type\":\"ReadAction\",\"target\":[\"https:\\\/\\\/www.sistem.it\\\/es\\\/su-casa-a-su-medida\\\/instalaciones\\\/\"]}]},{\"@type\":\"ImageObject\",\"inLanguage\":\"es\",\"@id\":\"https:\\\/\\\/www.sistem.it\\\/es\\\/su-casa-a-su-medida\\\/instalaciones\\\/#primaryimage\",\"url\":\"https:\\\/\\\/www.sistem.it\\\/wp-content\\\/uploads\\\/2016\\\/06\\\/square-impianti.png\",\"contentUrl\":\"https:\\\/\\\/www.sistem.it\\\/wp-content\\\/uploads\\\/2016\\\/06\\\/square-impianti.png\",\"width\":400,\"height\":400},{\"@type\":\"BreadcrumbList\",\"@id\":\"https:\\\/\\\/www.sistem.it\\\/es\\\/su-casa-a-su-medida\\\/instalaciones\\\/#breadcrumb\",\"itemListElement\":[{\"@type\":\"ListItem\",\"position\":1,\"name\":\"Home\",\"item\":\"https:\\\/\\\/www.sistem.it\\\/es\\\/\"},{\"@type\":\"ListItem\",\"position\":2,\"name\":\"Su casa a su medida\",\"item\":\"https:\\\/\\\/www.sistem.it\\\/es\\\/la-tua-casa-su-misura\\\/\"},{\"@type\":\"ListItem\",\"position\":3,\"name\":\"Instalaciones\"}]},{\"@type\":\"WebSite\",\"@id\":\"https:\\\/\\\/www.sistem.it\\\/es\\\/#website\",\"url\":\"https:\\\/\\\/www.sistem.it\\\/es\\\/\",\"name\":\"Sistem Costruzioni\",\"description\":\"L&#039;arte italiana del legno\",\"publisher\":{\"@id\":\"https:\\\/\\\/www.sistem.it\\\/es\\\/#organization\"},\"potentialAction\":[{\"@type\":\"SearchAction\",\"target\":{\"@type\":\"EntryPoint\",\"urlTemplate\":\"https:\\\/\\\/www.sistem.it\\\/es\\\/?s={search_term_string}\"},\"query-input\":{\"@type\":\"PropertyValueSpecification\",\"valueRequired\":true,\"valueName\":\"search_term_string\"}}],\"inLanguage\":\"es\"},{\"@type\":\"Organization\",\"@id\":\"https:\\\/\\\/www.sistem.it\\\/es\\\/#organization\",\"name\":\"Sistem Costruzioni S.r.l.\",\"url\":\"https:\\\/\\\/www.sistem.it\\\/es\\\/\",\"logo\":{\"@type\":\"ImageObject\",\"inLanguage\":\"es\",\"@id\":\"https:\\\/\\\/www.sistem.it\\\/es\\\/#\\\/schema\\\/logo\\\/image\\\/\",\"url\":\"https:\\\/\\\/www.sistem.it\\\/wp-content\\\/uploads\\\/2016\\\/03\\\/logo-sistem.png\",\"contentUrl\":\"https:\\\/\\\/www.sistem.it\\\/wp-content\\\/uploads\\\/2016\\\/03\\\/logo-sistem.png\",\"width\":461,\"height\":163,\"caption\":\"Sistem Costruzioni S.r.l.\"},\"image\":{\"@id\":\"https:\\\/\\\/www.sistem.it\\\/es\\\/#\\\/schema\\\/logo\\\/image\\\/\"}}]}<\/script>\n<!-- \/ Yoast SEO plugin. -->","yoast_head_json":{"title":"Instalaciones - Sistem Costruzioni","description":"Instalaciones - Sistem Costruzioni - Case in legno, edifici e grandi opere: L'arte Italiana del Legno - The Italian art of timber","robots":{"index":"index","follow":"follow","max-snippet":"max-snippet:-1","max-image-preview":"max-image-preview:large","max-video-preview":"max-video-preview:-1"},"canonical":"https:\/\/www.sistem.it\/es\/su-casa-a-su-medida\/instalaciones\/","og_locale":"es_ES","og_type":"article","og_title":"Instalaciones - Sistem Costruzioni","og_description":"Instalaciones - Sistem Costruzioni - Case in legno, edifici e grandi opere: L'arte Italiana del Legno - The Italian art of timber","og_url":"https:\/\/www.sistem.it\/es\/su-casa-a-su-medida\/instalaciones\/","og_site_name":"Sistem Costruzioni","article_modified_time":"2019-05-31T20:54:58+00:00","og_image":[{"width":400,"height":400,"url":"https:\/\/www.sistem.it\/wp-content\/uploads\/2016\/06\/square-impianti.png","type":"image\/png"}],"twitter_card":"summary_large_image","twitter_misc":{"Tiempo de lectura":"3 minutos"},"schema":{"@context":"https:\/\/schema.org","@graph":[{"@type":"WebPage","@id":"https:\/\/www.sistem.it\/es\/su-casa-a-su-medida\/instalaciones\/","url":"https:\/\/www.sistem.it\/es\/su-casa-a-su-medida\/instalaciones\/","name":"Instalaciones - Sistem Costruzioni","isPartOf":{"@id":"https:\/\/www.sistem.it\/es\/#website"},"primaryImageOfPage":{"@id":"https:\/\/www.sistem.it\/es\/su-casa-a-su-medida\/instalaciones\/#primaryimage"},"image":{"@id":"https:\/\/www.sistem.it\/es\/su-casa-a-su-medida\/instalaciones\/#primaryimage"},"thumbnailUrl":"https:\/\/www.sistem.it\/wp-content\/uploads\/2016\/06\/square-impianti.png","datePublished":"2019-05-31T20:54:57+00:00","dateModified":"2019-05-31T20:54:58+00:00","description":"Instalaciones - Sistem Costruzioni - Case in legno, edifici e grandi opere: L'arte Italiana del Legno - The Italian art of timber","breadcrumb":{"@id":"https:\/\/www.sistem.it\/es\/su-casa-a-su-medida\/instalaciones\/#breadcrumb"},"inLanguage":"es","potentialAction":[{"@type":"ReadAction","target":["https:\/\/www.sistem.it\/es\/su-casa-a-su-medida\/instalaciones\/"]}]},{"@type":"ImageObject","inLanguage":"es","@id":"https:\/\/www.sistem.it\/es\/su-casa-a-su-medida\/instalaciones\/#primaryimage","url":"https:\/\/www.sistem.it\/wp-content\/uploads\/2016\/06\/square-impianti.png","contentUrl":"https:\/\/www.sistem.it\/wp-content\/uploads\/2016\/06\/square-impianti.png","width":400,"height":400},{"@type":"BreadcrumbList","@id":"https:\/\/www.sistem.it\/es\/su-casa-a-su-medida\/instalaciones\/#breadcrumb","itemListElement":[{"@type":"ListItem","position":1,"name":"Home","item":"https:\/\/www.sistem.it\/es\/"},{"@type":"ListItem","position":2,"name":"Su casa a su medida","item":"https:\/\/www.sistem.it\/es\/la-tua-casa-su-misura\/"},{"@type":"ListItem","position":3,"name":"Instalaciones"}]},{"@type":"WebSite","@id":"https:\/\/www.sistem.it\/es\/#website","url":"https:\/\/www.sistem.it\/es\/","name":"Sistem Costruzioni","description":"L&#039;arte italiana del legno","publisher":{"@id":"https:\/\/www.sistem.it\/es\/#organization"},"potentialAction":[{"@type":"SearchAction","target":{"@type":"EntryPoint","urlTemplate":"https:\/\/www.sistem.it\/es\/?s={search_term_string}"},"query-input":{"@type":"PropertyValueSpecification","valueRequired":true,"valueName":"search_term_string"}}],"inLanguage":"es"},{"@type":"Organization","@id":"https:\/\/www.sistem.it\/es\/#organization","name":"Sistem Costruzioni S.r.l.","url":"https:\/\/www.sistem.it\/es\/","logo":{"@type":"ImageObject","inLanguage":"es","@id":"https:\/\/www.sistem.it\/es\/#\/schema\/logo\/image\/","url":"https:\/\/www.sistem.it\/wp-content\/uploads\/2016\/03\/logo-sistem.png","contentUrl":"https:\/\/www.sistem.it\/wp-content\/uploads\/2016\/03\/logo-sistem.png","width":461,"height":163,"caption":"Sistem Costruzioni S.r.l."},"image":{"@id":"https:\/\/www.sistem.it\/es\/#\/schema\/logo\/image\/"}}]}},"_links":{"self":[{"href":"https:\/\/www.sistem.it\/es\/wp-json\/wp\/v2\/pages\/6255","targetHints":{"allow":["GET"]}}],"collection":[{"href":"https:\/\/www.sistem.it\/es\/wp-json\/wp\/v2\/pages"}],"about":[{"href":"https:\/\/www.sistem.it\/es\/wp-json\/wp\/v2\/types\/page"}],"author":[{"embeddable":true,"href":"https:\/\/www.sistem.it\/es\/wp-json\/wp\/v2\/users\/1"}],"replies":[{"embeddable":true,"href":"https:\/\/www.sistem.it\/es\/wp-json\/wp\/v2\/comments?post=6255"}],"version-history":[{"count":2,"href":"https:\/\/www.sistem.it\/es\/wp-json\/wp\/v2\/pages\/6255\/revisions"}],"predecessor-version":[{"id":6257,"href":"https:\/\/www.sistem.it\/es\/wp-json\/wp\/v2\/pages\/6255\/revisions\/6257"}],"up":[{"embeddable":true,"href":"https:\/\/www.sistem.it\/es\/wp-json\/wp\/v2\/pages\/6204"}],"wp:featuredmedia":[{"embeddable":true,"href":"https:\/\/www.sistem.it\/es\/wp-json\/wp\/v2\/media\/1061"}],"wp:attachment":[{"href":"https:\/\/www.sistem.it\/es\/wp-json\/wp\/v2\/media?parent=6255"}],"curies":[{"name":"wp","href":"https:\/\/api.w.org\/{rel}","templated":true}]}}