{"id":6252,"date":"2016-06-07T13:04:36","date_gmt":"2016-06-07T11:04:36","guid":{"rendered":"https:\/\/www.sistem.it\/su-casa-a-su-medida\/acabados-interiores-y-exteriores\/"},"modified":"2019-05-31T22:54:47","modified_gmt":"2019-05-31T20:54:47","slug":"acabados-interiores-y-exteriores","status":"publish","type":"page","link":"https:\/\/www.sistem.it\/es\/su-casa-a-su-medida\/acabados-interiores-y-exteriores\/","title":{"rendered":"Acabados interiores y exteriores"},"content":{"rendered":"<div class=\"wpb-content-wrapper\"><p>[vc_row][vc_column]<div class=\"project-header project-header finiture\"><h1>Finiture interne ed esterne<\/h1><h2 class=\"green\">Soluzioni di interior design per la tua casa in legno<\/h2><\/div>[vc_column_text]Sistem Costruzioni trabaja en el dise\u00f1o y la construcci\u00f3n de los <strong>espacios interiores <\/strong>de la casa, a trav\u00e9s de la elecci\u00f3n de <strong>detalles adaptados al gusto del cliente <\/strong>y la creaci\u00f3n de elementos que ofrecen espacios acogedores: <strong>falsos techos de cart\u00f3n-yeso<\/strong>, elecci\u00f3n de <strong>materiales para<\/strong> suelos y revestimientos adecuados para el espacio,<strong> selecci\u00f3n de colores para pintar<\/strong>.[\/vc_column_text][\/vc_column][\/vc_row][vc_row][vc_column width=\u00bb1\/6&#8243;][vc_single_image image=\u00bb1541&#8243; img_size=\u00bbfull\u00bb el_class=\u00bbautosquare\u00bb][\/vc_column][vc_column width=\u00bb5\/6&#8243;][vc_column_text]<\/p>\n<h3>Las puertas<\/h3>\n<p>Las puertas de su Casa Natura est\u00e1n hechas de madera, pintadas y protegidas incluso en sus \u00e1reas sujetas a encaje. El plaf\u00f3n est\u00e1 formado por paneles de madera, estructuralmente encolados con los elementos de la puerta. Las puertas del interior de la casa pueden ser de madera alveolar con un batiente o puertas correderas chapadas con esencia a elecci\u00f3n, con herrajes y manijas. Adem\u00e1s, las puertas exteriores blindadas se ofrecen con valores UD \u2264 1,4 W\/m2K y una clase de protecci\u00f3n antirrobo 3 (UNI ENV 1627), mientras que las puertas blindadas para habitaciones sin calefacci\u00f3n tienen valores UD \u2264 1,8 W\/m2K y la misma clase de protecci\u00f3n antirrobo. Seg\u00fan las necesidades de cada cliente, Sistem Costruzioni puede suministrar puertas con caracter\u00edsticas de alto rendimiento hasta el est\u00e1ndar de la Casa Pasiva de UD \u2264 0,8 W\/m2K.[\/vc_column_text][\/vc_column][\/vc_row][vc_row][vc_column width=\u00bb1\/6&#8243;][vc_single_image image=\u00bb1547&#8243; img_size=\u00bbfull\u00bb el_class=\u00bbautosquare\u00bb][\/vc_column][vc_column width=\u00bb5\/6&#8243;][vc_column_text]<\/p>\n<h3>Puertas y Ventanas<\/h3>\n<p>El proyecto \u201c<a href=\"https:\/\/www.sistem.it\/es\/su-casa-a-su-medida\/llave-en-mano\/\">llave en mano<\/a>\u201d de Sistem Costruzioni consiste en el suministro e instalaci\u00f3n de todas las ventanas y puertas de su casa de madera, con los herrajes necesarios. Sistem ofrece puertas y ventanas de madera o, alternativamente, soluciones con perfiles de aluminio y PVC. El \u201cest\u00e1ndar\u201d recomendado es un valor de UW \u2264 1,4 W\/m2K y un factor solar de 0,5: con estos par\u00e1metros es posible alcanzar el est\u00e1ndar energ\u00e9tico Clase A. El rendimiento de este tipo de ventanas est\u00e1 muy por encima del valor l\u00edmite previsto por el Decreto Legislativo italiano 192 de 91 (y posteriores adiciones) que establece para las zonas clim\u00e1ticas tipo F (clima muy duro &#8211; m\u00e1s de 3.000 grados por d\u00eda) valores de UW \u2264 2 W\/m2K. De acuerdo a los requerimientos de dise\u00f1o, Sistem propone ventanas y puertas con un rendimiento a\u00fan m\u00e1s alto, hasta alcanzar los requerimientos previstos para la construcci\u00f3n de la Casa Pasiva, equivalentes a UW \u2264 0,8 W\/m2K.[\/vc_column_text][\/vc_column][\/vc_row][vc_row full_width=\u00bbstretch_row\u00bb css=\u00bb.vc_custom_1473351139702{padding-bottom: 35px !important;background-color: #efefef !important;}\u00bb][vc_column]<div class=\"project-header project-header\"><h1>Vuoi di pi\u00f9?<\/h1><h2 class=\"green\">Ecco qui altre idee e soluzioni<\/h2><\/div><div class=\"row \">\n\t\t\t\t\t<div class=\"col-md-3 \">\n\t\t\t\t\t\t<a class=\"sistem-image-wrapper autosquare\" href=\"https:\/\/www.sistem.it\/es\/su-casa-a-su-medida\/en-bruto\/\" title=\"En Bruto\">\n\t\t\t\t\t\t\t<div class=\"sistem-image-inner-wrapper\" style=\"background-image:url('https:\/\/www.sistem.it\/wp-content\/uploads\/2016\/06\/square-grezzo.png');\">\n\t\t\t\t\t\t\t\t<img decoding=\"async\" src=\"https:\/\/www.sistem.it\/wp-content\/uploads\/2016\/06\/square-grezzo.png\" alt=\"En Bruto\" \/>\n\t\t\t\t\t\t\t<\/div>\n\t\t\t\t\t\t\t<h2 >En Bruto<\/h2>\n\t\t\t\t\t\t<\/a>\n\t\t\t\t\t<\/div>\n\n\t\t\t\t\t<div class=\"col-md-3 \">\n\t\t\t\t\t\t<a class=\"sistem-image-wrapper autosquare\" href=\"https:\/\/www.sistem.it\/es\/su-casa-a-su-medida\/en-bruto-avanzado\/\" title=\"En Bruto Avanzado\">\n\t\t\t\t\t\t\t<div class=\"sistem-image-inner-wrapper\" style=\"background-image:url('https:\/\/www.sistem.it\/wp-content\/uploads\/2016\/06\/square-grezzo-avanzato.png');\">\n\t\t\t\t\t\t\t\t<img decoding=\"async\" src=\"https:\/\/www.sistem.it\/wp-content\/uploads\/2016\/06\/square-grezzo-avanzato.png\" alt=\"En Bruto Avanzado\" \/>\n\t\t\t\t\t\t\t<\/div>\n\t\t\t\t\t\t\t<h2 >En Bruto Avanzado<\/h2>\n\t\t\t\t\t\t<\/a>\n\t\t\t\t\t<\/div>\n\n\t\t\t\t\t<div class=\"col-md-3 \">\n\t\t\t\t\t\t<a class=\"sistem-image-wrapper autosquare\" href=\"https:\/\/www.sistem.it\/es\/su-casa-a-su-medida\/llave-en-mano\/\" title=\"Llave en Mano\">\n\t\t\t\t\t\t\t<div class=\"sistem-image-inner-wrapper\" style=\"background-image:url('https:\/\/www.sistem.it\/wp-content\/uploads\/2016\/06\/square-chiavi-in-mano.png');\">\n\t\t\t\t\t\t\t\t<img decoding=\"async\" src=\"https:\/\/www.sistem.it\/wp-content\/uploads\/2016\/06\/square-chiavi-in-mano.png\" alt=\"Llave en Mano\" \/>\n\t\t\t\t\t\t\t<\/div>\n\t\t\t\t\t\t\t<h2 >Llave en Mano<\/h2>\n\t\t\t\t\t\t<\/a>\n\t\t\t\t\t<\/div>\n\n\t\t\t\t\t<div class=\"col-md-3 \">\n\t\t\t\t\t\t<a class=\"sistem-image-wrapper autosquare\" href=\"https:\/\/www.sistem.it\/es\/su-casa-a-su-medida\/instalaciones\/\" title=\"Instalaciones\">\n\t\t\t\t\t\t\t<div class=\"sistem-image-inner-wrapper\" style=\"background-image:url('https:\/\/www.sistem.it\/wp-content\/uploads\/2016\/06\/square-impianti.png');\">\n\t\t\t\t\t\t\t\t<img decoding=\"async\" src=\"https:\/\/www.sistem.it\/wp-content\/uploads\/2016\/06\/square-impianti.png\" alt=\"Instalaciones\" \/>\n\t\t\t\t\t\t\t<\/div>\n\t\t\t\t\t\t\t<h2 >Instalaciones<\/h2>\n\t\t\t\t\t\t<\/a>\n\t\t\t\t\t<\/div><\/div>[\/vc_column][\/vc_row]<\/p>\n<\/div>","protected":false},"excerpt":{"rendered":"<p>[vc_row][vc_column][vc_column_text]Sistem Costruzioni trabaja en el dise\u00f1o y la construcci\u00f3n de los espacios interiores de la casa, a trav\u00e9s de la elecci\u00f3n de detalles adaptados al gusto del cliente y la creaci\u00f3n de elementos que ofrecen espacios acogedores: falsos techos de cart\u00f3n-yeso, elecci\u00f3n de materiales para suelos y revestimientos adecuados para el espacio, selecci\u00f3n de colores [&hellip;]<\/p>\n","protected":false},"author":1,"featured_media":1058,"parent":6204,"menu_order":0,"comment_status":"closed","ping_status":"closed","template":"","meta":{"_acf_changed":false,"footnotes":""},"class_list":["post-6252","page","type-page","status-publish","has-post-thumbnail","hentry"],"acf":[],"yoast_head":"<!-- This site is optimized with the Yoast SEO plugin v27.4 - https:\/\/yoast.com\/product\/yoast-seo-wordpress\/ -->\n<title>Acabados interiores y exteriores - Sistem Costruzioni<\/title>\n<meta name=\"description\" content=\"Acabados interiores y exteriores - Sistem Costruzioni - Case in legno, edifici e grandi opere: L&#039;arte Italiana del Legno - The Italian art of timber\" \/>\n<meta name=\"robots\" content=\"index, follow, max-snippet:-1, max-image-preview:large, max-video-preview:-1\" \/>\n<link rel=\"canonical\" href=\"https:\/\/www.sistem.it\/es\/su-casa-a-su-medida\/acabados-interiores-y-exteriores\/\" \/>\n<meta property=\"og:locale\" content=\"es_ES\" \/>\n<meta property=\"og:type\" content=\"article\" \/>\n<meta property=\"og:title\" content=\"Acabados interiores y exteriores - Sistem Costruzioni\" \/>\n<meta property=\"og:description\" content=\"Acabados interiores y exteriores - Sistem Costruzioni - Case in legno, edifici e grandi opere: L&#039;arte Italiana del Legno - The Italian art of timber\" \/>\n<meta property=\"og:url\" content=\"https:\/\/www.sistem.it\/es\/su-casa-a-su-medida\/acabados-interiores-y-exteriores\/\" \/>\n<meta property=\"og:site_name\" content=\"Sistem Costruzioni\" \/>\n<meta property=\"article:modified_time\" content=\"2019-05-31T20:54:47+00:00\" \/>\n<meta property=\"og:image\" content=\"https:\/\/www.sistem.it\/wp-content\/uploads\/2016\/06\/square-finiture.png\" \/>\n\t<meta property=\"og:image:width\" content=\"400\" \/>\n\t<meta property=\"og:image:height\" content=\"400\" \/>\n\t<meta property=\"og:image:type\" content=\"image\/png\" \/>\n<meta name=\"twitter:card\" content=\"summary_large_image\" \/>\n<meta name=\"twitter:label1\" content=\"Tiempo de lectura\" \/>\n\t<meta name=\"twitter:data1\" content=\"3 minutos\" \/>\n<script type=\"application\/ld+json\" class=\"yoast-schema-graph\">{\"@context\":\"https:\\\/\\\/schema.org\",\"@graph\":[{\"@type\":\"WebPage\",\"@id\":\"https:\\\/\\\/www.sistem.it\\\/es\\\/su-casa-a-su-medida\\\/acabados-interiores-y-exteriores\\\/\",\"url\":\"https:\\\/\\\/www.sistem.it\\\/es\\\/su-casa-a-su-medida\\\/acabados-interiores-y-exteriores\\\/\",\"name\":\"Acabados interiores y exteriores - Sistem Costruzioni\",\"isPartOf\":{\"@id\":\"https:\\\/\\\/www.sistem.it\\\/es\\\/#website\"},\"primaryImageOfPage\":{\"@id\":\"https:\\\/\\\/www.sistem.it\\\/es\\\/su-casa-a-su-medida\\\/acabados-interiores-y-exteriores\\\/#primaryimage\"},\"image\":{\"@id\":\"https:\\\/\\\/www.sistem.it\\\/es\\\/su-casa-a-su-medida\\\/acabados-interiores-y-exteriores\\\/#primaryimage\"},\"thumbnailUrl\":\"https:\\\/\\\/www.sistem.it\\\/wp-content\\\/uploads\\\/2016\\\/06\\\/square-finiture.png\",\"datePublished\":\"2016-06-07T11:04:36+00:00\",\"dateModified\":\"2019-05-31T20:54:47+00:00\",\"description\":\"Acabados interiores y exteriores - Sistem Costruzioni - Case in legno, edifici e grandi opere: L'arte Italiana del Legno - The Italian art of timber\",\"breadcrumb\":{\"@id\":\"https:\\\/\\\/www.sistem.it\\\/es\\\/su-casa-a-su-medida\\\/acabados-interiores-y-exteriores\\\/#breadcrumb\"},\"inLanguage\":\"es\",\"potentialAction\":[{\"@type\":\"ReadAction\",\"target\":[\"https:\\\/\\\/www.sistem.it\\\/es\\\/su-casa-a-su-medida\\\/acabados-interiores-y-exteriores\\\/\"]}]},{\"@type\":\"ImageObject\",\"inLanguage\":\"es\",\"@id\":\"https:\\\/\\\/www.sistem.it\\\/es\\\/su-casa-a-su-medida\\\/acabados-interiores-y-exteriores\\\/#primaryimage\",\"url\":\"https:\\\/\\\/www.sistem.it\\\/wp-content\\\/uploads\\\/2016\\\/06\\\/square-finiture.png\",\"contentUrl\":\"https:\\\/\\\/www.sistem.it\\\/wp-content\\\/uploads\\\/2016\\\/06\\\/square-finiture.png\",\"width\":400,\"height\":400},{\"@type\":\"BreadcrumbList\",\"@id\":\"https:\\\/\\\/www.sistem.it\\\/es\\\/su-casa-a-su-medida\\\/acabados-interiores-y-exteriores\\\/#breadcrumb\",\"itemListElement\":[{\"@type\":\"ListItem\",\"position\":1,\"name\":\"Home\",\"item\":\"https:\\\/\\\/www.sistem.it\\\/es\\\/\"},{\"@type\":\"ListItem\",\"position\":2,\"name\":\"Su casa a su medida\",\"item\":\"https:\\\/\\\/www.sistem.it\\\/es\\\/la-tua-casa-su-misura\\\/\"},{\"@type\":\"ListItem\",\"position\":3,\"name\":\"Acabados interiores y exteriores\"}]},{\"@type\":\"WebSite\",\"@id\":\"https:\\\/\\\/www.sistem.it\\\/es\\\/#website\",\"url\":\"https:\\\/\\\/www.sistem.it\\\/es\\\/\",\"name\":\"Sistem Costruzioni\",\"description\":\"L&#039;arte italiana del legno\",\"publisher\":{\"@id\":\"https:\\\/\\\/www.sistem.it\\\/es\\\/#organization\"},\"potentialAction\":[{\"@type\":\"SearchAction\",\"target\":{\"@type\":\"EntryPoint\",\"urlTemplate\":\"https:\\\/\\\/www.sistem.it\\\/es\\\/?s={search_term_string}\"},\"query-input\":{\"@type\":\"PropertyValueSpecification\",\"valueRequired\":true,\"valueName\":\"search_term_string\"}}],\"inLanguage\":\"es\"},{\"@type\":\"Organization\",\"@id\":\"https:\\\/\\\/www.sistem.it\\\/es\\\/#organization\",\"name\":\"Sistem Costruzioni S.r.l.\",\"url\":\"https:\\\/\\\/www.sistem.it\\\/es\\\/\",\"logo\":{\"@type\":\"ImageObject\",\"inLanguage\":\"es\",\"@id\":\"https:\\\/\\\/www.sistem.it\\\/es\\\/#\\\/schema\\\/logo\\\/image\\\/\",\"url\":\"https:\\\/\\\/www.sistem.it\\\/wp-content\\\/uploads\\\/2016\\\/03\\\/logo-sistem.png\",\"contentUrl\":\"https:\\\/\\\/www.sistem.it\\\/wp-content\\\/uploads\\\/2016\\\/03\\\/logo-sistem.png\",\"width\":461,\"height\":163,\"caption\":\"Sistem Costruzioni S.r.l.\"},\"image\":{\"@id\":\"https:\\\/\\\/www.sistem.it\\\/es\\\/#\\\/schema\\\/logo\\\/image\\\/\"}}]}<\/script>\n<!-- \/ Yoast SEO plugin. -->","yoast_head_json":{"title":"Acabados interiores y exteriores - Sistem Costruzioni","description":"Acabados interiores y exteriores - Sistem Costruzioni - Case in legno, edifici e grandi opere: L'arte Italiana del Legno - The Italian art of timber","robots":{"index":"index","follow":"follow","max-snippet":"max-snippet:-1","max-image-preview":"max-image-preview:large","max-video-preview":"max-video-preview:-1"},"canonical":"https:\/\/www.sistem.it\/es\/su-casa-a-su-medida\/acabados-interiores-y-exteriores\/","og_locale":"es_ES","og_type":"article","og_title":"Acabados interiores y exteriores - Sistem Costruzioni","og_description":"Acabados interiores y exteriores - Sistem Costruzioni - Case in legno, edifici e grandi opere: L'arte Italiana del Legno - The Italian art of timber","og_url":"https:\/\/www.sistem.it\/es\/su-casa-a-su-medida\/acabados-interiores-y-exteriores\/","og_site_name":"Sistem Costruzioni","article_modified_time":"2019-05-31T20:54:47+00:00","og_image":[{"width":400,"height":400,"url":"https:\/\/www.sistem.it\/wp-content\/uploads\/2016\/06\/square-finiture.png","type":"image\/png"}],"twitter_card":"summary_large_image","twitter_misc":{"Tiempo de lectura":"3 minutos"},"schema":{"@context":"https:\/\/schema.org","@graph":[{"@type":"WebPage","@id":"https:\/\/www.sistem.it\/es\/su-casa-a-su-medida\/acabados-interiores-y-exteriores\/","url":"https:\/\/www.sistem.it\/es\/su-casa-a-su-medida\/acabados-interiores-y-exteriores\/","name":"Acabados interiores y exteriores - Sistem Costruzioni","isPartOf":{"@id":"https:\/\/www.sistem.it\/es\/#website"},"primaryImageOfPage":{"@id":"https:\/\/www.sistem.it\/es\/su-casa-a-su-medida\/acabados-interiores-y-exteriores\/#primaryimage"},"image":{"@id":"https:\/\/www.sistem.it\/es\/su-casa-a-su-medida\/acabados-interiores-y-exteriores\/#primaryimage"},"thumbnailUrl":"https:\/\/www.sistem.it\/wp-content\/uploads\/2016\/06\/square-finiture.png","datePublished":"2016-06-07T11:04:36+00:00","dateModified":"2019-05-31T20:54:47+00:00","description":"Acabados interiores y exteriores - Sistem Costruzioni - Case in legno, edifici e grandi opere: L'arte Italiana del Legno - The Italian art of timber","breadcrumb":{"@id":"https:\/\/www.sistem.it\/es\/su-casa-a-su-medida\/acabados-interiores-y-exteriores\/#breadcrumb"},"inLanguage":"es","potentialAction":[{"@type":"ReadAction","target":["https:\/\/www.sistem.it\/es\/su-casa-a-su-medida\/acabados-interiores-y-exteriores\/"]}]},{"@type":"ImageObject","inLanguage":"es","@id":"https:\/\/www.sistem.it\/es\/su-casa-a-su-medida\/acabados-interiores-y-exteriores\/#primaryimage","url":"https:\/\/www.sistem.it\/wp-content\/uploads\/2016\/06\/square-finiture.png","contentUrl":"https:\/\/www.sistem.it\/wp-content\/uploads\/2016\/06\/square-finiture.png","width":400,"height":400},{"@type":"BreadcrumbList","@id":"https:\/\/www.sistem.it\/es\/su-casa-a-su-medida\/acabados-interiores-y-exteriores\/#breadcrumb","itemListElement":[{"@type":"ListItem","position":1,"name":"Home","item":"https:\/\/www.sistem.it\/es\/"},{"@type":"ListItem","position":2,"name":"Su casa a su medida","item":"https:\/\/www.sistem.it\/es\/la-tua-casa-su-misura\/"},{"@type":"ListItem","position":3,"name":"Acabados interiores y exteriores"}]},{"@type":"WebSite","@id":"https:\/\/www.sistem.it\/es\/#website","url":"https:\/\/www.sistem.it\/es\/","name":"Sistem Costruzioni","description":"L&#039;arte italiana del legno","publisher":{"@id":"https:\/\/www.sistem.it\/es\/#organization"},"potentialAction":[{"@type":"SearchAction","target":{"@type":"EntryPoint","urlTemplate":"https:\/\/www.sistem.it\/es\/?s={search_term_string}"},"query-input":{"@type":"PropertyValueSpecification","valueRequired":true,"valueName":"search_term_string"}}],"inLanguage":"es"},{"@type":"Organization","@id":"https:\/\/www.sistem.it\/es\/#organization","name":"Sistem Costruzioni S.r.l.","url":"https:\/\/www.sistem.it\/es\/","logo":{"@type":"ImageObject","inLanguage":"es","@id":"https:\/\/www.sistem.it\/es\/#\/schema\/logo\/image\/","url":"https:\/\/www.sistem.it\/wp-content\/uploads\/2016\/03\/logo-sistem.png","contentUrl":"https:\/\/www.sistem.it\/wp-content\/uploads\/2016\/03\/logo-sistem.png","width":461,"height":163,"caption":"Sistem Costruzioni S.r.l."},"image":{"@id":"https:\/\/www.sistem.it\/es\/#\/schema\/logo\/image\/"}}]}},"_links":{"self":[{"href":"https:\/\/www.sistem.it\/es\/wp-json\/wp\/v2\/pages\/6252","targetHints":{"allow":["GET"]}}],"collection":[{"href":"https:\/\/www.sistem.it\/es\/wp-json\/wp\/v2\/pages"}],"about":[{"href":"https:\/\/www.sistem.it\/es\/wp-json\/wp\/v2\/types\/page"}],"author":[{"embeddable":true,"href":"https:\/\/www.sistem.it\/es\/wp-json\/wp\/v2\/users\/1"}],"replies":[{"embeddable":true,"href":"https:\/\/www.sistem.it\/es\/wp-json\/wp\/v2\/comments?post=6252"}],"version-history":[{"count":2,"href":"https:\/\/www.sistem.it\/es\/wp-json\/wp\/v2\/pages\/6252\/revisions"}],"predecessor-version":[{"id":6254,"href":"https:\/\/www.sistem.it\/es\/wp-json\/wp\/v2\/pages\/6252\/revisions\/6254"}],"up":[{"embeddable":true,"href":"https:\/\/www.sistem.it\/es\/wp-json\/wp\/v2\/pages\/6204"}],"wp:featuredmedia":[{"embeddable":true,"href":"https:\/\/www.sistem.it\/es\/wp-json\/wp\/v2\/media\/1058"}],"wp:attachment":[{"href":"https:\/\/www.sistem.it\/es\/wp-json\/wp\/v2\/media?parent=6252"}],"curies":[{"name":"wp","href":"https:\/\/api.w.org\/{rel}","templated":true}]}}