{"id":6232,"date":"2016-05-30T19:20:37","date_gmt":"2016-05-30T17:20:37","guid":{"rendered":"https:\/\/www.sistem.it\/empresa\/certificaciones\/"},"modified":"2026-02-05T17:02:52","modified_gmt":"2026-02-05T16:02:52","slug":"certificaciones","status":"publish","type":"page","link":"https:\/\/www.sistem.it\/es\/empresa\/certificaciones\/","title":{"rendered":"Certificaciones"},"content":{"rendered":"<div class=\"wpb-content-wrapper\"><p>[vc_row][vc_column]<div class=\"project-header project-header\"><h1>Le certificazioni<\/h1><h2 class=\"green\">Sicurezza e Sostenibilit\u00e0<\/h2><\/div>[vc_column_text]<strong>Los edificios de madera realizados por Sistem Costruzioni representan un encuentro entre la sostenibilidad ambiental y la seguridad. <\/strong><\/p>\n<p>Nuestras <strong>casas <\/strong>y <strong>estructuras<\/strong> <strong>de madera <\/strong>garantizan <strong>niveles <\/strong>vanguardistas <strong>de seguridad antis\u00edsmica y contra incendios<\/strong>, as\u00ed como <strong>reducciones sensibles en el consumo <\/strong>con vistas a la <strong>ecocompatibilidad<\/strong>, en pleno cumplimiento de la normativa legal aplicada al sector de la construcci\u00f3n y a la madera.[\/vc_column_text][\/vc_column][\/vc_row][vc_row][vc_column][vc_column_text]<\/p>\n<h3>Las certificaciones:<\/h3>\n<p>[\/vc_column_text][\/vc_column][\/vc_row][vc_row][vc_column][vc_column_text css=\u00bb\u00bb]<\/p>\n<h4 class=\"mb-0\">Idoneidad para el procesamiento de elementos estructurales de madera<\/h4>\n<p>(<em>D.M. 14\/01\/2008 \u00abNorme Tecniche per le costruzioni\u00bb<\/em>);<\/p>\n<p><a href=\"https:\/\/www.sistem.it\/download\/idoneita-alla-lavorazione-di-elementi-strutturali-in-legno\/\" target=\"_blank\" rel=\"noopener noreferrer\"><i class=\"fa fa-file-pdf-o\"><\/i> Attestato di denuncia delle Attivit\u00e0 di Sistem Costruzioni S.r.l.<\/a>[\/vc_column_text][\/vc_column][\/vc_row][vc_row][vc_column][vc_column_text css=\u00bb\u00bb]<\/p>\n<h4 class=\"mb-0\">Titulaci\u00f3n como Director T\u00e9cnico de producci\u00f3n de madera estructural y posteriores actualizaciones de formaci\u00f3n jur\u00eddica<\/h4>\n<p>(<em>D.M. 14\/01\/2008 \u00abNorme Tecniche per le costruzioni\u00bb<\/em>);<\/p>\n<p><a href=\"https:\/\/www.sistem.it\/download\/qualificazione-direttore-tecnico-della-produzione-di-legno-strutturale-e-successivi-aggiornamenti-formativi-di-legge\/\" target=\"_blank\" rel=\"noopener noreferrer\"><i class=\"fa fa-file-pdf-o\"><\/i> Attestato Direttori Tecnici<\/a>[\/vc_column_text][\/vc_column][\/vc_row][vc_row][vc_column][vc_column_text css=\u00bb\u00bb]<\/p>\n<h4 class=\"mb-0\">Certificaci\u00f3n SOA Evidencia de calificaci\u00f3n para la ejecuci\u00f3n de obras<\/h4>\n<p>pubblici per le categorie:<\/p>\n<p>OG1 Classe VI &#8211; Edifici civili ed industriali<\/p>\n<p>OG11 Classe I &#8211; Impianti tecnologici<\/p>\n<p>OS6 Classe II &#8211; Finiture di opere generali in materiali lignei, plastici, metallici e vetrosi<\/p>\n<p>OS7 Classe II &#8211; Finiture di opere generali di natura edile<\/p>\n<p>OS8 Classe I &#8211; Opere di impermeabilizzazione<\/p>\n<p>OS28 Classe I &#8211; Impianti termici e di condizionamento<\/p>\n<p>OS32 Classe VII &#8211; Strutture in legno<\/p>\n<p>(<em>DPR 25\/01\/2000 n\u00b032 \u2013 11\/02\/1994 n\u00b0109 e ss.mm<\/em>).<\/p>\n<p><a href=\"https:\/\/www.sistem.it\/download\/certificazione-soa-attestazione-di-qualificazione-alle-esecuzioni-di-lavori-pubblici\/\" target=\"_blank\" rel=\"noopener noreferrer\"><i class=\"fa fa-file-pdf-o\"><\/i> Certificazione SOA Sistem Costruzioni S.r.l. <\/a>[\/vc_column_text][\/vc_column][\/vc_row][vc_row][vc_column][vc_column_text css=\u00bb\u00bb]<\/p>\n<h4 class=\"mb-0\">Certificaci\u00f3n de asignaci\u00f3n de la Calificaci\u00f3n de Legalidad<\/h4>\n<p><a href=\"https:\/\/www.sistem.it\/download\/certificazione-di-attribuzione-del-rating-di-legalita\/\" target=\"_blank\" rel=\"noopener noreferrer\"> <i class=\"fa fa-file-pdf-o\"><\/i> Documento di Certificazione<\/a>[\/vc_column_text][\/vc_column][\/vc_row][vc_row full_width=\u00bbstretch_row\u00bb css=\u00bb.vc_custom_1465198389153{background-color: #efefef !important;}\u00bb][vc_column][vc_column_text]<\/p>\n<h3>Certificaciones voluntarias de calidad:<\/h3>\n<p>[\/vc_column_text][\/vc_column][\/vc_row][vc_row full_width=\u00bbstretch_row\u00bb css=\u00bb.vc_custom_1465198373454{background-color: #efefef !important;}\u00bb][vc_column][vc_column_text css=\u00bb\u00bb]<\/p>\n<h4 class=\"mb-0\">Certificaci\u00f3n del Sistema de Gesti\u00f3n de Calidad para el dise\u00f1o, producci\u00f3n e instalaci\u00f3n de estructuras de madera<\/h4>\n<p><a href=\"https:\/\/www.sistem.it\/download\/certificazione-iso-90012015-sistem-costruzioni-s-r-l\/\" target=\"_blank\" rel=\"noopener\">Certificazione ISO 9001:2015 Sistem Costruzioni S.r.l.<\/a>[\/vc_column_text][\/vc_column][\/vc_row][vc_row full_width=\u00bbstretch_row\u00bb css=\u00bb.vc_custom_1465198373454{background-color: #efefef !important;}\u00bb][vc_column][vc_column_text css=\u00bb\u00bb]<\/p>\n<h4 class=\"mb-0\">Certificaci\u00f3n del Sistema de Gesti\u00f3n Ambiental<\/h4>\n<p><a href=\"https:\/\/www.sistem.it\/download\/certificazione-iso-140012015-sistem-costruzioni-s-r-l\/\" target=\"_blank\" rel=\"noopener noreferrer\">Certificazione ISO 14001:2015 Sistem Costruzioni S.r.l.<\/a>[\/vc_column_text][\/vc_column][\/vc_row][vc_row full_width=\u00bbstretch_row\u00bb css=\u00bb.vc_custom_1465198363241{background-color: #efefef !important;}\u00bb][vc_column][vc_column_text css=\u00bb\u00bb]<\/p>\n<h4 class=\"mb-0\">Certificaci\u00f3n PEFC para la atestaci\u00f3n de \u00abgesti\u00f3n forestal sostenible\u00bb<\/h4>\n<p><a href=\"https:\/\/www.sistem.it\/download\/certificazione-pefc-licenza-n-pefc-18-31-160\/\" target=\"_blank\" rel=\"noopener noreferrer\"><i class=\"fa fa-file-pdf-o\"><\/i> Certificazione PEFC (Licenza N. PEFC\/18-31-160) &#8211; Sistem Costruzioni S.r.l.<\/a>[\/vc_column_text][\/vc_column][\/vc_row][vc_row full_width=\u00bbstretch_row\u00bb css=\u00bb.vc_custom_1465198363241{background-color: #efefef !important;}\u00bb][vc_column][vc_column_text css=\u00bb\u00bb]<\/p>\n<h4 class=\"mb-0\">Certificaci\u00f3n V.A.L.E. &#8211; Sistema de Confiabilidad de la Construcci\u00f3n en Madera<\/h4>\n<p><a href=\"https:\/\/www.sistem.it\/download\/certificazione-s-a-l-e\/\" target=\"_blank\" rel=\"noopener noreferrer\"><i class=\"fa fa-file-pdf-o\"><\/i> Certificazione S.A.L.E. Sistem Costruzioni S.r.l.<\/a><br \/><a href=\"https:\/\/www.certificazionesale.it\/\" target=\"_blank\" rel=\"noopener noreferrer\"><i class=\"fa fa-external-link\"><\/i> Sito del Sistema Affidabilit\u00e0 Legno Edilizia<\/a>[\/vc_column_text][\/vc_column][\/vc_row][vc_row full_width=\u00bbstretch_row\u00bb css=\u00bb.vc_custom_1465198363241{background-color: #efefef !important;}\u00bb][vc_column][vc_column_text css=\u00bb\u00bb]<\/p>\n<h4 class=\"mb-0\">Certificaci\u00f3n de Salud y Seguridad<\/h4>\n<p><a href=\"https:\/\/www.sistem.it\/download\/shs180083-icila-iso-450012018\/\" target=\"_blank\" rel=\"noopener noreferrer\">SHS180083-ICILA \u2013 ISO 45001:2018<\/a>[\/vc_column_text][\/vc_column][\/vc_row][vc_row full_width=\u00bbstretch_row\u00bb css=\u00bb.vc_custom_1465198363241{background-color: #efefef !important;}\u00bb][vc_column][vc_column_text css=\u00bb\u00bb]<\/p>\n<h4 class=\"mb-0\">Pol\u00edtica de calidad de Sistem Costruzioni<\/h4>\n<p><a href=\"https:\/\/www.sistem.it\/download\/politica-qualita-sistem-costruzioni\/\" target=\"_blank\" rel=\"noopener noreferrer\"><i class=\"fa fa-file-pdf-o\"><\/i> Politica Qualit\u00e0 Sistem Costruzioni<\/a>[\/vc_column_text][\/vc_column][\/vc_row]<\/p>\n<\/div>","protected":false},"excerpt":{"rendered":"<p>[vc_row][vc_column][vc_column_text]Los edificios de madera realizados por Sistem Costruzioni representan un encuentro entre la sostenibilidad ambiental y la seguridad. Nuestras casas y estructuras de madera garantizan niveles vanguardistas de seguridad antis\u00edsmica y contra incendios, as\u00ed como reducciones sensibles en el consumo con vistas a la ecocompatibilidad, en pleno cumplimiento de la normativa legal aplicada al sector [&hellip;]<\/p>\n","protected":false},"author":1,"featured_media":1252,"parent":6202,"menu_order":0,"comment_status":"closed","ping_status":"closed","template":"","meta":{"_acf_changed":false,"footnotes":""},"class_list":["post-6232","page","type-page","status-publish","has-post-thumbnail","hentry"],"acf":[],"yoast_head":"<!-- This site is optimized with the Yoast SEO plugin v27.3 - https:\/\/yoast.com\/product\/yoast-seo-wordpress\/ -->\n<title>Certificaciones - Sistem Costruzioni<\/title>\n<meta name=\"description\" content=\"Sistem Costruzioni es una empresa altamente certificada y sus casas de madera tambi\u00e9n est\u00e1n certificadas, por ser: antis\u00edsmicas, ign\u00edfugas y ecosostenibles.\" \/>\n<meta name=\"robots\" content=\"index, follow, max-snippet:-1, max-image-preview:large, max-video-preview:-1\" \/>\n<link rel=\"canonical\" href=\"https:\/\/www.sistem.it\/es\/empresa\/certificaciones\/\" \/>\n<meta property=\"og:locale\" content=\"es_ES\" \/>\n<meta property=\"og:type\" content=\"article\" \/>\n<meta property=\"og:title\" content=\"Certificaciones - Sistem Costruzioni\" \/>\n<meta property=\"og:description\" content=\"Sistem Costruzioni es una empresa altamente certificada y sus casas de madera tambi\u00e9n est\u00e1n certificadas, por ser: antis\u00edsmicas, ign\u00edfugas y ecosostenibles.\" \/>\n<meta property=\"og:url\" content=\"https:\/\/www.sistem.it\/es\/empresa\/certificaciones\/\" \/>\n<meta property=\"og:site_name\" content=\"Sistem Costruzioni\" \/>\n<meta property=\"article:modified_time\" content=\"2026-02-05T16:02:52+00:00\" \/>\n<meta property=\"og:image\" content=\"https:\/\/www.sistem.it\/wp-content\/uploads\/2016\/05\/square-certificazioni.png\" \/>\n\t<meta property=\"og:image:width\" content=\"400\" \/>\n\t<meta property=\"og:image:height\" content=\"400\" \/>\n\t<meta property=\"og:image:type\" content=\"image\/png\" \/>\n<meta name=\"twitter:card\" content=\"summary_large_image\" \/>\n<meta name=\"twitter:label1\" content=\"Tiempo de lectura\" \/>\n\t<meta name=\"twitter:data1\" content=\"3 minutos\" \/>\n<script type=\"application\/ld+json\" class=\"yoast-schema-graph\">{\"@context\":\"https:\\\/\\\/schema.org\",\"@graph\":[{\"@type\":\"WebPage\",\"@id\":\"https:\\\/\\\/www.sistem.it\\\/es\\\/empresa\\\/certificaciones\\\/\",\"url\":\"https:\\\/\\\/www.sistem.it\\\/es\\\/empresa\\\/certificaciones\\\/\",\"name\":\"Certificaciones - Sistem Costruzioni\",\"isPartOf\":{\"@id\":\"https:\\\/\\\/www.sistem.it\\\/es\\\/#website\"},\"primaryImageOfPage\":{\"@id\":\"https:\\\/\\\/www.sistem.it\\\/es\\\/empresa\\\/certificaciones\\\/#primaryimage\"},\"image\":{\"@id\":\"https:\\\/\\\/www.sistem.it\\\/es\\\/empresa\\\/certificaciones\\\/#primaryimage\"},\"thumbnailUrl\":\"https:\\\/\\\/www.sistem.it\\\/wp-content\\\/uploads\\\/2016\\\/05\\\/square-certificazioni.png\",\"datePublished\":\"2016-05-30T17:20:37+00:00\",\"dateModified\":\"2026-02-05T16:02:52+00:00\",\"description\":\"Sistem Costruzioni es una empresa altamente certificada y sus casas de madera tambi\u00e9n est\u00e1n certificadas, por ser: antis\u00edsmicas, ign\u00edfugas y ecosostenibles.\",\"breadcrumb\":{\"@id\":\"https:\\\/\\\/www.sistem.it\\\/es\\\/empresa\\\/certificaciones\\\/#breadcrumb\"},\"inLanguage\":\"es\",\"potentialAction\":[{\"@type\":\"ReadAction\",\"target\":[\"https:\\\/\\\/www.sistem.it\\\/es\\\/empresa\\\/certificaciones\\\/\"]}]},{\"@type\":\"ImageObject\",\"inLanguage\":\"es\",\"@id\":\"https:\\\/\\\/www.sistem.it\\\/es\\\/empresa\\\/certificaciones\\\/#primaryimage\",\"url\":\"https:\\\/\\\/www.sistem.it\\\/wp-content\\\/uploads\\\/2016\\\/05\\\/square-certificazioni.png\",\"contentUrl\":\"https:\\\/\\\/www.sistem.it\\\/wp-content\\\/uploads\\\/2016\\\/05\\\/square-certificazioni.png\",\"width\":400,\"height\":400},{\"@type\":\"BreadcrumbList\",\"@id\":\"https:\\\/\\\/www.sistem.it\\\/es\\\/empresa\\\/certificaciones\\\/#breadcrumb\",\"itemListElement\":[{\"@type\":\"ListItem\",\"position\":1,\"name\":\"Home\",\"item\":\"https:\\\/\\\/www.sistem.it\\\/es\\\/\"},{\"@type\":\"ListItem\",\"position\":2,\"name\":\"Empresa\",\"item\":\"https:\\\/\\\/www.sistem.it\\\/es\\\/empresa\\\/\"},{\"@type\":\"ListItem\",\"position\":3,\"name\":\"Certificaciones\"}]},{\"@type\":\"WebSite\",\"@id\":\"https:\\\/\\\/www.sistem.it\\\/es\\\/#website\",\"url\":\"https:\\\/\\\/www.sistem.it\\\/es\\\/\",\"name\":\"Sistem Costruzioni\",\"description\":\"L&#039;arte italiana del legno\",\"publisher\":{\"@id\":\"https:\\\/\\\/www.sistem.it\\\/es\\\/#organization\"},\"potentialAction\":[{\"@type\":\"SearchAction\",\"target\":{\"@type\":\"EntryPoint\",\"urlTemplate\":\"https:\\\/\\\/www.sistem.it\\\/es\\\/?s={search_term_string}\"},\"query-input\":{\"@type\":\"PropertyValueSpecification\",\"valueRequired\":true,\"valueName\":\"search_term_string\"}}],\"inLanguage\":\"es\"},{\"@type\":\"Organization\",\"@id\":\"https:\\\/\\\/www.sistem.it\\\/es\\\/#organization\",\"name\":\"Sistem Costruzioni S.r.l.\",\"url\":\"https:\\\/\\\/www.sistem.it\\\/es\\\/\",\"logo\":{\"@type\":\"ImageObject\",\"inLanguage\":\"es\",\"@id\":\"https:\\\/\\\/www.sistem.it\\\/es\\\/#\\\/schema\\\/logo\\\/image\\\/\",\"url\":\"https:\\\/\\\/www.sistem.it\\\/wp-content\\\/uploads\\\/2016\\\/03\\\/logo-sistem.png\",\"contentUrl\":\"https:\\\/\\\/www.sistem.it\\\/wp-content\\\/uploads\\\/2016\\\/03\\\/logo-sistem.png\",\"width\":461,\"height\":163,\"caption\":\"Sistem Costruzioni S.r.l.\"},\"image\":{\"@id\":\"https:\\\/\\\/www.sistem.it\\\/es\\\/#\\\/schema\\\/logo\\\/image\\\/\"}}]}<\/script>\n<!-- \/ Yoast SEO plugin. -->","yoast_head_json":{"title":"Certificaciones - Sistem Costruzioni","description":"Sistem Costruzioni es una empresa altamente certificada y sus casas de madera tambi\u00e9n est\u00e1n certificadas, por ser: antis\u00edsmicas, ign\u00edfugas y ecosostenibles.","robots":{"index":"index","follow":"follow","max-snippet":"max-snippet:-1","max-image-preview":"max-image-preview:large","max-video-preview":"max-video-preview:-1"},"canonical":"https:\/\/www.sistem.it\/es\/empresa\/certificaciones\/","og_locale":"es_ES","og_type":"article","og_title":"Certificaciones - Sistem Costruzioni","og_description":"Sistem Costruzioni es una empresa altamente certificada y sus casas de madera tambi\u00e9n est\u00e1n certificadas, por ser: antis\u00edsmicas, ign\u00edfugas y ecosostenibles.","og_url":"https:\/\/www.sistem.it\/es\/empresa\/certificaciones\/","og_site_name":"Sistem Costruzioni","article_modified_time":"2026-02-05T16:02:52+00:00","og_image":[{"width":400,"height":400,"url":"https:\/\/www.sistem.it\/wp-content\/uploads\/2016\/05\/square-certificazioni.png","type":"image\/png"}],"twitter_card":"summary_large_image","twitter_misc":{"Tiempo de lectura":"3 minutos"},"schema":{"@context":"https:\/\/schema.org","@graph":[{"@type":"WebPage","@id":"https:\/\/www.sistem.it\/es\/empresa\/certificaciones\/","url":"https:\/\/www.sistem.it\/es\/empresa\/certificaciones\/","name":"Certificaciones - Sistem Costruzioni","isPartOf":{"@id":"https:\/\/www.sistem.it\/es\/#website"},"primaryImageOfPage":{"@id":"https:\/\/www.sistem.it\/es\/empresa\/certificaciones\/#primaryimage"},"image":{"@id":"https:\/\/www.sistem.it\/es\/empresa\/certificaciones\/#primaryimage"},"thumbnailUrl":"https:\/\/www.sistem.it\/wp-content\/uploads\/2016\/05\/square-certificazioni.png","datePublished":"2016-05-30T17:20:37+00:00","dateModified":"2026-02-05T16:02:52+00:00","description":"Sistem Costruzioni es una empresa altamente certificada y sus casas de madera tambi\u00e9n est\u00e1n certificadas, por ser: antis\u00edsmicas, ign\u00edfugas y ecosostenibles.","breadcrumb":{"@id":"https:\/\/www.sistem.it\/es\/empresa\/certificaciones\/#breadcrumb"},"inLanguage":"es","potentialAction":[{"@type":"ReadAction","target":["https:\/\/www.sistem.it\/es\/empresa\/certificaciones\/"]}]},{"@type":"ImageObject","inLanguage":"es","@id":"https:\/\/www.sistem.it\/es\/empresa\/certificaciones\/#primaryimage","url":"https:\/\/www.sistem.it\/wp-content\/uploads\/2016\/05\/square-certificazioni.png","contentUrl":"https:\/\/www.sistem.it\/wp-content\/uploads\/2016\/05\/square-certificazioni.png","width":400,"height":400},{"@type":"BreadcrumbList","@id":"https:\/\/www.sistem.it\/es\/empresa\/certificaciones\/#breadcrumb","itemListElement":[{"@type":"ListItem","position":1,"name":"Home","item":"https:\/\/www.sistem.it\/es\/"},{"@type":"ListItem","position":2,"name":"Empresa","item":"https:\/\/www.sistem.it\/es\/empresa\/"},{"@type":"ListItem","position":3,"name":"Certificaciones"}]},{"@type":"WebSite","@id":"https:\/\/www.sistem.it\/es\/#website","url":"https:\/\/www.sistem.it\/es\/","name":"Sistem Costruzioni","description":"L&#039;arte italiana del legno","publisher":{"@id":"https:\/\/www.sistem.it\/es\/#organization"},"potentialAction":[{"@type":"SearchAction","target":{"@type":"EntryPoint","urlTemplate":"https:\/\/www.sistem.it\/es\/?s={search_term_string}"},"query-input":{"@type":"PropertyValueSpecification","valueRequired":true,"valueName":"search_term_string"}}],"inLanguage":"es"},{"@type":"Organization","@id":"https:\/\/www.sistem.it\/es\/#organization","name":"Sistem Costruzioni S.r.l.","url":"https:\/\/www.sistem.it\/es\/","logo":{"@type":"ImageObject","inLanguage":"es","@id":"https:\/\/www.sistem.it\/es\/#\/schema\/logo\/image\/","url":"https:\/\/www.sistem.it\/wp-content\/uploads\/2016\/03\/logo-sistem.png","contentUrl":"https:\/\/www.sistem.it\/wp-content\/uploads\/2016\/03\/logo-sistem.png","width":461,"height":163,"caption":"Sistem Costruzioni S.r.l."},"image":{"@id":"https:\/\/www.sistem.it\/es\/#\/schema\/logo\/image\/"}}]}},"_links":{"self":[{"href":"https:\/\/www.sistem.it\/es\/wp-json\/wp\/v2\/pages\/6232","targetHints":{"allow":["GET"]}}],"collection":[{"href":"https:\/\/www.sistem.it\/es\/wp-json\/wp\/v2\/pages"}],"about":[{"href":"https:\/\/www.sistem.it\/es\/wp-json\/wp\/v2\/types\/page"}],"author":[{"embeddable":true,"href":"https:\/\/www.sistem.it\/es\/wp-json\/wp\/v2\/users\/1"}],"replies":[{"embeddable":true,"href":"https:\/\/www.sistem.it\/es\/wp-json\/wp\/v2\/comments?post=6232"}],"version-history":[{"count":33,"href":"https:\/\/www.sistem.it\/es\/wp-json\/wp\/v2\/pages\/6232\/revisions"}],"predecessor-version":[{"id":51040,"href":"https:\/\/www.sistem.it\/es\/wp-json\/wp\/v2\/pages\/6232\/revisions\/51040"}],"up":[{"embeddable":true,"href":"https:\/\/www.sistem.it\/es\/wp-json\/wp\/v2\/pages\/6202"}],"wp:featuredmedia":[{"embeddable":true,"href":"https:\/\/www.sistem.it\/es\/wp-json\/wp\/v2\/media\/1252"}],"wp:attachment":[{"href":"https:\/\/www.sistem.it\/es\/wp-json\/wp\/v2\/media?parent=6232"}],"curies":[{"name":"wp","href":"https:\/\/api.w.org\/{rel}","templated":true}]}}