{"id":6228,"date":"2019-05-31T22:54:10","date_gmt":"2019-05-31T20:54:10","guid":{"rendered":"https:\/\/www.sistem.it\/empresa\/internacionalidad\/"},"modified":"2019-06-03T17:50:50","modified_gmt":"2019-06-03T15:50:50","slug":"internacionalidad","status":"publish","type":"page","link":"https:\/\/www.sistem.it\/es\/empresa\/internacionalidad\/","title":{"rendered":"Internacionalidad"},"content":{"rendered":"<div class=\"wpb-content-wrapper\"><p>[vc_row][vc_column]<div class=\"project-header world\"><h1>Internacionalidad<\/h1><h2 class=\"green\">Las realizaciones en madera aptas para cada contexto.<\/h2><\/div>[\/vc_column][\/vc_row][vc_row][vc_column width=\u00bb1\/2&#8243;][vc_column_text]Construimos edificios de madera y casas para empresas y particulares en el extranjero, encarg\u00e1ndonos del dise\u00f1o y la ejecuci\u00f3n con un servicio llave en mano.<\/p>\n<p><strong>Nuestro objetivo es exportar la calidad de las realizaciones italianas en madera adapt\u00e1ndolas a diferentes contextos, <\/strong>siempre siguiendo la f\u00f3rmula de la excelencia.<\/p>\n<p>Por este motivo, <strong>nuestro equipo especializado realiza un profundo an\u00e1lisis de la cultura local<\/strong> <strong>y de las necesidades del cliente<\/strong>, a trav\u00e9s del cual se pueden elaborar propuestas y soluciones para que la obra final se inserte armoniosamente en el contexto.<\/p>\n<p>Nuestros t\u00e9cnicos est\u00e1n presentes tanto en la fase de <strong>dise\u00f1o <\/strong>como en la <strong>construcci\u00f3n de edificios de madera en el extranjero<\/strong>, asegurando la <strong>elaboraci\u00f3n de los elementos de madera en Italia<\/strong> y el <strong>env\u00edo y montaje in situ<\/strong>.<\/p>\n<p><strong>Experiencia<\/strong>, <strong>creatividad<\/strong> y <strong>estilo italiano<\/strong> hacen que la actividad m\u00e1s all\u00e1 de las fronteras nacionales sea una experiencia apreciada y en continuo desarrollo.[\/vc_column_text][\/vc_column][vc_column width=\u00bb1\/2&#8243;][vc_video link=\u00bbhttps:\/\/youtu.be\/8dS956dPQFQ\u00bb align=\u00bbcenter\u00bb][\/vc_column][\/vc_row][vc_row full_width=\u00bbstretch_row\u00bb css=\u00bb.vc_custom_1552408803174{background-color: #d6ecff !important;}\u00bb][vc_column][vc_media_grid element_width=\u00bb2&#8243; gap=\u00bb10&#8243; initial_loading_animation=\u00bbnone\u00bb grid_id=\u00bbvc_gid:1559577034193-02125fdb-0f88-0&#8243; include=\u00bb1310,1313,1316,1319,1322,1325,1328,1331,1334,1337,1340&#8243;][\/vc_column][\/vc_row]<\/p>\n<\/div>","protected":false},"excerpt":{"rendered":"<p>[vc_row][vc_column][\/vc_column][\/vc_row][vc_row][vc_column width=\u00bb1\/2&#8243;][vc_column_text]Construimos edificios de madera y casas para empresas y particulares en el extranjero, encarg\u00e1ndonos del dise\u00f1o y la ejecuci\u00f3n con un servicio llave en mano. Nuestro objetivo es exportar la calidad de las realizaciones italianas en madera adapt\u00e1ndolas a diferentes contextos, siempre siguiendo la f\u00f3rmula de la excelencia. Por este motivo, nuestro equipo especializado [&hellip;]<\/p>\n","protected":false},"author":1,"featured_media":1256,"parent":6202,"menu_order":0,"comment_status":"closed","ping_status":"closed","template":"","meta":{"_acf_changed":false,"footnotes":""},"class_list":["post-6228","page","type-page","status-publish","has-post-thumbnail","hentry"],"acf":[],"yoast_head":"<!-- This site is optimized with the Yoast SEO plugin v27.3 - https:\/\/yoast.com\/product\/yoast-seo-wordpress\/ -->\n<title>Internacionalidad - Sistem Costruzioni<\/title>\n<meta name=\"description\" content=\"El objetivo de Sistem Costruzioni es exportar la calidad italiana al extranjero, adapt\u00e1ndose al contexto internacional para asegurar la excelencia en todas partes.\" \/>\n<meta name=\"robots\" content=\"index, follow, max-snippet:-1, max-image-preview:large, max-video-preview:-1\" \/>\n<link rel=\"canonical\" href=\"https:\/\/www.sistem.it\/es\/empresa\/internacionalidad\/\" \/>\n<meta property=\"og:locale\" content=\"es_ES\" \/>\n<meta property=\"og:type\" content=\"article\" \/>\n<meta property=\"og:title\" content=\"Internacionalidad - Sistem Costruzioni\" \/>\n<meta property=\"og:description\" content=\"El objetivo de Sistem Costruzioni es exportar la calidad italiana al extranjero, adapt\u00e1ndose al contexto internacional para asegurar la excelencia en todas partes.\" \/>\n<meta property=\"og:url\" content=\"https:\/\/www.sistem.it\/es\/empresa\/internacionalidad\/\" \/>\n<meta property=\"og:site_name\" content=\"Sistem Costruzioni\" \/>\n<meta property=\"article:modified_time\" content=\"2019-06-03T15:50:50+00:00\" \/>\n<meta property=\"og:image\" content=\"https:\/\/www.sistem.it\/wp-content\/uploads\/2016\/03\/square-internazionalita.png\" \/>\n\t<meta property=\"og:image:width\" content=\"400\" \/>\n\t<meta property=\"og:image:height\" content=\"400\" \/>\n\t<meta property=\"og:image:type\" content=\"image\/png\" \/>\n<meta name=\"twitter:card\" content=\"summary_large_image\" \/>\n<meta name=\"twitter:label1\" content=\"Tiempo de lectura\" \/>\n\t<meta name=\"twitter:data1\" content=\"1 minuto\" \/>\n<script type=\"application\/ld+json\" class=\"yoast-schema-graph\">{\"@context\":\"https:\\\/\\\/schema.org\",\"@graph\":[{\"@type\":\"WebPage\",\"@id\":\"https:\\\/\\\/www.sistem.it\\\/es\\\/empresa\\\/internacionalidad\\\/\",\"url\":\"https:\\\/\\\/www.sistem.it\\\/es\\\/empresa\\\/internacionalidad\\\/\",\"name\":\"Internacionalidad - Sistem Costruzioni\",\"isPartOf\":{\"@id\":\"https:\\\/\\\/www.sistem.it\\\/es\\\/#website\"},\"primaryImageOfPage\":{\"@id\":\"https:\\\/\\\/www.sistem.it\\\/es\\\/empresa\\\/internacionalidad\\\/#primaryimage\"},\"image\":{\"@id\":\"https:\\\/\\\/www.sistem.it\\\/es\\\/empresa\\\/internacionalidad\\\/#primaryimage\"},\"thumbnailUrl\":\"https:\\\/\\\/www.sistem.it\\\/wp-content\\\/uploads\\\/2016\\\/03\\\/square-internazionalita.png\",\"datePublished\":\"2019-05-31T20:54:10+00:00\",\"dateModified\":\"2019-06-03T15:50:50+00:00\",\"description\":\"El objetivo de Sistem Costruzioni es exportar la calidad italiana al extranjero, adapt\u00e1ndose al contexto internacional para asegurar la excelencia en todas partes.\",\"breadcrumb\":{\"@id\":\"https:\\\/\\\/www.sistem.it\\\/es\\\/empresa\\\/internacionalidad\\\/#breadcrumb\"},\"inLanguage\":\"es\",\"potentialAction\":[{\"@type\":\"ReadAction\",\"target\":[\"https:\\\/\\\/www.sistem.it\\\/es\\\/empresa\\\/internacionalidad\\\/\"]}]},{\"@type\":\"ImageObject\",\"inLanguage\":\"es\",\"@id\":\"https:\\\/\\\/www.sistem.it\\\/es\\\/empresa\\\/internacionalidad\\\/#primaryimage\",\"url\":\"https:\\\/\\\/www.sistem.it\\\/wp-content\\\/uploads\\\/2016\\\/03\\\/square-internazionalita.png\",\"contentUrl\":\"https:\\\/\\\/www.sistem.it\\\/wp-content\\\/uploads\\\/2016\\\/03\\\/square-internazionalita.png\",\"width\":400,\"height\":400},{\"@type\":\"BreadcrumbList\",\"@id\":\"https:\\\/\\\/www.sistem.it\\\/es\\\/empresa\\\/internacionalidad\\\/#breadcrumb\",\"itemListElement\":[{\"@type\":\"ListItem\",\"position\":1,\"name\":\"Home\",\"item\":\"https:\\\/\\\/www.sistem.it\\\/es\\\/\"},{\"@type\":\"ListItem\",\"position\":2,\"name\":\"Empresa\",\"item\":\"https:\\\/\\\/www.sistem.it\\\/es\\\/empresa\\\/\"},{\"@type\":\"ListItem\",\"position\":3,\"name\":\"Internacionalidad\"}]},{\"@type\":\"WebSite\",\"@id\":\"https:\\\/\\\/www.sistem.it\\\/es\\\/#website\",\"url\":\"https:\\\/\\\/www.sistem.it\\\/es\\\/\",\"name\":\"Sistem Costruzioni\",\"description\":\"L&#039;arte italiana del legno\",\"publisher\":{\"@id\":\"https:\\\/\\\/www.sistem.it\\\/es\\\/#organization\"},\"potentialAction\":[{\"@type\":\"SearchAction\",\"target\":{\"@type\":\"EntryPoint\",\"urlTemplate\":\"https:\\\/\\\/www.sistem.it\\\/es\\\/?s={search_term_string}\"},\"query-input\":{\"@type\":\"PropertyValueSpecification\",\"valueRequired\":true,\"valueName\":\"search_term_string\"}}],\"inLanguage\":\"es\"},{\"@type\":\"Organization\",\"@id\":\"https:\\\/\\\/www.sistem.it\\\/es\\\/#organization\",\"name\":\"Sistem Costruzioni S.r.l.\",\"url\":\"https:\\\/\\\/www.sistem.it\\\/es\\\/\",\"logo\":{\"@type\":\"ImageObject\",\"inLanguage\":\"es\",\"@id\":\"https:\\\/\\\/www.sistem.it\\\/es\\\/#\\\/schema\\\/logo\\\/image\\\/\",\"url\":\"https:\\\/\\\/www.sistem.it\\\/wp-content\\\/uploads\\\/2016\\\/03\\\/logo-sistem.png\",\"contentUrl\":\"https:\\\/\\\/www.sistem.it\\\/wp-content\\\/uploads\\\/2016\\\/03\\\/logo-sistem.png\",\"width\":461,\"height\":163,\"caption\":\"Sistem Costruzioni S.r.l.\"},\"image\":{\"@id\":\"https:\\\/\\\/www.sistem.it\\\/es\\\/#\\\/schema\\\/logo\\\/image\\\/\"}}]}<\/script>\n<!-- \/ Yoast SEO plugin. -->","yoast_head_json":{"title":"Internacionalidad - Sistem Costruzioni","description":"El objetivo de Sistem Costruzioni es exportar la calidad italiana al extranjero, adapt\u00e1ndose al contexto internacional para asegurar la excelencia en todas partes.","robots":{"index":"index","follow":"follow","max-snippet":"max-snippet:-1","max-image-preview":"max-image-preview:large","max-video-preview":"max-video-preview:-1"},"canonical":"https:\/\/www.sistem.it\/es\/empresa\/internacionalidad\/","og_locale":"es_ES","og_type":"article","og_title":"Internacionalidad - Sistem Costruzioni","og_description":"El objetivo de Sistem Costruzioni es exportar la calidad italiana al extranjero, adapt\u00e1ndose al contexto internacional para asegurar la excelencia en todas partes.","og_url":"https:\/\/www.sistem.it\/es\/empresa\/internacionalidad\/","og_site_name":"Sistem Costruzioni","article_modified_time":"2019-06-03T15:50:50+00:00","og_image":[{"width":400,"height":400,"url":"https:\/\/www.sistem.it\/wp-content\/uploads\/2016\/03\/square-internazionalita.png","type":"image\/png"}],"twitter_card":"summary_large_image","twitter_misc":{"Tiempo de lectura":"1 minuto"},"schema":{"@context":"https:\/\/schema.org","@graph":[{"@type":"WebPage","@id":"https:\/\/www.sistem.it\/es\/empresa\/internacionalidad\/","url":"https:\/\/www.sistem.it\/es\/empresa\/internacionalidad\/","name":"Internacionalidad - Sistem Costruzioni","isPartOf":{"@id":"https:\/\/www.sistem.it\/es\/#website"},"primaryImageOfPage":{"@id":"https:\/\/www.sistem.it\/es\/empresa\/internacionalidad\/#primaryimage"},"image":{"@id":"https:\/\/www.sistem.it\/es\/empresa\/internacionalidad\/#primaryimage"},"thumbnailUrl":"https:\/\/www.sistem.it\/wp-content\/uploads\/2016\/03\/square-internazionalita.png","datePublished":"2019-05-31T20:54:10+00:00","dateModified":"2019-06-03T15:50:50+00:00","description":"El objetivo de Sistem Costruzioni es exportar la calidad italiana al extranjero, adapt\u00e1ndose al contexto internacional para asegurar la excelencia en todas partes.","breadcrumb":{"@id":"https:\/\/www.sistem.it\/es\/empresa\/internacionalidad\/#breadcrumb"},"inLanguage":"es","potentialAction":[{"@type":"ReadAction","target":["https:\/\/www.sistem.it\/es\/empresa\/internacionalidad\/"]}]},{"@type":"ImageObject","inLanguage":"es","@id":"https:\/\/www.sistem.it\/es\/empresa\/internacionalidad\/#primaryimage","url":"https:\/\/www.sistem.it\/wp-content\/uploads\/2016\/03\/square-internazionalita.png","contentUrl":"https:\/\/www.sistem.it\/wp-content\/uploads\/2016\/03\/square-internazionalita.png","width":400,"height":400},{"@type":"BreadcrumbList","@id":"https:\/\/www.sistem.it\/es\/empresa\/internacionalidad\/#breadcrumb","itemListElement":[{"@type":"ListItem","position":1,"name":"Home","item":"https:\/\/www.sistem.it\/es\/"},{"@type":"ListItem","position":2,"name":"Empresa","item":"https:\/\/www.sistem.it\/es\/empresa\/"},{"@type":"ListItem","position":3,"name":"Internacionalidad"}]},{"@type":"WebSite","@id":"https:\/\/www.sistem.it\/es\/#website","url":"https:\/\/www.sistem.it\/es\/","name":"Sistem Costruzioni","description":"L&#039;arte italiana del legno","publisher":{"@id":"https:\/\/www.sistem.it\/es\/#organization"},"potentialAction":[{"@type":"SearchAction","target":{"@type":"EntryPoint","urlTemplate":"https:\/\/www.sistem.it\/es\/?s={search_term_string}"},"query-input":{"@type":"PropertyValueSpecification","valueRequired":true,"valueName":"search_term_string"}}],"inLanguage":"es"},{"@type":"Organization","@id":"https:\/\/www.sistem.it\/es\/#organization","name":"Sistem Costruzioni S.r.l.","url":"https:\/\/www.sistem.it\/es\/","logo":{"@type":"ImageObject","inLanguage":"es","@id":"https:\/\/www.sistem.it\/es\/#\/schema\/logo\/image\/","url":"https:\/\/www.sistem.it\/wp-content\/uploads\/2016\/03\/logo-sistem.png","contentUrl":"https:\/\/www.sistem.it\/wp-content\/uploads\/2016\/03\/logo-sistem.png","width":461,"height":163,"caption":"Sistem Costruzioni S.r.l."},"image":{"@id":"https:\/\/www.sistem.it\/es\/#\/schema\/logo\/image\/"}}]}},"_links":{"self":[{"href":"https:\/\/www.sistem.it\/es\/wp-json\/wp\/v2\/pages\/6228","targetHints":{"allow":["GET"]}}],"collection":[{"href":"https:\/\/www.sistem.it\/es\/wp-json\/wp\/v2\/pages"}],"about":[{"href":"https:\/\/www.sistem.it\/es\/wp-json\/wp\/v2\/types\/page"}],"author":[{"embeddable":true,"href":"https:\/\/www.sistem.it\/es\/wp-json\/wp\/v2\/users\/1"}],"replies":[{"embeddable":true,"href":"https:\/\/www.sistem.it\/es\/wp-json\/wp\/v2\/comments?post=6228"}],"version-history":[{"count":3,"href":"https:\/\/www.sistem.it\/es\/wp-json\/wp\/v2\/pages\/6228\/revisions"}],"predecessor-version":[{"id":6335,"href":"https:\/\/www.sistem.it\/es\/wp-json\/wp\/v2\/pages\/6228\/revisions\/6335"}],"up":[{"embeddable":true,"href":"https:\/\/www.sistem.it\/es\/wp-json\/wp\/v2\/pages\/6202"}],"wp:featuredmedia":[{"embeddable":true,"href":"https:\/\/www.sistem.it\/es\/wp-json\/wp\/v2\/media\/1256"}],"wp:attachment":[{"href":"https:\/\/www.sistem.it\/es\/wp-json\/wp\/v2\/media?parent=6228"}],"curies":[{"name":"wp","href":"https:\/\/api.w.org\/{rel}","templated":true}]}}