{"id":6223,"date":"2016-03-04T17:16:05","date_gmt":"2016-03-04T16:16:05","guid":{"rendered":"https:\/\/www.sistem.it\/preguntas-frecuentes\/"},"modified":"2024-03-27T16:19:21","modified_gmt":"2024-03-27T15:19:21","slug":"preguntas-frecuentes","status":"publish","type":"page","link":"https:\/\/www.sistem.it\/es\/preguntas-frecuentes\/","title":{"rendered":"Preguntas Frecuentes"},"content":{"rendered":"<div class=\"wpb-content-wrapper\"><p>[vc_row][vc_column width=\u00bb5\/6&#8243;]<div class=\"project-header project-header\"><h1>Domande Frequenti<\/h1><h2 class=\"green\">Le risposte dei nostri tecnici alle domande pi\u00f9 comuni<\/h2><\/div>[vc_toggle title=\u00bb\u00bfPor qu\u00e9 deber\u00eda confiar en Sistem Costruzioni para la realizaci\u00f3n de mi casa de madera?\u00bb style=\u00bbround\u00bb color=\u00bbgreen\u00bb open=\u00bbtrue\u00bb el_id=\u00bb1467735382705-e921b2b1-234f\u00bb]<strong>Sistem Costruzioni trabaja en el sector de la realizaci\u00f3n de construcciones de madera desde hace m\u00e1s de 38 a\u00f1os<\/strong>. En este tiempo ha invertido constantemente en investigaci\u00f3n y desarrollo y en la formaci\u00f3n de t\u00e9cnicos profesionales.<br \/>\nLa experiencia de la empresa, su capacidad de dise\u00f1ar y construir casas para diferentes contextos en todo el mundo, adapt\u00e1ndose a las necesidades del cliente, hacen de Sistem Costruzioni el <strong>socio ideal para su casa italiana de madera.<\/strong>[\/vc_toggle][vc_toggle title=\u00bb\u00bfCu\u00e1les son los beneficios de una casa o edificio realizado de madera?\u00bb style=\u00bbround\u00bb color=\u00bbgreen\u00bb el_id=\u00bb1467735507729-7afd9e8b-402f\u00bb]La elecci\u00f3n de realizar una casa de madera cuenta con una amplia gama de beneficios:<\/p>\n<p><strong>\u00a0<\/strong><\/p>\n<ul>\n<li><strong>Garantiza tiempos de construcci\u00f3n significativamente m\u00e1s cortos en comparaci\u00f3n con las realizaciones tradicionales<\/strong>, anticipando la entrega del edificio;<\/li>\n<li><strong>Es un material duradero<\/strong>, volviendo al edificio un patrimonio para generaciones futuras, resistente a las condiciones clim\u00e1ticas m\u00e1s adversas.<\/li>\n<li><strong>Representa una opci\u00f3n ecosostenible<\/strong>: la construcci\u00f3n de una casa de madera tiene un menor impacto en el medioambiente que el uso de materiales tradicionales;<\/li>\n<li><strong>Esto significa menores costes energ\u00e9ticos<\/strong>: el alto rendimiento de la madera, en t\u00e9rminos de aislamiento, ahorra dinero al requerir menos energ\u00eda para la calefacci\u00f3n y el aire acondicionado.<\/li>\n<\/ul>\n<p><strong>\u00a0<\/strong>[\/vc_toggle][vc_toggle title=\u00bb\u00bfEs posible realizar la casa de madera de acuerdo a mis necesidades personales?\u00bb style=\u00bbround\u00bb color=\u00bbgreen\u00bb el_id=\u00bb1467735536131-10a98f12-e018&#8243;]<strong>La madera es un material vers\u00e1til <\/strong>y garantiza la creaci\u00f3n de edificios que satisfacen las necesidades espec\u00edficas de cada cliente.<\/p>\n<p>Sistem Costruzioni cuenta con un <strong>equipo t\u00e9cnico<\/strong> <strong>de expertos, que a lo largo de los a\u00f1os ha desarrollado proyectos residenciales totalmente personalizados y a medida<\/strong>.[\/vc_toggle][vc_toggle title=\u00bb\u00bfUna casa de madera dura tanto como una casa realizada con alba\u00f1iler\u00eda?\u00bb style=\u00bbround\u00bb color=\u00bbgreen\u00bb el_id=\u00bb1467735562277-32153400-b257&#8243;]<strong>La madera es un material duradero, y las construcciones<\/strong> <strong>hechas de madera proporcionan la misma durabilidad que las realizadas de materiales tradicionales, <\/strong>adem\u00e1s, la madera es altamente resistente y tiene excelentes rendimientos frente a condiciones clim\u00e1ticas como la humedad, la sal y el hielo.<\/p>\n<p>Adem\u00e1s, dada la progresiva demanda de proyectos similares, su valor aumenta con el tiempo.[\/vc_toggle][vc_toggle title=\u00bb\u00bfDe qu\u00e9 tipo de madera est\u00e1 hecha su casa? \u00bfCu\u00e1l es su origen?\u00bb style=\u00bbround\u00bb color=\u00bbgreen\u00bb el_id=\u00bb1467735789173-04180bad-a902&#8243;]La madera de abeto es una materia prima ampliamente disponible en Europa y procedente de bosques certificados donde el crecimiento es mayor que la tala, por esta raz\u00f3n Sistem Costruzioni puede beneficiarse de la certificacion de cadena PEFC.[\/vc_toggle][vc_toggle title=\u00bb\u00bfQu\u00e9 mantenimiento necesita?\u00bb style=\u00bbround\u00bb color=\u00bbgreen\u00bb el_id=\u00bb1467737055967-a49fbda4-93bb\u00bb]<strong>Las casas de madera requieren el mismo tipo de mantenimiento que las casas hechas de materiales tradicionales<\/strong>.<\/p>\n<p>El equipo t\u00e9cnico estudia la exposici\u00f3n de la vivienda a los agentes atmosf\u00e9ricos y sugiere las contramedidas m\u00e1s adecuadas para enfrentarlos manteniendo la calidad del ambiente.[\/vc_toggle][vc_toggle title=\u00bb\u00bfCu\u00e1nto tiempo se necesita para su realizaci\u00f3n?\u00bb style=\u00bbround\u00bb color=\u00bbgreen\u00bb el_id=\u00bb1467737079075-34b36a4a-b493&#8243;]El tiempo de construcci\u00f3n de las casas de madera es extremadamente <strong>corto<\/strong> gracias a la prefabricaci\u00f3n de la mayor\u00eda de las estructuras y mucho m\u00e1s corto que con materiales tradicionales.<\/p>\n<p>Por esta raz\u00f3n son una opci\u00f3n cada vez m\u00e1s practicada por aquellos que <strong>necesitan ver su proyecto realizado en pocos meses y con costos asegurados ya desde el comienzo.<\/strong>[\/vc_toggle][vc_toggle title=\u00bb\u00bfCu\u00e1l es el porcentaje de ahorro de energ\u00eda que se puede conseguir construyendo una casa con estructura de madera?\u00bb style=\u00bbround\u00bb color=\u00bbgreen\u00bb el_id=\u00bb1467737097058-2c09ab97-dfc0&#8243;]Gracias a las propiedades aislantes de la madera, <strong>las casas construidas con este sistema garantizan<\/strong> <strong>un ahorro energ\u00e9tico que implica menores costes de hasta un 60% <\/strong>con el mismo espesor de las paredes.<\/p>\n<p>Sistem Costruzioni tambi\u00e9n realiza <strong>instalaciones energ\u00e9ticas basadas en fuentes de energ\u00eda renovables<\/strong> que implican una mayor reducci\u00f3n de los costes de compra de energ\u00eda.[\/vc_toggle][vc_toggle title=\u00bb\u00bfEs posible acceder a pr\u00e9stamos a bajo inter\u00e9s?\u00bb style=\u00bbround\u00bb color=\u00bbgreen\u00bb el_id=\u00bb1467737118514-93c072c5-3bb1&#8243;]<strong>Varios bancos han creado <\/strong><strong>pr\u00e9stamos especiales con tipos de intereses preferenciales para la construcci\u00f3n de edificios ecol\u00f3gicos, que incluyen casas, villas y otros tipos de edificios de madera.<\/strong><\/p>\n<p>M\u00e1s informaci\u00f3n en la secci\u00f3n <a href=\"\/?page_id=1019\">Pr\u00e9stamos y Financiaci\u00f3n<\/a> de la web.[\/vc_toggle][vc_toggle title=\u00bb\u00bfMi casa de madera es antis\u00edsmica? \u00bfPuede incendiarse?\u00bb style=\u00bbround\u00bb color=\u00bbgreen\u00bb el_id=\u00bb1467737161726-e674aa89-ad28&#8243;]<strong>Las casas de madera garantizan altos niveles de resistencia s\u00edsmica: <\/strong>la madera es un material ligero y esto asegura una mayor resistencia a los terremotos. La madera, adem\u00e1s, es un material <strong>naturalmente el\u00e1stico<\/strong>, y su menor rigidez permite absorber mejor la onda s\u00edsmica.<\/p>\n<p>Adem\u00e1s, <strong>las pruebas realizadas en muestras de casas prefabricadas de madera han demostrado una resistencia al fuego equivalente a la de las casas tradicionales.<\/strong>[\/vc_toggle][vc_toggle title=\u00bb\u00bfQu\u00e9 permisos se requieren para la construcci\u00f3n de un edificio de madera? \u00bfC\u00f3mo se solicitan los permisos para este tipo de casas?\u00bb style=\u00bbround\u00bb color=\u00bbgreen\u00bb el_id=\u00bb1467737180236-4c644da5-545f\u00bb]El procedimiento es el mismo para cualquier edificio:<\/p>\n<ul>\n<li>Proyecto;<\/li>\n<li>Licencia de obras;<\/li>\n<li>Autorizaci\u00f3n de las oficinas responsables<\/li>\n<\/ul>\n<p>[\/vc_toggle][vc_toggle title=\u00bb\u00bfLa casa de madera necesita cimientos?\u00bb style=\u00bbround\u00bb color=\u00bbgreen\u00bb el_id=\u00bb1467737208682-2d0df13c-9de2&#8243;]Las casas de madera se construyen sobre cimientos formados por una plataforma de colada o entreplanta de hormig\u00f3n.[\/vc_toggle][vc_toggle title=\u00bb\u00bfPuede Sistem Costruzioni ayudarme con el dise\u00f1o de mi nueva casa?\u00bb style=\u00bbround\u00bb color=\u00bbgreen\u00bb el_id=\u00bb1467738261882-3e63a8d5-f56f\u00bb]El equipo t\u00e9cnico de Sistem Costruzioni realiza proyectos de casas de madera, trabajando junto al cliente y evaluando paso a paso sus necesidades espec\u00edficas: destino de uso del edificio &#8211; cu\u00e1ntas personas vivir\u00e1n en la casa, si ser\u00e1 una casa de uso diario o s\u00f3lo durante las vacaciones&#8230; &#8211; el grado de acabado que se pretende conseguir &#8211; ventanas, puertas&#8230; &#8211; adem\u00e1s del sistema energ\u00e9tico que se desea instalar.[\/vc_toggle][vc_toggle title=\u00bbLas casas de madera de Sistem Costruzioni se entregan en bruto o llave en mano?\u00bb style=\u00bbround\u00bb color=\u00bbgreen\u00bb el_id=\u00bb1467738286692-950bb6c3-a94c\u00bb]<strong>El proyecto \u201c<a href=\"https:\/\/www.sistem.it\/es\/su-casa-a-su-medida\/\">su casa a medida<\/a>\u201d de Sistem Costruzioni ofrece al cliente la posibilidad de elegir entre diferentes tipos de realizaciones, en funci\u00f3n de sus necesidades: desde la casa en bruto hasta el servicio llave en mano.<\/strong>[\/vc_toggle][vc_toggle title=\u00bb\u00bfC\u00f3mo puedo asegurarme?\u00bb style=\u00bbround\u00bb color=\u00bbgreen\u00bb el_id=\u00bb1467738327241-e11b8e30-1d10&#8243;]Las casas de madera pueden ser aseguradas por las principales compa\u00f1\u00edas de seguros.<\/p>\n<p>&nbsp;<\/p>\n<p><strong>\u00a0<\/strong>[\/vc_toggle][\/vc_column][vc_column width=\u00bb1\/6&#8243;][vc_media_grid element_width=\u00bb12&#8243; gap=\u00bb10&#8243; initial_loading_animation=\u00bbnone\u00bb grid_id=\u00bbvc_gid:1711552696244-284939b6-2c85-1&#8243; include=\u00bb819,436,791,800,708&#8243;][\/vc_column][\/vc_row]<\/p>\n<\/div>","protected":false},"excerpt":{"rendered":"<p>[vc_row][vc_column width=\u00bb5\/6&#8243;][vc_toggle title=\u00bb\u00bfPor qu\u00e9 deber\u00eda confiar en Sistem Costruzioni para la realizaci\u00f3n de mi casa de madera?\u00bb style=\u00bbround\u00bb color=\u00bbgreen\u00bb open=\u00bbtrue\u00bb el_id=\u00bb1467735382705-e921b2b1-234f\u00bb]Sistem Costruzioni trabaja en el sector de la realizaci\u00f3n de construcciones de madera desde hace m\u00e1s de 38 a\u00f1os. En este tiempo ha invertido constantemente en investigaci\u00f3n y desarrollo y en la formaci\u00f3n de t\u00e9cnicos [&hellip;]<\/p>\n","protected":false},"author":1,"featured_media":0,"parent":0,"menu_order":0,"comment_status":"closed","ping_status":"closed","template":"","meta":{"_acf_changed":false,"footnotes":""},"class_list":["post-6223","page","type-page","status-publish","hentry"],"acf":[],"yoast_head":"<!-- This site is optimized with the Yoast SEO plugin v27.3 - https:\/\/yoast.com\/product\/yoast-seo-wordpress\/ -->\n<title>Preguntas frecuentes sobre edificios y casas de madera | Sistem Costruzioni<\/title>\n<meta name=\"description\" content=\"\u00bfEs segura una casa de madera? \u00bfAntis\u00edsmica? \u00bfGarantizada? Todas las dudas y curiosidades sobre las casas de madera explicadas por nuestro departamento t\u00e9cnico.\" \/>\n<meta name=\"robots\" content=\"index, follow, max-snippet:-1, max-image-preview:large, max-video-preview:-1\" \/>\n<link rel=\"canonical\" href=\"https:\/\/www.sistem.it\/es\/preguntas-frecuentes\/\" \/>\n<meta property=\"og:locale\" content=\"es_ES\" \/>\n<meta property=\"og:type\" content=\"article\" \/>\n<meta property=\"og:title\" content=\"Preguntas frecuentes sobre edificios y casas de madera | Sistem Costruzioni\" \/>\n<meta property=\"og:description\" content=\"\u00bfEs segura una casa de madera? \u00bfAntis\u00edsmica? \u00bfGarantizada? Todas las dudas y curiosidades sobre las casas de madera explicadas por nuestro departamento t\u00e9cnico.\" \/>\n<meta property=\"og:url\" content=\"https:\/\/www.sistem.it\/es\/preguntas-frecuentes\/\" \/>\n<meta property=\"og:site_name\" content=\"Sistem Costruzioni\" \/>\n<meta property=\"article:modified_time\" content=\"2024-03-27T15:19:21+00:00\" \/>\n<meta name=\"twitter:card\" content=\"summary_large_image\" \/>\n<meta name=\"twitter:label1\" content=\"Tiempo de lectura\" \/>\n\t<meta name=\"twitter:data1\" content=\"7 minutos\" \/>\n<script type=\"application\/ld+json\" class=\"yoast-schema-graph\">{\"@context\":\"https:\\\/\\\/schema.org\",\"@graph\":[{\"@type\":\"WebPage\",\"@id\":\"https:\\\/\\\/www.sistem.it\\\/es\\\/preguntas-frecuentes\\\/\",\"url\":\"https:\\\/\\\/www.sistem.it\\\/es\\\/preguntas-frecuentes\\\/\",\"name\":\"Preguntas frecuentes sobre edificios y casas de madera | Sistem Costruzioni\",\"isPartOf\":{\"@id\":\"https:\\\/\\\/www.sistem.it\\\/es\\\/#website\"},\"datePublished\":\"2016-03-04T16:16:05+00:00\",\"dateModified\":\"2024-03-27T15:19:21+00:00\",\"description\":\"\u00bfEs segura una casa de madera? \u00bfAntis\u00edsmica? \u00bfGarantizada? Todas las dudas y curiosidades sobre las casas de madera explicadas por nuestro departamento t\u00e9cnico.\",\"breadcrumb\":{\"@id\":\"https:\\\/\\\/www.sistem.it\\\/es\\\/preguntas-frecuentes\\\/#breadcrumb\"},\"inLanguage\":\"es\",\"potentialAction\":[{\"@type\":\"ReadAction\",\"target\":[\"https:\\\/\\\/www.sistem.it\\\/es\\\/preguntas-frecuentes\\\/\"]}]},{\"@type\":\"BreadcrumbList\",\"@id\":\"https:\\\/\\\/www.sistem.it\\\/es\\\/preguntas-frecuentes\\\/#breadcrumb\",\"itemListElement\":[{\"@type\":\"ListItem\",\"position\":1,\"name\":\"Home\",\"item\":\"https:\\\/\\\/www.sistem.it\\\/es\\\/\"},{\"@type\":\"ListItem\",\"position\":2,\"name\":\"Preguntas Frecuentes\"}]},{\"@type\":\"WebSite\",\"@id\":\"https:\\\/\\\/www.sistem.it\\\/es\\\/#website\",\"url\":\"https:\\\/\\\/www.sistem.it\\\/es\\\/\",\"name\":\"Sistem Costruzioni\",\"description\":\"L&#039;arte italiana del legno\",\"publisher\":{\"@id\":\"https:\\\/\\\/www.sistem.it\\\/es\\\/#organization\"},\"potentialAction\":[{\"@type\":\"SearchAction\",\"target\":{\"@type\":\"EntryPoint\",\"urlTemplate\":\"https:\\\/\\\/www.sistem.it\\\/es\\\/?s={search_term_string}\"},\"query-input\":{\"@type\":\"PropertyValueSpecification\",\"valueRequired\":true,\"valueName\":\"search_term_string\"}}],\"inLanguage\":\"es\"},{\"@type\":\"Organization\",\"@id\":\"https:\\\/\\\/www.sistem.it\\\/es\\\/#organization\",\"name\":\"Sistem Costruzioni S.r.l.\",\"url\":\"https:\\\/\\\/www.sistem.it\\\/es\\\/\",\"logo\":{\"@type\":\"ImageObject\",\"inLanguage\":\"es\",\"@id\":\"https:\\\/\\\/www.sistem.it\\\/es\\\/#\\\/schema\\\/logo\\\/image\\\/\",\"url\":\"https:\\\/\\\/www.sistem.it\\\/wp-content\\\/uploads\\\/2016\\\/03\\\/logo-sistem.png\",\"contentUrl\":\"https:\\\/\\\/www.sistem.it\\\/wp-content\\\/uploads\\\/2016\\\/03\\\/logo-sistem.png\",\"width\":461,\"height\":163,\"caption\":\"Sistem Costruzioni S.r.l.\"},\"image\":{\"@id\":\"https:\\\/\\\/www.sistem.it\\\/es\\\/#\\\/schema\\\/logo\\\/image\\\/\"}}]}<\/script>\n<!-- \/ Yoast SEO plugin. -->","yoast_head_json":{"title":"Preguntas frecuentes sobre edificios y casas de madera | Sistem Costruzioni","description":"\u00bfEs segura una casa de madera? \u00bfAntis\u00edsmica? \u00bfGarantizada? Todas las dudas y curiosidades sobre las casas de madera explicadas por nuestro departamento t\u00e9cnico.","robots":{"index":"index","follow":"follow","max-snippet":"max-snippet:-1","max-image-preview":"max-image-preview:large","max-video-preview":"max-video-preview:-1"},"canonical":"https:\/\/www.sistem.it\/es\/preguntas-frecuentes\/","og_locale":"es_ES","og_type":"article","og_title":"Preguntas frecuentes sobre edificios y casas de madera | Sistem Costruzioni","og_description":"\u00bfEs segura una casa de madera? \u00bfAntis\u00edsmica? \u00bfGarantizada? Todas las dudas y curiosidades sobre las casas de madera explicadas por nuestro departamento t\u00e9cnico.","og_url":"https:\/\/www.sistem.it\/es\/preguntas-frecuentes\/","og_site_name":"Sistem Costruzioni","article_modified_time":"2024-03-27T15:19:21+00:00","twitter_card":"summary_large_image","twitter_misc":{"Tiempo de lectura":"7 minutos"},"schema":{"@context":"https:\/\/schema.org","@graph":[{"@type":"WebPage","@id":"https:\/\/www.sistem.it\/es\/preguntas-frecuentes\/","url":"https:\/\/www.sistem.it\/es\/preguntas-frecuentes\/","name":"Preguntas frecuentes sobre edificios y casas de madera | Sistem Costruzioni","isPartOf":{"@id":"https:\/\/www.sistem.it\/es\/#website"},"datePublished":"2016-03-04T16:16:05+00:00","dateModified":"2024-03-27T15:19:21+00:00","description":"\u00bfEs segura una casa de madera? \u00bfAntis\u00edsmica? \u00bfGarantizada? Todas las dudas y curiosidades sobre las casas de madera explicadas por nuestro departamento t\u00e9cnico.","breadcrumb":{"@id":"https:\/\/www.sistem.it\/es\/preguntas-frecuentes\/#breadcrumb"},"inLanguage":"es","potentialAction":[{"@type":"ReadAction","target":["https:\/\/www.sistem.it\/es\/preguntas-frecuentes\/"]}]},{"@type":"BreadcrumbList","@id":"https:\/\/www.sistem.it\/es\/preguntas-frecuentes\/#breadcrumb","itemListElement":[{"@type":"ListItem","position":1,"name":"Home","item":"https:\/\/www.sistem.it\/es\/"},{"@type":"ListItem","position":2,"name":"Preguntas Frecuentes"}]},{"@type":"WebSite","@id":"https:\/\/www.sistem.it\/es\/#website","url":"https:\/\/www.sistem.it\/es\/","name":"Sistem Costruzioni","description":"L&#039;arte italiana del legno","publisher":{"@id":"https:\/\/www.sistem.it\/es\/#organization"},"potentialAction":[{"@type":"SearchAction","target":{"@type":"EntryPoint","urlTemplate":"https:\/\/www.sistem.it\/es\/?s={search_term_string}"},"query-input":{"@type":"PropertyValueSpecification","valueRequired":true,"valueName":"search_term_string"}}],"inLanguage":"es"},{"@type":"Organization","@id":"https:\/\/www.sistem.it\/es\/#organization","name":"Sistem Costruzioni S.r.l.","url":"https:\/\/www.sistem.it\/es\/","logo":{"@type":"ImageObject","inLanguage":"es","@id":"https:\/\/www.sistem.it\/es\/#\/schema\/logo\/image\/","url":"https:\/\/www.sistem.it\/wp-content\/uploads\/2016\/03\/logo-sistem.png","contentUrl":"https:\/\/www.sistem.it\/wp-content\/uploads\/2016\/03\/logo-sistem.png","width":461,"height":163,"caption":"Sistem Costruzioni S.r.l."},"image":{"@id":"https:\/\/www.sistem.it\/es\/#\/schema\/logo\/image\/"}}]}},"_links":{"self":[{"href":"https:\/\/www.sistem.it\/es\/wp-json\/wp\/v2\/pages\/6223","targetHints":{"allow":["GET"]}}],"collection":[{"href":"https:\/\/www.sistem.it\/es\/wp-json\/wp\/v2\/pages"}],"about":[{"href":"https:\/\/www.sistem.it\/es\/wp-json\/wp\/v2\/types\/page"}],"author":[{"embeddable":true,"href":"https:\/\/www.sistem.it\/es\/wp-json\/wp\/v2\/users\/1"}],"replies":[{"embeddable":true,"href":"https:\/\/www.sistem.it\/es\/wp-json\/wp\/v2\/comments?post=6223"}],"version-history":[{"count":3,"href":"https:\/\/www.sistem.it\/es\/wp-json\/wp\/v2\/pages\/6223\/revisions"}],"predecessor-version":[{"id":29065,"href":"https:\/\/www.sistem.it\/es\/wp-json\/wp\/v2\/pages\/6223\/revisions\/29065"}],"wp:attachment":[{"href":"https:\/\/www.sistem.it\/es\/wp-json\/wp\/v2\/media?parent=6223"}],"curies":[{"name":"wp","href":"https:\/\/api.w.org\/{rel}","templated":true}]}}