{"id":6221,"date":"2016-03-04T15:55:42","date_gmt":"2016-03-04T14:55:42","guid":{"rendered":"https:\/\/www.sistem.it\/realizaciones\/"},"modified":"2022-11-17T13:11:12","modified_gmt":"2022-11-17T12:11:12","slug":"realizaciones","status":"publish","type":"page","link":"https:\/\/www.sistem.it\/es\/realizaciones\/","title":{"rendered":"Realizaciones"},"content":{"rendered":"<div class=\"wpb-content-wrapper\"><p>Madera[vc_row][vc_column]<div class=\"project-header realizzazioni\"><h1>Realizzazioni<\/h1><h2 class=\"green\">Ecco come far crescere le idee<\/h2><\/div>[vc_column_text]La madera firmada por Sistem Costruzioni encaja en cada proyecto gracias a su <strong>precisi\u00f3n constructiva<\/strong> y facilidad de construcci\u00f3n en obra que reduce los tiempos de construcci\u00f3n.<\/p>\n<p>La <strong>alta calidad<\/strong> de los sellos permite eliminar todas aquellas p\u00e9rdidas de calor que son incontrolables en un edificio de mamposter\u00eda. Su flexibilidad estructural combinada con una excepcional <strong>resistencia al fuego<\/strong> y alta <strong>resistencia a la tensi\u00f3n s\u00edsmica<\/strong> lo convierten en uno de los materiales de construcci\u00f3n m\u00e1s seguros de usar.<\/p>\n<p>El Sistema Casa Natura, utilizado para la construcci\u00f3n, surge de una cuidad\u00edsima planificaci\u00f3n por parte de los t\u00e9cnicos de Sistem enfocada a la b\u00fasqueda de una perfecta armon\u00eda entre confort, seguridad y ahorro energ\u00e9tico.<\/p>\n<p>Aqu\u00ed puedes ver c\u00f3mo nuestros proyectos cobran vida.[\/vc_column_text][\/vc_column][\/vc_row][vc_row full_width=\u00bbstretch_row_content\u00bb css=\u00bb.vc_custom_1573483047184{padding-top: 60px !important;padding-bottom: 90px !important;background-color: #c4d9ec !important;}\u00bb][vc_column offset=\u00bbvc_col-lg-offset-1 vc_col-lg-10 vc_col-md-offset-1 vc_col-md-10&#8243;][vc_row_inner][vc_column_inner width=\u00bb1\/5&#8243;]<a class=\"sistem-image-wrapper autosquare \" href=\"https:\/\/www.sistem.it\/realizzazioni\/edifici-residenziali\/\" title=\"Edifici Residenziali\">\n\t\t\t\t<div class=\"sistem-image-inner-wrapper\" style=\"background-image:url('https:\/\/www.sistem.it\/wp-content\/uploads\/2016\/05\/edifici-residenziali-abitazioni-in-legno-sistem-costruzioni.jpg');\">\n\t\t\t\t\t<img decoding=\"async\" src=\"https:\/\/www.sistem.it\/wp-content\/uploads\/2016\/05\/edifici-residenziali-abitazioni-in-legno-sistem-costruzioni.jpg\" alt=\"Edifici Residenziali\" title=\"Edifici Residenziali\" \/>\n\t\t\t\t<\/div>\n\t\t\t\t<h2 class=\"alignMiddle\">Edifici Residenziali<\/h2>\n\t\t\t<\/a>[\/vc_column_inner][vc_column_inner width=\u00bb1\/5&#8243;]<a class=\"sistem-image-wrapper autosquare \" href=\"https:\/\/www.sistem.it\/realizzazioni\/strutture-polifunzionali\/\" title=\"Strutture Polifunzionali\">\n\t\t\t\t<div class=\"sistem-image-inner-wrapper\" style=\"background-image:url('https:\/\/www.sistem.it\/wp-content\/uploads\/2016\/05\/sistem-costruzioni-realizzazioni-strutture-polifunzionali-in-legno.jpg');\">\n\t\t\t\t\t<img decoding=\"async\" src=\"https:\/\/www.sistem.it\/wp-content\/uploads\/2016\/05\/sistem-costruzioni-realizzazioni-strutture-polifunzionali-in-legno.jpg\" alt=\"Strutture Polifunzionali\" title=\"Strutture Polifunzionali\" \/>\n\t\t\t\t<\/div>\n\t\t\t\t<h2 class=\"alignMiddle\">Strutture Polifunzionali<\/h2>\n\t\t\t<\/a>[\/vc_column_inner][vc_column_inner width=\u00bb1\/5&#8243;]<a class=\"sistem-image-wrapper autosquare \" href=\"https:\/\/www.sistem.it\/realizzazioni\/aree-commerciali\/\" title=\"Aree Commerciali\">\n\t\t\t\t<div class=\"sistem-image-inner-wrapper\" style=\"background-image:url('https:\/\/www.sistem.it\/wp-content\/uploads\/2016\/05\/sistem-costruzioni-realizzazioni-aree-commerciali-in-legno.jpg');\">\n\t\t\t\t\t<img decoding=\"async\" src=\"https:\/\/www.sistem.it\/wp-content\/uploads\/2016\/05\/sistem-costruzioni-realizzazioni-aree-commerciali-in-legno.jpg\" alt=\"Aree Commerciali\" title=\"Aree Commerciali\" \/>\n\t\t\t\t<\/div>\n\t\t\t\t<h2 class=\"alignMiddle\">Aree Commerciali<\/h2>\n\t\t\t<\/a>[\/vc_column_inner][vc_column_inner width=\u00bb1\/5&#8243;]<a class=\"sistem-image-wrapper autosquare \" href=\"https:\/\/www.sistem.it\/realizzazioni\/infrastrutture-ricettive\/\" title=\"Infrastrutture Ricettive\">\n\t\t\t\t<div class=\"sistem-image-inner-wrapper\" style=\"background-image:url('https:\/\/www.sistem.it\/wp-content\/uploads\/2016\/05\/sistem-costruzioni-realizzazioni-infrastrutture-ricettive-in-legno.jpg');\">\n\t\t\t\t\t<img decoding=\"async\" src=\"https:\/\/www.sistem.it\/wp-content\/uploads\/2016\/05\/sistem-costruzioni-realizzazioni-infrastrutture-ricettive-in-legno.jpg\" alt=\"Infrastrutture Ricettive\" title=\"Infrastrutture Ricettive\" \/>\n\t\t\t\t<\/div>\n\t\t\t\t<h2 class=\"alignMiddle\">Infrastrutture Ricettive<\/h2>\n\t\t\t<\/a>[\/vc_column_inner][vc_column_inner width=\u00bb1\/5&#8243;]<a class=\"sistem-image-wrapper autosquare \" href=\"https:\/\/www.sistem.it\/realizzazioni\/rivestimenti-facciate\/\" title=\"Rivestimenti Facciate\">\n\t\t\t\t<div class=\"sistem-image-inner-wrapper\" style=\"background-image:url('https:\/\/www.sistem.it\/wp-content\/uploads\/2019\/11\/Edificio-legno-sistema-pilastri-Torino.jpg');\">\n\t\t\t\t\t<img decoding=\"async\" src=\"https:\/\/www.sistem.it\/wp-content\/uploads\/2019\/11\/Edificio-legno-sistema-pilastri-Torino.jpg\" alt=\"Rivestimenti Facciate\" title=\"Rivestimenti Facciate\" \/>\n\t\t\t\t<\/div>\n\t\t\t\t<h2 class=\"alignMiddle\">Rivestimenti Facciate<\/h2>\n\t\t\t<\/a>[\/vc_column_inner][\/vc_row_inner][\/vc_column][\/vc_row]Madera<\/p>\n<\/div>","protected":false},"excerpt":{"rendered":"<p>Madera[vc_row][vc_column][vc_column_text]La madera firmada por Sistem Costruzioni encaja en cada proyecto gracias a su precisi\u00f3n constructiva y facilidad de construcci\u00f3n en obra que reduce los tiempos de construcci\u00f3n. La alta calidad de los sellos permite eliminar todas aquellas p\u00e9rdidas de calor que son incontrolables en un edificio de mamposter\u00eda. Su flexibilidad estructural combinada con una excepcional [&hellip;]<\/p>\n","protected":false},"author":1,"featured_media":0,"parent":0,"menu_order":0,"comment_status":"closed","ping_status":"closed","template":"","meta":{"_acf_changed":false,"footnotes":""},"class_list":["post-6221","page","type-page","status-publish","hentry"],"acf":[],"yoast_head":"<!-- This site is optimized with the Yoast SEO plugin v27.4 - https:\/\/yoast.com\/product\/yoast-seo-wordpress\/ -->\n<title>Realizaciones de edificios y casas de madera | Sistem Costruzioni<\/title>\n<meta name=\"description\" content=\"La madera de Sistem Costruzioni puede incluirse en cualquier tipo de proyecto, a continuaci\u00f3n algunos ejemplos de casas y edificios de madera construidos por nuestro equipo.\" \/>\n<meta name=\"robots\" content=\"index, follow, max-snippet:-1, max-image-preview:large, max-video-preview:-1\" \/>\n<link rel=\"canonical\" href=\"https:\/\/www.sistem.it\/es\/realizaciones\/\" \/>\n<meta property=\"og:locale\" content=\"es_ES\" \/>\n<meta property=\"og:type\" content=\"article\" \/>\n<meta property=\"og:title\" content=\"Realizaciones de edificios y casas de madera | Sistem Costruzioni\" \/>\n<meta property=\"og:description\" content=\"La madera de Sistem Costruzioni puede incluirse en cualquier tipo de proyecto, a continuaci\u00f3n algunos ejemplos de casas y edificios de madera construidos por nuestro equipo.\" \/>\n<meta property=\"og:url\" content=\"https:\/\/www.sistem.it\/es\/realizaciones\/\" \/>\n<meta property=\"og:site_name\" content=\"Sistem Costruzioni\" \/>\n<meta property=\"article:modified_time\" content=\"2022-11-17T12:11:12+00:00\" \/>\n<meta name=\"twitter:card\" content=\"summary_large_image\" \/>\n<meta name=\"twitter:label1\" content=\"Tiempo de lectura\" \/>\n\t<meta name=\"twitter:data1\" content=\"1 minuto\" \/>\n<script type=\"application\/ld+json\" class=\"yoast-schema-graph\">{\"@context\":\"https:\\\/\\\/schema.org\",\"@graph\":[{\"@type\":\"WebPage\",\"@id\":\"https:\\\/\\\/www.sistem.it\\\/es\\\/realizaciones\\\/\",\"url\":\"https:\\\/\\\/www.sistem.it\\\/es\\\/realizaciones\\\/\",\"name\":\"Realizaciones de edificios y casas de madera | Sistem Costruzioni\",\"isPartOf\":{\"@id\":\"https:\\\/\\\/www.sistem.it\\\/es\\\/#website\"},\"datePublished\":\"2016-03-04T14:55:42+00:00\",\"dateModified\":\"2022-11-17T12:11:12+00:00\",\"description\":\"La madera de Sistem Costruzioni puede incluirse en cualquier tipo de proyecto, a continuaci\u00f3n algunos ejemplos de casas y edificios de madera construidos por nuestro equipo.\",\"breadcrumb\":{\"@id\":\"https:\\\/\\\/www.sistem.it\\\/es\\\/realizaciones\\\/#breadcrumb\"},\"inLanguage\":\"es\",\"potentialAction\":[{\"@type\":\"ReadAction\",\"target\":[\"https:\\\/\\\/www.sistem.it\\\/es\\\/realizaciones\\\/\"]}]},{\"@type\":\"BreadcrumbList\",\"@id\":\"https:\\\/\\\/www.sistem.it\\\/es\\\/realizaciones\\\/#breadcrumb\",\"itemListElement\":[{\"@type\":\"ListItem\",\"position\":1,\"name\":\"Home\",\"item\":\"https:\\\/\\\/www.sistem.it\\\/es\\\/\"},{\"@type\":\"ListItem\",\"position\":2,\"name\":\"Realizaciones\"}]},{\"@type\":\"WebSite\",\"@id\":\"https:\\\/\\\/www.sistem.it\\\/es\\\/#website\",\"url\":\"https:\\\/\\\/www.sistem.it\\\/es\\\/\",\"name\":\"Sistem Costruzioni\",\"description\":\"L&#039;arte italiana del legno\",\"publisher\":{\"@id\":\"https:\\\/\\\/www.sistem.it\\\/es\\\/#organization\"},\"potentialAction\":[{\"@type\":\"SearchAction\",\"target\":{\"@type\":\"EntryPoint\",\"urlTemplate\":\"https:\\\/\\\/www.sistem.it\\\/es\\\/?s={search_term_string}\"},\"query-input\":{\"@type\":\"PropertyValueSpecification\",\"valueRequired\":true,\"valueName\":\"search_term_string\"}}],\"inLanguage\":\"es\"},{\"@type\":\"Organization\",\"@id\":\"https:\\\/\\\/www.sistem.it\\\/es\\\/#organization\",\"name\":\"Sistem Costruzioni S.r.l.\",\"url\":\"https:\\\/\\\/www.sistem.it\\\/es\\\/\",\"logo\":{\"@type\":\"ImageObject\",\"inLanguage\":\"es\",\"@id\":\"https:\\\/\\\/www.sistem.it\\\/es\\\/#\\\/schema\\\/logo\\\/image\\\/\",\"url\":\"https:\\\/\\\/www.sistem.it\\\/wp-content\\\/uploads\\\/2016\\\/03\\\/logo-sistem.png\",\"contentUrl\":\"https:\\\/\\\/www.sistem.it\\\/wp-content\\\/uploads\\\/2016\\\/03\\\/logo-sistem.png\",\"width\":461,\"height\":163,\"caption\":\"Sistem Costruzioni S.r.l.\"},\"image\":{\"@id\":\"https:\\\/\\\/www.sistem.it\\\/es\\\/#\\\/schema\\\/logo\\\/image\\\/\"}}]}<\/script>\n<!-- \/ Yoast SEO plugin. -->","yoast_head_json":{"title":"Realizaciones de edificios y casas de madera | Sistem Costruzioni","description":"La madera de Sistem Costruzioni puede incluirse en cualquier tipo de proyecto, a continuaci\u00f3n algunos ejemplos de casas y edificios de madera construidos por nuestro equipo.","robots":{"index":"index","follow":"follow","max-snippet":"max-snippet:-1","max-image-preview":"max-image-preview:large","max-video-preview":"max-video-preview:-1"},"canonical":"https:\/\/www.sistem.it\/es\/realizaciones\/","og_locale":"es_ES","og_type":"article","og_title":"Realizaciones de edificios y casas de madera | Sistem Costruzioni","og_description":"La madera de Sistem Costruzioni puede incluirse en cualquier tipo de proyecto, a continuaci\u00f3n algunos ejemplos de casas y edificios de madera construidos por nuestro equipo.","og_url":"https:\/\/www.sistem.it\/es\/realizaciones\/","og_site_name":"Sistem Costruzioni","article_modified_time":"2022-11-17T12:11:12+00:00","twitter_card":"summary_large_image","twitter_misc":{"Tiempo de lectura":"1 minuto"},"schema":{"@context":"https:\/\/schema.org","@graph":[{"@type":"WebPage","@id":"https:\/\/www.sistem.it\/es\/realizaciones\/","url":"https:\/\/www.sistem.it\/es\/realizaciones\/","name":"Realizaciones de edificios y casas de madera | Sistem Costruzioni","isPartOf":{"@id":"https:\/\/www.sistem.it\/es\/#website"},"datePublished":"2016-03-04T14:55:42+00:00","dateModified":"2022-11-17T12:11:12+00:00","description":"La madera de Sistem Costruzioni puede incluirse en cualquier tipo de proyecto, a continuaci\u00f3n algunos ejemplos de casas y edificios de madera construidos por nuestro equipo.","breadcrumb":{"@id":"https:\/\/www.sistem.it\/es\/realizaciones\/#breadcrumb"},"inLanguage":"es","potentialAction":[{"@type":"ReadAction","target":["https:\/\/www.sistem.it\/es\/realizaciones\/"]}]},{"@type":"BreadcrumbList","@id":"https:\/\/www.sistem.it\/es\/realizaciones\/#breadcrumb","itemListElement":[{"@type":"ListItem","position":1,"name":"Home","item":"https:\/\/www.sistem.it\/es\/"},{"@type":"ListItem","position":2,"name":"Realizaciones"}]},{"@type":"WebSite","@id":"https:\/\/www.sistem.it\/es\/#website","url":"https:\/\/www.sistem.it\/es\/","name":"Sistem Costruzioni","description":"L&#039;arte italiana del legno","publisher":{"@id":"https:\/\/www.sistem.it\/es\/#organization"},"potentialAction":[{"@type":"SearchAction","target":{"@type":"EntryPoint","urlTemplate":"https:\/\/www.sistem.it\/es\/?s={search_term_string}"},"query-input":{"@type":"PropertyValueSpecification","valueRequired":true,"valueName":"search_term_string"}}],"inLanguage":"es"},{"@type":"Organization","@id":"https:\/\/www.sistem.it\/es\/#organization","name":"Sistem Costruzioni S.r.l.","url":"https:\/\/www.sistem.it\/es\/","logo":{"@type":"ImageObject","inLanguage":"es","@id":"https:\/\/www.sistem.it\/es\/#\/schema\/logo\/image\/","url":"https:\/\/www.sistem.it\/wp-content\/uploads\/2016\/03\/logo-sistem.png","contentUrl":"https:\/\/www.sistem.it\/wp-content\/uploads\/2016\/03\/logo-sistem.png","width":461,"height":163,"caption":"Sistem Costruzioni S.r.l."},"image":{"@id":"https:\/\/www.sistem.it\/es\/#\/schema\/logo\/image\/"}}]}},"_links":{"self":[{"href":"https:\/\/www.sistem.it\/es\/wp-json\/wp\/v2\/pages\/6221","targetHints":{"allow":["GET"]}}],"collection":[{"href":"https:\/\/www.sistem.it\/es\/wp-json\/wp\/v2\/pages"}],"about":[{"href":"https:\/\/www.sistem.it\/es\/wp-json\/wp\/v2\/types\/page"}],"author":[{"embeddable":true,"href":"https:\/\/www.sistem.it\/es\/wp-json\/wp\/v2\/users\/1"}],"replies":[{"embeddable":true,"href":"https:\/\/www.sistem.it\/es\/wp-json\/wp\/v2\/comments?post=6221"}],"version-history":[{"count":4,"href":"https:\/\/www.sistem.it\/es\/wp-json\/wp\/v2\/pages\/6221\/revisions"}],"predecessor-version":[{"id":25718,"href":"https:\/\/www.sistem.it\/es\/wp-json\/wp\/v2\/pages\/6221\/revisions\/25718"}],"wp:attachment":[{"href":"https:\/\/www.sistem.it\/es\/wp-json\/wp\/v2\/media?parent=6221"}],"curies":[{"name":"wp","href":"https:\/\/api.w.org\/{rel}","templated":true}]}}