{"id":6204,"date":"2016-02-15T11:07:53","date_gmt":"2016-02-15T10:07:53","guid":{"rendered":"https:\/\/www.sistem.it\/su-casa-a-su-medida\/"},"modified":"2022-11-16T18:12:56","modified_gmt":"2022-11-16T17:12:56","slug":"su-casa-a-su-medida","status":"publish","type":"page","link":"https:\/\/www.sistem.it\/es\/su-casa-a-su-medida\/","title":{"rendered":"Su casa a su medida"},"content":{"rendered":"<div class=\"wpb-content-wrapper\"><p>[vc_row][vc_column]<div class=\"project-header realizzazioni\"><h1>La tua casa in legno su misura<\/h1><h2 class=\"green\">Perch\u00e9 realizzare una casa in legno <\/h2><\/div>[vc_column_text css=\u00bb.vc_custom_1467714803259{background-color: #ffffff !important;}\u00bb]<strong>Elegir vivir en una casa de madera significa cumplir con m\u00e1s requisitos de rendimiento<\/strong>. La construcci\u00f3n de madera, respetando la <strong>sostenibilidad ambiental<\/strong>, garantiza la <strong>seguridad antis\u00edsmica<\/strong>, la <strong>eficiencia energ\u00e9tica<\/strong>, la <strong>resistencia al fuego y el aislamiento t\u00e9rmico.<\/strong><\/p>\n<p>Es una elecci\u00f3n que garantiza el <strong>ahorro a largo plazo<\/strong>, a trav\u00e9s de la<strong> reducci\u00f3n de los costes de calefacci\u00f3n y aire acondicionado<\/strong>, reduciendo las necesidades t\u00e9rmicas permitidas por la madera.<\/p>\n<p>Gracias a los <a href=\"https:\/\/www.sistem.it\/es\/sistemas-de-construccion\/xlam\/\"><strong>sistemas de construcci\u00f3n m\u00e1s innovadores, elegir una casa de madera<\/strong><\/a> le permite personalizar su hogar y adoptar soluciones arquitect\u00f3nicas originales, en nombre de la ecosostenibilidad y el respeto por el medioambiente; <strong>adem\u00e1s, desde el perfil est\u00e9tico, la casa de madera puede ser indistinguible de una casa tradicional<\/strong>, manteniendo la estructura de madera oculta bajo el revestimiento.[\/vc_column_text][\/vc_column][\/vc_row][vc_row full_width=\u00bbstretch_row\u00bb css=\u00bb.vc_custom_1467714884348{background-color: #efefef !important;}\u00bb][vc_column][vc_column_text]<\/p>\n<h2>Las ventajas de una casa de madera<\/h2>\n<p>[\/vc_column_text][vc_row_inner][vc_column_inner width=\u00bb1\/6&#8243;][vc_single_image image=\u00bb1587&#8243; img_size=\u00bbfull\u00bb][\/vc_column_inner][vc_column_inner width=\u00bb5\/6&#8243;][vc_column_text]<\/p>\n<h3>Una casa est\u00e1tica<\/h3>\n<p>Los paneles a base de madera se fabrican encolando, bajo presi\u00f3n, capas cruzadas y superpuestas de l\u00e1minas de madera. Se pueden utilizar para la realizaci\u00f3n de <strong>paredes, forjados y coberturas de madera<\/strong>.<\/p>\n<p>La disposici\u00f3n cruzada de las l\u00e1minas confiere a la casa de madera una gran estabilidad.[\/vc_column_text][\/vc_column_inner][\/vc_row_inner][vc_row_inner][vc_column_inner width=\u00bb1\/6&#8243;][vc_single_image image=\u00bb1578&#8243; img_size=\u00bbfull\u00bb][\/vc_column_inner][vc_column_inner width=\u00bb5\/6&#8243;][vc_column_text]<\/p>\n<h3>Una casa antis\u00edsmica<\/h3>\n<p><strong>Las casas y villas prefabricadas de madera son una opci\u00f3n especialmente adecuada en zonas de riesgo s\u00edsmico<\/strong>.<br \/>\nLa construcci\u00f3n estructural de madera, construida seg\u00fan los criterios est\u00e1ticos necesarios, es capaz de absorber la onda s\u00edsmica gracias a la elasticidad y ligereza del material.[\/vc_column_text][\/vc_column_inner][\/vc_row_inner][vc_row_inner][vc_column_inner width=\u00bb1\/6&#8243;][vc_single_image image=\u00bb1581&#8243; img_size=\u00bbfull\u00bb][\/vc_column_inner][vc_column_inner width=\u00bb5\/6&#8243;][vc_column_text]<\/p>\n<h3>Un microclima perfecto gracias al aislamiento<\/h3>\n<p>Las casas de madera proporcionan un ambiente saludable para sus ocupantes. El <strong>aislamiento t\u00e9rmico viene garantizado por la madera, que absorbe el exceso de humedad <\/strong>para luego liberarlo gradualmente en el aire cuando est\u00e1 demasiado seco.<br \/>\nEsto implica la <strong>eliminaci\u00f3n de moho, humedad y bacterias<\/strong>, con beneficios especiales para quienes sufren de asma y alergias.[\/vc_column_text][\/vc_column_inner][\/vc_row_inner][vc_row_inner][vc_column_inner width=\u00bb1\/6&#8243;][vc_single_image image=\u00bb1584&#8243; img_size=\u00bbfull\u00bb][\/vc_column_inner][vc_column_inner width=\u00bb5\/6&#8243;][vc_column_text]<\/p>\n<h3>Una casa resistente al fuego<\/h3>\n<p><strong>Las pruebas realizadas en muestras de casas prefabricadas de madera han demostrado una resistencia al fuego igual a la de las viviendas tradicionales.<\/strong><\/p>\n<p>La estructura de madera nunca est\u00e1 expuesta directamente al fuego, ya que las paredes est\u00e1n cubiertas con paquetes de contraparedes, envolvente t\u00e9rmica exterior, falsos techos y suelos. El calor tambi\u00e9n penetra y se propaga en la masa le\u00f1osa muy lentamente (0,7 mm por minuto), y a una velocidad que disminuye a medida que aumenta el espesor carbonizado.[\/vc_column_text][\/vc_column_inner][\/vc_row_inner][\/vc_column][\/vc_row][vc_row css=\u00bb.vc_custom_1465299020450{margin-bottom: 50px !important;}\u00bb][vc_column]<div class=\"project-header \"><h1>Hai un progetto?<\/h1><h2 class=\"green\">Iniziamo da qui!<\/h2><\/div>[vc_column_text]Sistem Costruzioni ofrece <strong>tres niveles de acabado<\/strong> para sus realizaciones de madera: <strong>en bruto<\/strong>, <strong>en bruto avanzado<\/strong> y <strong>llave en mano<\/strong>, para permitirle personalizar cada detalle de su casa de madera.[\/vc_column_text]<div class=\"row \">\n\t\t\t\t\t<div class=\"col-md-4 \">\n\t\t\t\t\t\t<a class=\"sistem-image-wrapper autosquare\" href=\"https:\/\/www.sistem.it\/es\/su-casa-a-su-medida\/en-bruto\/\" title=\"En Bruto\">\n\t\t\t\t\t\t\t<div class=\"sistem-image-inner-wrapper\" style=\"background-image:url('https:\/\/www.sistem.it\/wp-content\/uploads\/2016\/06\/square-grezzo.png');\">\n\t\t\t\t\t\t\t\t<img decoding=\"async\" src=\"https:\/\/www.sistem.it\/wp-content\/uploads\/2016\/06\/square-grezzo.png\" alt=\"En Bruto\" \/>\n\t\t\t\t\t\t\t<\/div>\n\t\t\t\t\t\t\t<h2 >En Bruto<\/h2>\n\t\t\t\t\t\t<\/a>\n\t\t\t\t\t<\/div>\n\n\t\t\t\t\t<div class=\"col-md-4 \">\n\t\t\t\t\t\t<a class=\"sistem-image-wrapper autosquare\" href=\"https:\/\/www.sistem.it\/es\/su-casa-a-su-medida\/en-bruto-avanzado\/\" title=\"En Bruto Avanzado\">\n\t\t\t\t\t\t\t<div class=\"sistem-image-inner-wrapper\" style=\"background-image:url('https:\/\/www.sistem.it\/wp-content\/uploads\/2016\/06\/square-grezzo-avanzato.png');\">\n\t\t\t\t\t\t\t\t<img decoding=\"async\" src=\"https:\/\/www.sistem.it\/wp-content\/uploads\/2016\/06\/square-grezzo-avanzato.png\" alt=\"En Bruto Avanzado\" \/>\n\t\t\t\t\t\t\t<\/div>\n\t\t\t\t\t\t\t<h2 >En Bruto Avanzado<\/h2>\n\t\t\t\t\t\t<\/a>\n\t\t\t\t\t<\/div>\n\n\t\t\t\t\t<div class=\"col-md-4 \">\n\t\t\t\t\t\t<a class=\"sistem-image-wrapper autosquare\" href=\"https:\/\/www.sistem.it\/es\/su-casa-a-su-medida\/llave-en-mano\/\" title=\"Llave en Mano\">\n\t\t\t\t\t\t\t<div class=\"sistem-image-inner-wrapper\" style=\"background-image:url('https:\/\/www.sistem.it\/wp-content\/uploads\/2016\/06\/square-chiavi-in-mano.png');\">\n\t\t\t\t\t\t\t\t<img decoding=\"async\" src=\"https:\/\/www.sistem.it\/wp-content\/uploads\/2016\/06\/square-chiavi-in-mano.png\" alt=\"Llave en Mano\" \/>\n\t\t\t\t\t\t\t<\/div>\n\t\t\t\t\t\t\t<h2 >Llave en Mano<\/h2>\n\t\t\t\t\t\t<\/a>\n\t\t\t\t\t<\/div><\/div>[\/vc_column][\/vc_row][vc_row full_width=\u00bbstretch_row\u00bb css=\u00bb.vc_custom_1465299183337{margin-bottom: 50px !important;padding-bottom: 30px !important;background-color: #efefef !important;}\u00bb][vc_column]<div class=\"project-header \"><h1>Idee per vivere bene<\/h1><h2 class=\"green\">Migliora la tua casa<\/h2><\/div>[vc_column_text]Una casa no est\u00e1 hecha s\u00f3lo de paredes, hay <strong>mucho m\u00e1s que eso<\/strong>. Sistem Costruzioni tambi\u00e9n puede seguirle en el dise\u00f1o de <strong>casas de madera con alto ahorro energ\u00e9tico<\/strong>, para vivir mejor y proteger el medioambiente, o puede ayudarle a mejorar su casa actual creando <strong>nuevos espacios<\/strong> en los que vivir mejor[\/vc_column_text]<div class=\"row \">\n\t\t\t\t\t<div class=\"col-md-4 \">\n\t\t\t\t\t\t<a class=\"sistem-image-wrapper autosquare\" href=\"https:\/\/www.sistem.it\/es\/su-casa-a-su-medida\/la-casa-pasiva-de-madera\/\" title=\"La casa pasiva de madera\">\n\t\t\t\t\t\t\t<div class=\"sistem-image-inner-wrapper\" style=\"background-image:url('https:\/\/www.sistem.it\/wp-content\/uploads\/2016\/06\/square-casa-passiva.png');\">\n\t\t\t\t\t\t\t\t<img decoding=\"async\" src=\"https:\/\/www.sistem.it\/wp-content\/uploads\/2016\/06\/square-casa-passiva.png\" alt=\"La casa pasiva de madera\" \/>\n\t\t\t\t\t\t\t<\/div>\n\t\t\t\t\t\t\t<h2 >La casa pasiva de madera<\/h2>\n\t\t\t\t\t\t<\/a>\n\t\t\t\t\t<\/div>\n\n\t\t\t\t\t<div class=\"col-md-4 \">\n\t\t\t\t\t\t<a class=\"sistem-image-wrapper autosquare\" href=\"https:\/\/www.sistem.it\/es\/su-casa-a-su-medida\/ampliaciones-y-elevaciones\/\" title=\"Ampliaciones y Elevaciones\">\n\t\t\t\t\t\t\t<div class=\"sistem-image-inner-wrapper\" style=\"background-image:url('https:\/\/www.sistem.it\/wp-content\/uploads\/2016\/06\/square-ampliamenti.png');\">\n\t\t\t\t\t\t\t\t<img decoding=\"async\" src=\"https:\/\/www.sistem.it\/wp-content\/uploads\/2016\/06\/square-ampliamenti.png\" alt=\"Ampliaciones y Elevaciones\" \/>\n\t\t\t\t\t\t\t<\/div>\n\t\t\t\t\t\t\t<h2 >Ampliaciones y Elevaciones<\/h2>\n\t\t\t\t\t\t<\/a>\n\t\t\t\t\t<\/div><\/div>[\/vc_column][\/vc_row][vc_row css=\u00bb.vc_custom_1465299026985{margin-bottom: 50px !important;}\u00bb][vc_column]<div class=\"project-header \"><h1>Ti serve altro?<\/h1><h2 class=\"green\">Siamo sempre pronti a consigliarti<\/h2><\/div>[vc_column_text]Tambi\u00e9n puede solicitarnos un plan de <strong>financiaci\u00f3n adaptado<\/strong> a sus necesidades. Cont\u00e1ctenos y juntos estudiaremos la mejor manera de realizar su casa de madera de ensue\u00f1o.[\/vc_column_text]<div class=\"row \">\n\t\t\t\t\t<div class=\"col-md-4 \">\n\t\t\t\t\t\t<a class=\"sistem-image-wrapper autosquare\" href=\"https:\/\/www.sistem.it\/es\/su-casa-a-su-medida\/prestamos-y-financiacion\/\" title=\"Pr\u00e9stamos y Financiaci\u00f3n\">\n\t\t\t\t\t\t\t<div class=\"sistem-image-inner-wrapper\" style=\"background-image:url('https:\/\/www.sistem.it\/wp-content\/uploads\/2016\/06\/square-finanziamenti.png');\">\n\t\t\t\t\t\t\t\t<img decoding=\"async\" src=\"https:\/\/www.sistem.it\/wp-content\/uploads\/2016\/06\/square-finanziamenti.png\" alt=\"Pr\u00e9stamos y Financiaci\u00f3n\" \/>\n\t\t\t\t\t\t\t<\/div>\n\t\t\t\t\t\t\t<h2 >Pr\u00e9stamos y Financiaci\u00f3n<\/h2>\n\t\t\t\t\t\t<\/a>\n\t\t\t\t\t<\/div><\/div>[\/vc_column][\/vc_row]<\/p>\n<\/div>","protected":false},"excerpt":{"rendered":"<p>Tu casa de madera a medida con los sistemas constructivos Sistem Costruzioni, las mejores caracter\u00edsticas energ\u00e9ticas, arquitect\u00f3nicas y antis\u00edsmicas.<\/p>\n","protected":false},"author":1,"featured_media":0,"parent":0,"menu_order":0,"comment_status":"closed","ping_status":"closed","template":"","meta":{"_acf_changed":false,"footnotes":""},"class_list":["post-6204","page","type-page","status-publish","hentry"],"acf":[],"yoast_head":"<!-- This site is optimized with the Yoast SEO plugin v27.3 - https:\/\/yoast.com\/product\/yoast-seo-wordpress\/ -->\n<title>Tu casa de madera a medida | Sistem Costruzioni<\/title>\n<meta name=\"description\" content=\"Tu casa de madera a medida con los sistemas constructivos Sistem Costruzioni, las mejores caracter\u00edsticas energ\u00e9ticas, arquitect\u00f3nicas y antis\u00edsmicas.\" \/>\n<meta name=\"robots\" content=\"index, follow, max-snippet:-1, max-image-preview:large, max-video-preview:-1\" \/>\n<link rel=\"canonical\" href=\"https:\/\/www.sistem.it\/es\/su-casa-a-su-medida\/\" \/>\n<meta property=\"og:locale\" content=\"es_ES\" \/>\n<meta property=\"og:type\" content=\"article\" \/>\n<meta property=\"og:title\" content=\"Tu casa de madera a medida | Sistem Costruzioni\" \/>\n<meta property=\"og:description\" content=\"Tu casa de madera a medida con los sistemas constructivos Sistem Costruzioni, las mejores caracter\u00edsticas energ\u00e9ticas, arquitect\u00f3nicas y antis\u00edsmicas.\" \/>\n<meta property=\"og:url\" content=\"https:\/\/www.sistem.it\/es\/su-casa-a-su-medida\/\" \/>\n<meta property=\"og:site_name\" content=\"Sistem Costruzioni\" \/>\n<meta property=\"article:modified_time\" content=\"2022-11-16T17:12:56+00:00\" \/>\n<meta name=\"twitter:card\" content=\"summary_large_image\" \/>\n<meta name=\"twitter:label1\" content=\"Tiempo de lectura\" \/>\n\t<meta name=\"twitter:data1\" content=\"4 minutos\" \/>\n<script type=\"application\/ld+json\" class=\"yoast-schema-graph\">{\"@context\":\"https:\\\/\\\/schema.org\",\"@graph\":[{\"@type\":\"WebPage\",\"@id\":\"https:\\\/\\\/www.sistem.it\\\/es\\\/su-casa-a-su-medida\\\/\",\"url\":\"https:\\\/\\\/www.sistem.it\\\/es\\\/su-casa-a-su-medida\\\/\",\"name\":\"Tu casa de madera a medida | Sistem Costruzioni\",\"isPartOf\":{\"@id\":\"https:\\\/\\\/www.sistem.it\\\/es\\\/#website\"},\"datePublished\":\"2016-02-15T10:07:53+00:00\",\"dateModified\":\"2022-11-16T17:12:56+00:00\",\"description\":\"Tu casa de madera a medida con los sistemas constructivos Sistem Costruzioni, las mejores caracter\u00edsticas energ\u00e9ticas, arquitect\u00f3nicas y antis\u00edsmicas.\",\"breadcrumb\":{\"@id\":\"https:\\\/\\\/www.sistem.it\\\/es\\\/su-casa-a-su-medida\\\/#breadcrumb\"},\"inLanguage\":\"es\",\"potentialAction\":[{\"@type\":\"ReadAction\",\"target\":[\"https:\\\/\\\/www.sistem.it\\\/es\\\/su-casa-a-su-medida\\\/\"]}]},{\"@type\":\"BreadcrumbList\",\"@id\":\"https:\\\/\\\/www.sistem.it\\\/es\\\/su-casa-a-su-medida\\\/#breadcrumb\",\"itemListElement\":[{\"@type\":\"ListItem\",\"position\":1,\"name\":\"Home\",\"item\":\"https:\\\/\\\/www.sistem.it\\\/es\\\/\"},{\"@type\":\"ListItem\",\"position\":2,\"name\":\"Su casa a su medida\"}]},{\"@type\":\"WebSite\",\"@id\":\"https:\\\/\\\/www.sistem.it\\\/es\\\/#website\",\"url\":\"https:\\\/\\\/www.sistem.it\\\/es\\\/\",\"name\":\"Sistem Costruzioni\",\"description\":\"L&#039;arte italiana del legno\",\"publisher\":{\"@id\":\"https:\\\/\\\/www.sistem.it\\\/es\\\/#organization\"},\"potentialAction\":[{\"@type\":\"SearchAction\",\"target\":{\"@type\":\"EntryPoint\",\"urlTemplate\":\"https:\\\/\\\/www.sistem.it\\\/es\\\/?s={search_term_string}\"},\"query-input\":{\"@type\":\"PropertyValueSpecification\",\"valueRequired\":true,\"valueName\":\"search_term_string\"}}],\"inLanguage\":\"es\"},{\"@type\":\"Organization\",\"@id\":\"https:\\\/\\\/www.sistem.it\\\/es\\\/#organization\",\"name\":\"Sistem Costruzioni S.r.l.\",\"url\":\"https:\\\/\\\/www.sistem.it\\\/es\\\/\",\"logo\":{\"@type\":\"ImageObject\",\"inLanguage\":\"es\",\"@id\":\"https:\\\/\\\/www.sistem.it\\\/es\\\/#\\\/schema\\\/logo\\\/image\\\/\",\"url\":\"https:\\\/\\\/www.sistem.it\\\/wp-content\\\/uploads\\\/2016\\\/03\\\/logo-sistem.png\",\"contentUrl\":\"https:\\\/\\\/www.sistem.it\\\/wp-content\\\/uploads\\\/2016\\\/03\\\/logo-sistem.png\",\"width\":461,\"height\":163,\"caption\":\"Sistem Costruzioni S.r.l.\"},\"image\":{\"@id\":\"https:\\\/\\\/www.sistem.it\\\/es\\\/#\\\/schema\\\/logo\\\/image\\\/\"}}]}<\/script>\n<!-- \/ Yoast SEO plugin. -->","yoast_head_json":{"title":"Tu casa de madera a medida | Sistem Costruzioni","description":"Tu casa de madera a medida con los sistemas constructivos Sistem Costruzioni, las mejores caracter\u00edsticas energ\u00e9ticas, arquitect\u00f3nicas y antis\u00edsmicas.","robots":{"index":"index","follow":"follow","max-snippet":"max-snippet:-1","max-image-preview":"max-image-preview:large","max-video-preview":"max-video-preview:-1"},"canonical":"https:\/\/www.sistem.it\/es\/su-casa-a-su-medida\/","og_locale":"es_ES","og_type":"article","og_title":"Tu casa de madera a medida | Sistem Costruzioni","og_description":"Tu casa de madera a medida con los sistemas constructivos Sistem Costruzioni, las mejores caracter\u00edsticas energ\u00e9ticas, arquitect\u00f3nicas y antis\u00edsmicas.","og_url":"https:\/\/www.sistem.it\/es\/su-casa-a-su-medida\/","og_site_name":"Sistem Costruzioni","article_modified_time":"2022-11-16T17:12:56+00:00","twitter_card":"summary_large_image","twitter_misc":{"Tiempo de lectura":"4 minutos"},"schema":{"@context":"https:\/\/schema.org","@graph":[{"@type":"WebPage","@id":"https:\/\/www.sistem.it\/es\/su-casa-a-su-medida\/","url":"https:\/\/www.sistem.it\/es\/su-casa-a-su-medida\/","name":"Tu casa de madera a medida | Sistem Costruzioni","isPartOf":{"@id":"https:\/\/www.sistem.it\/es\/#website"},"datePublished":"2016-02-15T10:07:53+00:00","dateModified":"2022-11-16T17:12:56+00:00","description":"Tu casa de madera a medida con los sistemas constructivos Sistem Costruzioni, las mejores caracter\u00edsticas energ\u00e9ticas, arquitect\u00f3nicas y antis\u00edsmicas.","breadcrumb":{"@id":"https:\/\/www.sistem.it\/es\/su-casa-a-su-medida\/#breadcrumb"},"inLanguage":"es","potentialAction":[{"@type":"ReadAction","target":["https:\/\/www.sistem.it\/es\/su-casa-a-su-medida\/"]}]},{"@type":"BreadcrumbList","@id":"https:\/\/www.sistem.it\/es\/su-casa-a-su-medida\/#breadcrumb","itemListElement":[{"@type":"ListItem","position":1,"name":"Home","item":"https:\/\/www.sistem.it\/es\/"},{"@type":"ListItem","position":2,"name":"Su casa a su medida"}]},{"@type":"WebSite","@id":"https:\/\/www.sistem.it\/es\/#website","url":"https:\/\/www.sistem.it\/es\/","name":"Sistem Costruzioni","description":"L&#039;arte italiana del legno","publisher":{"@id":"https:\/\/www.sistem.it\/es\/#organization"},"potentialAction":[{"@type":"SearchAction","target":{"@type":"EntryPoint","urlTemplate":"https:\/\/www.sistem.it\/es\/?s={search_term_string}"},"query-input":{"@type":"PropertyValueSpecification","valueRequired":true,"valueName":"search_term_string"}}],"inLanguage":"es"},{"@type":"Organization","@id":"https:\/\/www.sistem.it\/es\/#organization","name":"Sistem Costruzioni S.r.l.","url":"https:\/\/www.sistem.it\/es\/","logo":{"@type":"ImageObject","inLanguage":"es","@id":"https:\/\/www.sistem.it\/es\/#\/schema\/logo\/image\/","url":"https:\/\/www.sistem.it\/wp-content\/uploads\/2016\/03\/logo-sistem.png","contentUrl":"https:\/\/www.sistem.it\/wp-content\/uploads\/2016\/03\/logo-sistem.png","width":461,"height":163,"caption":"Sistem Costruzioni S.r.l."},"image":{"@id":"https:\/\/www.sistem.it\/es\/#\/schema\/logo\/image\/"}}]}},"_links":{"self":[{"href":"https:\/\/www.sistem.it\/es\/wp-json\/wp\/v2\/pages\/6204","targetHints":{"allow":["GET"]}}],"collection":[{"href":"https:\/\/www.sistem.it\/es\/wp-json\/wp\/v2\/pages"}],"about":[{"href":"https:\/\/www.sistem.it\/es\/wp-json\/wp\/v2\/types\/page"}],"author":[{"embeddable":true,"href":"https:\/\/www.sistem.it\/es\/wp-json\/wp\/v2\/users\/1"}],"replies":[{"embeddable":true,"href":"https:\/\/www.sistem.it\/es\/wp-json\/wp\/v2\/comments?post=6204"}],"version-history":[{"count":8,"href":"https:\/\/www.sistem.it\/es\/wp-json\/wp\/v2\/pages\/6204\/revisions"}],"predecessor-version":[{"id":25696,"href":"https:\/\/www.sistem.it\/es\/wp-json\/wp\/v2\/pages\/6204\/revisions\/25696"}],"wp:attachment":[{"href":"https:\/\/www.sistem.it\/es\/wp-json\/wp\/v2\/media?parent=6204"}],"curies":[{"name":"wp","href":"https:\/\/api.w.org\/{rel}","templated":true}]}}