{"id":6202,"date":"2016-02-15T11:07:33","date_gmt":"2016-02-15T10:07:33","guid":{"rendered":"https:\/\/www.sistem.it\/empresa\/"},"modified":"2023-07-27T16:23:51","modified_gmt":"2023-07-27T14:23:51","slug":"empresa","status":"publish","type":"page","link":"https:\/\/www.sistem.it\/es\/empresa\/","title":{"rendered":"Empresa"},"content":{"rendered":"<div class=\"wpb-content-wrapper\"><p>[vc_row el_id=\u00bbstoria\u00bb][vc_column]<div class=\"project-header project-header sistem\"><h1>Sistem Costruzioni: L'empresa<\/h1><h2 class=\"green\">45 a\u00f1os de fiabilidad en la construcci\u00f3n de viviendas y edificios de madera.<\/h2><\/div>[vc_column_text]<strong>Sistem Costruzioni es l\u00edder<\/strong> en el <strong>dise\u00f1o y construcci\u00f3n<\/strong> de <strong>casas y edificios de madera<\/strong>.<\/p>\n<p>Desde hace m\u00e1s de 45 a\u00f1os trabajamos en el campo de la <strong>edificaci\u00f3n sostenible<\/strong><strong>, construyendo<\/strong> <strong>casas y edificios de madera en<\/strong> <strong>Italia y en el extranjero<\/strong> <strong>a medida para el cliente. <\/strong><\/p>\n<p>Trabajamos para <strong>clientes particulares<\/strong>, <strong>instituciones<\/strong> y <strong>empresas<\/strong> y nuestra \u00e1rea de actividad en <strong>dise\u00f1o y construcci\u00f3n<\/strong> se divide en:[\/vc_column_text][\/vc_column][\/vc_row][vc_row full_width=\u00bbstretch_row\u00bb css=\u00bb.vc_custom_1467830971657{padding-bottom: 2em !important;background-color: #efefef !important;background-position: 0 0 !important;background-repeat: repeat !important;}\u00bb][vc_column width=\u00bb1\/4&#8243;][vc_column_text]<\/p>\n<h3>Casas y villas de madera<\/h3>\n<ul class=\"deco-list\">\n<li>Casas a medida<\/li>\n<li>Villas<\/li>\n<li>Viviendas de varios pisos y viviendas sociales<\/li>\n<li>Elevaciones y ampliaciones<\/li>\n<\/ul>\n<p>[\/vc_column_text][\/vc_column][vc_column width=\u00bb1\/4&#8243;][vc_column_text]<\/p>\n<h3>Estructuras de madera polivalentes<\/h3>\n<ul class=\"deco-list\">\n<li>Escuelas e institutos de formaci\u00f3n<\/li>\n<li>Gimnasios y centros deportivos<\/li>\n<li>Iglesias y lugares de culto<\/li>\n<li>Otros centros recreativos<\/li>\n<\/ul>\n<p>[\/vc_column_text][\/vc_column][vc_column width=\u00bb1\/4&#8243;][vc_column_text]<\/p>\n<h3>Edificios comerciales de madera<\/h3>\n<ul class=\"deco-list\">\n<li>Hipermercados y supermercados<\/li>\n<li>Establecimientos<\/li>\n<li>Almacenes<\/li>\n<li>Obras y oficinas<\/li>\n<\/ul>\n<p>[\/vc_column_text][\/vc_column][vc_column width=\u00bb1\/4&#8243;][vc_column_text]<\/p>\n<h3>Alojamientos tur\u00edsticos de madera<\/h3>\n<ul class=\"deco-list\">\n<li>Hoteles<\/li>\n<li>Restaurantes y bares<\/li>\n<li>Resorts de vacaciones<\/li>\n<\/ul>\n<p>[\/vc_column_text][\/vc_column][\/vc_row][vc_row][vc_column][vc_column_text]Sistem Costruzioni fue fundada en <strong>1978<\/strong> con el objetivo de <strong>crear estructuras de madera de vanguardia<\/strong>.<\/p>\n<p>A lo largo de los a\u00f1os, el equipo ha perfeccionado sus habilidades, su artesan\u00eda y su tecnolog\u00eda, gracias a la inversi\u00f3n de la empresa en el <strong>desarrollo<\/strong>, la <strong>investigaci\u00f3n <\/strong>y la <strong>actualizaci\u00f3n profesional<\/strong> constante.<\/p>\n<p>Esta es la base sobre la que se form\u00f3 <strong><em>la filosof\u00eda de Sistem<\/em>: <\/strong>un enfoque dedicado a la <strong>alta calidad de los materiales con los que construimos nuestros edificios de madera <\/strong>y a la <strong>innovaci\u00f3n <\/strong>que distingue todas nuestras etapas de producci\u00f3n: <strong>desde el dise\u00f1o hasta la realizaci\u00f3n de casas y otros tipos de edificios de madera.<\/strong>[\/vc_column_text][\/vc_column][\/vc_row][vc_row full_width=\u00bbstretch_row\u00bb css=\u00bb.vc_custom_1467830981542{padding-bottom: 3em !important;background-color: #d6ecff !important;}\u00bb][vc_column]<div class=\"row \">\n\t\t\t\t\t<div class=\"col-md-25 \">\n\t\t\t\t\t\t<a class=\"sistem-image-wrapper autosquare\" href=\"https:\/\/www.sistem.it\/es\/empresa\/sedes\/\" title=\"Sedes\">\n\t\t\t\t\t\t\t<div class=\"sistem-image-inner-wrapper\" style=\"background-image:url('https:\/\/www.sistem.it\/wp-content\/themes\/sistem\/img\/placeholder.jpg');\">\n\t\t\t\t\t\t\t\t<img decoding=\"async\" src=\"https:\/\/www.sistem.it\/wp-content\/themes\/sistem\/img\/placeholder.jpg\" alt=\"Sedes\" \/>\n\t\t\t\t\t\t\t<\/div>\n\t\t\t\t\t\t\t<h2 >Sedes<\/h2>\n\t\t\t\t\t\t<\/a>\n\t\t\t\t\t<\/div>\n\n\t\t\t\t\t<div class=\"col-md-25 \">\n\t\t\t\t\t\t<a class=\"sistem-image-wrapper autosquare\" href=\"https:\/\/www.sistem.it\/es\/empresa\/equipo\/\" title=\"Equipo\">\n\t\t\t\t\t\t\t<div class=\"sistem-image-inner-wrapper\" style=\"background-image:url('https:\/\/www.sistem.it\/wp-content\/uploads\/2016\/07\/square-team.png');\">\n\t\t\t\t\t\t\t\t<img decoding=\"async\" src=\"https:\/\/www.sistem.it\/wp-content\/uploads\/2016\/07\/square-team.png\" alt=\"Equipo\" \/>\n\t\t\t\t\t\t\t<\/div>\n\t\t\t\t\t\t\t<h2 >Equipo<\/h2>\n\t\t\t\t\t\t<\/a>\n\t\t\t\t\t<\/div>\n\n\t\t\t\t\t<div class=\"col-md-25 \">\n\t\t\t\t\t\t<a class=\"sistem-image-wrapper autosquare\" href=\"https:\/\/www.sistem.it\/es\/empresa\/certificaciones\/\" title=\"Certificaciones\">\n\t\t\t\t\t\t\t<div class=\"sistem-image-inner-wrapper\" style=\"background-image:url('https:\/\/www.sistem.it\/wp-content\/uploads\/2016\/05\/square-certificazioni.png');\">\n\t\t\t\t\t\t\t\t<img decoding=\"async\" src=\"https:\/\/www.sistem.it\/wp-content\/uploads\/2016\/05\/square-certificazioni.png\" alt=\"Certificaciones\" \/>\n\t\t\t\t\t\t\t<\/div>\n\t\t\t\t\t\t\t<h2 >Certificaciones<\/h2>\n\t\t\t\t\t\t<\/a>\n\t\t\t\t\t<\/div>\n\n\t\t\t\t\t<div class=\"col-md-25 \">\n\t\t\t\t\t\t<a class=\"sistem-image-wrapper autosquare\" href=\"https:\/\/www.sistem.it\/es\/empresa\/socios-principales\/\" title=\"Socios principales\">\n\t\t\t\t\t\t\t<div class=\"sistem-image-inner-wrapper\" style=\"background-image:url('https:\/\/www.sistem.it\/wp-content\/uploads\/2016\/03\/square-mainpartners.png');\">\n\t\t\t\t\t\t\t\t<img decoding=\"async\" src=\"https:\/\/www.sistem.it\/wp-content\/uploads\/2016\/03\/square-mainpartners.png\" alt=\"Socios principales\" \/>\n\t\t\t\t\t\t\t<\/div>\n\t\t\t\t\t\t\t<h2 >Socios principales<\/h2>\n\t\t\t\t\t\t<\/a>\n\t\t\t\t\t<\/div>\n\n\t\t\t\t\t<div class=\"col-md-25 \">\n\t\t\t\t\t\t<a class=\"sistem-image-wrapper autosquare\" href=\"https:\/\/www.sistem.it\/es\/empresa\/internacionalidad\/\" title=\"Internacionalidad\">\n\t\t\t\t\t\t\t<div class=\"sistem-image-inner-wrapper\" style=\"background-image:url('https:\/\/www.sistem.it\/wp-content\/uploads\/2016\/03\/square-internazionalita.png');\">\n\t\t\t\t\t\t\t\t<img decoding=\"async\" src=\"https:\/\/www.sistem.it\/wp-content\/uploads\/2016\/03\/square-internazionalita.png\" alt=\"Internacionalidad\" \/>\n\t\t\t\t\t\t\t<\/div>\n\t\t\t\t\t\t\t<h2 >Internacionalidad<\/h2>\n\t\t\t\t\t\t<\/a>\n\t\t\t\t\t<\/div><\/div>[\/vc_column][\/vc_row]<\/p>\n<\/div>","protected":false},"excerpt":{"rendered":"<p>[vc_row el_id=\u00bbstoria\u00bb][vc_column][vc_column_text]Sistem Costruzioni es l\u00edder en el dise\u00f1o y construcci\u00f3n de casas y edificios de madera. Desde hace m\u00e1s de 45 a\u00f1os trabajamos en el campo de la edificaci\u00f3n sostenible, construyendo casas y edificios de madera en Italia y en el extranjero a medida para el cliente. Trabajamos para clientes particulares, instituciones y empresas y [&hellip;]<\/p>\n","protected":false},"author":1,"featured_media":0,"parent":0,"menu_order":0,"comment_status":"closed","ping_status":"closed","template":"","meta":{"_acf_changed":false,"footnotes":""},"class_list":["post-6202","page","type-page","status-publish","hentry"],"acf":[],"yoast_head":"<!-- This site is optimized with the Yoast SEO plugin v27.4 - https:\/\/yoast.com\/product\/yoast-seo-wordpress\/ -->\n<title>Sistem Costruzioni: la empresa italiana de la madera.<\/title>\n<meta name=\"description\" content=\"Sistem Costruzioni es una empresa l\u00edder en el sector de edificios y casas de madera. Nuestra filosof\u00eda: Calidad, sostenibilidad e innovaci\u00f3n.\" \/>\n<meta name=\"robots\" content=\"index, follow, max-snippet:-1, max-image-preview:large, max-video-preview:-1\" \/>\n<link rel=\"canonical\" href=\"https:\/\/www.sistem.it\/es\/empresa\/\" \/>\n<meta property=\"og:locale\" content=\"es_ES\" \/>\n<meta property=\"og:type\" content=\"article\" \/>\n<meta property=\"og:title\" content=\"Sistem Costruzioni: la empresa italiana de la madera.\" \/>\n<meta property=\"og:description\" content=\"Sistem Costruzioni es una empresa l\u00edder en el sector de edificios y casas de madera. Nuestra filosof\u00eda: Calidad, sostenibilidad e innovaci\u00f3n.\" \/>\n<meta property=\"og:url\" content=\"https:\/\/www.sistem.it\/es\/empresa\/\" \/>\n<meta property=\"og:site_name\" content=\"Sistem Costruzioni\" \/>\n<meta property=\"article:modified_time\" content=\"2023-07-27T14:23:51+00:00\" \/>\n<meta name=\"twitter:card\" content=\"summary_large_image\" \/>\n<meta name=\"twitter:label1\" content=\"Tiempo de lectura\" \/>\n\t<meta name=\"twitter:data1\" content=\"2 minutos\" \/>\n<script type=\"application\/ld+json\" class=\"yoast-schema-graph\">{\"@context\":\"https:\\\/\\\/schema.org\",\"@graph\":[{\"@type\":\"WebPage\",\"@id\":\"https:\\\/\\\/www.sistem.it\\\/es\\\/empresa\\\/\",\"url\":\"https:\\\/\\\/www.sistem.it\\\/es\\\/empresa\\\/\",\"name\":\"Sistem Costruzioni: la empresa italiana de la madera.\",\"isPartOf\":{\"@id\":\"https:\\\/\\\/www.sistem.it\\\/es\\\/#website\"},\"datePublished\":\"2016-02-15T10:07:33+00:00\",\"dateModified\":\"2023-07-27T14:23:51+00:00\",\"description\":\"Sistem Costruzioni es una empresa l\u00edder en el sector de edificios y casas de madera. Nuestra filosof\u00eda: Calidad, sostenibilidad e innovaci\u00f3n.\",\"breadcrumb\":{\"@id\":\"https:\\\/\\\/www.sistem.it\\\/es\\\/empresa\\\/#breadcrumb\"},\"inLanguage\":\"es\",\"potentialAction\":[{\"@type\":\"ReadAction\",\"target\":[\"https:\\\/\\\/www.sistem.it\\\/es\\\/empresa\\\/\"]}]},{\"@type\":\"BreadcrumbList\",\"@id\":\"https:\\\/\\\/www.sistem.it\\\/es\\\/empresa\\\/#breadcrumb\",\"itemListElement\":[{\"@type\":\"ListItem\",\"position\":1,\"name\":\"Home\",\"item\":\"https:\\\/\\\/www.sistem.it\\\/es\\\/\"},{\"@type\":\"ListItem\",\"position\":2,\"name\":\"Empresa\"}]},{\"@type\":\"WebSite\",\"@id\":\"https:\\\/\\\/www.sistem.it\\\/es\\\/#website\",\"url\":\"https:\\\/\\\/www.sistem.it\\\/es\\\/\",\"name\":\"Sistem Costruzioni\",\"description\":\"L&#039;arte italiana del legno\",\"publisher\":{\"@id\":\"https:\\\/\\\/www.sistem.it\\\/es\\\/#organization\"},\"potentialAction\":[{\"@type\":\"SearchAction\",\"target\":{\"@type\":\"EntryPoint\",\"urlTemplate\":\"https:\\\/\\\/www.sistem.it\\\/es\\\/?s={search_term_string}\"},\"query-input\":{\"@type\":\"PropertyValueSpecification\",\"valueRequired\":true,\"valueName\":\"search_term_string\"}}],\"inLanguage\":\"es\"},{\"@type\":\"Organization\",\"@id\":\"https:\\\/\\\/www.sistem.it\\\/es\\\/#organization\",\"name\":\"Sistem Costruzioni S.r.l.\",\"url\":\"https:\\\/\\\/www.sistem.it\\\/es\\\/\",\"logo\":{\"@type\":\"ImageObject\",\"inLanguage\":\"es\",\"@id\":\"https:\\\/\\\/www.sistem.it\\\/es\\\/#\\\/schema\\\/logo\\\/image\\\/\",\"url\":\"https:\\\/\\\/www.sistem.it\\\/wp-content\\\/uploads\\\/2016\\\/03\\\/logo-sistem.png\",\"contentUrl\":\"https:\\\/\\\/www.sistem.it\\\/wp-content\\\/uploads\\\/2016\\\/03\\\/logo-sistem.png\",\"width\":461,\"height\":163,\"caption\":\"Sistem Costruzioni S.r.l.\"},\"image\":{\"@id\":\"https:\\\/\\\/www.sistem.it\\\/es\\\/#\\\/schema\\\/logo\\\/image\\\/\"}}]}<\/script>\n<!-- \/ Yoast SEO plugin. -->","yoast_head_json":{"title":"Sistem Costruzioni: la empresa italiana de la madera.","description":"Sistem Costruzioni es una empresa l\u00edder en el sector de edificios y casas de madera. Nuestra filosof\u00eda: Calidad, sostenibilidad e innovaci\u00f3n.","robots":{"index":"index","follow":"follow","max-snippet":"max-snippet:-1","max-image-preview":"max-image-preview:large","max-video-preview":"max-video-preview:-1"},"canonical":"https:\/\/www.sistem.it\/es\/empresa\/","og_locale":"es_ES","og_type":"article","og_title":"Sistem Costruzioni: la empresa italiana de la madera.","og_description":"Sistem Costruzioni es una empresa l\u00edder en el sector de edificios y casas de madera. Nuestra filosof\u00eda: Calidad, sostenibilidad e innovaci\u00f3n.","og_url":"https:\/\/www.sistem.it\/es\/empresa\/","og_site_name":"Sistem Costruzioni","article_modified_time":"2023-07-27T14:23:51+00:00","twitter_card":"summary_large_image","twitter_misc":{"Tiempo de lectura":"2 minutos"},"schema":{"@context":"https:\/\/schema.org","@graph":[{"@type":"WebPage","@id":"https:\/\/www.sistem.it\/es\/empresa\/","url":"https:\/\/www.sistem.it\/es\/empresa\/","name":"Sistem Costruzioni: la empresa italiana de la madera.","isPartOf":{"@id":"https:\/\/www.sistem.it\/es\/#website"},"datePublished":"2016-02-15T10:07:33+00:00","dateModified":"2023-07-27T14:23:51+00:00","description":"Sistem Costruzioni es una empresa l\u00edder en el sector de edificios y casas de madera. Nuestra filosof\u00eda: Calidad, sostenibilidad e innovaci\u00f3n.","breadcrumb":{"@id":"https:\/\/www.sistem.it\/es\/empresa\/#breadcrumb"},"inLanguage":"es","potentialAction":[{"@type":"ReadAction","target":["https:\/\/www.sistem.it\/es\/empresa\/"]}]},{"@type":"BreadcrumbList","@id":"https:\/\/www.sistem.it\/es\/empresa\/#breadcrumb","itemListElement":[{"@type":"ListItem","position":1,"name":"Home","item":"https:\/\/www.sistem.it\/es\/"},{"@type":"ListItem","position":2,"name":"Empresa"}]},{"@type":"WebSite","@id":"https:\/\/www.sistem.it\/es\/#website","url":"https:\/\/www.sistem.it\/es\/","name":"Sistem Costruzioni","description":"L&#039;arte italiana del legno","publisher":{"@id":"https:\/\/www.sistem.it\/es\/#organization"},"potentialAction":[{"@type":"SearchAction","target":{"@type":"EntryPoint","urlTemplate":"https:\/\/www.sistem.it\/es\/?s={search_term_string}"},"query-input":{"@type":"PropertyValueSpecification","valueRequired":true,"valueName":"search_term_string"}}],"inLanguage":"es"},{"@type":"Organization","@id":"https:\/\/www.sistem.it\/es\/#organization","name":"Sistem Costruzioni S.r.l.","url":"https:\/\/www.sistem.it\/es\/","logo":{"@type":"ImageObject","inLanguage":"es","@id":"https:\/\/www.sistem.it\/es\/#\/schema\/logo\/image\/","url":"https:\/\/www.sistem.it\/wp-content\/uploads\/2016\/03\/logo-sistem.png","contentUrl":"https:\/\/www.sistem.it\/wp-content\/uploads\/2016\/03\/logo-sistem.png","width":461,"height":163,"caption":"Sistem Costruzioni S.r.l."},"image":{"@id":"https:\/\/www.sistem.it\/es\/#\/schema\/logo\/image\/"}}]}},"_links":{"self":[{"href":"https:\/\/www.sistem.it\/es\/wp-json\/wp\/v2\/pages\/6202","targetHints":{"allow":["GET"]}}],"collection":[{"href":"https:\/\/www.sistem.it\/es\/wp-json\/wp\/v2\/pages"}],"about":[{"href":"https:\/\/www.sistem.it\/es\/wp-json\/wp\/v2\/types\/page"}],"author":[{"embeddable":true,"href":"https:\/\/www.sistem.it\/es\/wp-json\/wp\/v2\/users\/1"}],"replies":[{"embeddable":true,"href":"https:\/\/www.sistem.it\/es\/wp-json\/wp\/v2\/comments?post=6202"}],"version-history":[{"count":3,"href":"https:\/\/www.sistem.it\/es\/wp-json\/wp\/v2\/pages\/6202\/revisions"}],"predecessor-version":[{"id":27390,"href":"https:\/\/www.sistem.it\/es\/wp-json\/wp\/v2\/pages\/6202\/revisions\/27390"}],"wp:attachment":[{"href":"https:\/\/www.sistem.it\/es\/wp-json\/wp\/v2\/media?parent=6202"}],"curies":[{"name":"wp","href":"https:\/\/api.w.org\/{rel}","templated":true}]}}