{"id":6200,"date":"2016-02-15T09:05:03","date_gmt":"2016-02-15T08:05:03","guid":{"rendered":"https:\/\/www.sistem.it\/sistemas-de-construccion\/"},"modified":"2019-06-11T15:15:15","modified_gmt":"2019-06-11T13:15:15","slug":"sistemas-de-construccion","status":"publish","type":"page","link":"https:\/\/www.sistem.it\/es\/sistemas-de-construccion\/","title":{"rendered":"Sistemas de construcci\u00f3n"},"content":{"rendered":"<div class=\"wpb-content-wrapper\"><p>[vc_row][vc_column]<div class=\"project-header sistem\"><h1>Sistemas de construcci\u00f3n<\/h1><h2 class=\"green\">la perfecci\u00f3n para su edificio de madera<\/h2><\/div>[vc_column_text]Para la <strong>construcci\u00f3n de edificios y casas de madera <\/strong>contamos con cinco sistemas de construcci\u00f3n diferentes, los cuales pueden <strong>asegurar tiempos de construcci\u00f3n significativamente m\u00e1s cortos que los sistemas tradicionales<\/strong>, <strong>altos<\/strong> <strong>niveles de seguridad antis\u00edsmica<\/strong> y altos par\u00e1metros de <strong>durabilidad del edificio.<\/strong><\/p>\n<p><a href=\"https:\/\/www.sistem.it\/es\/sistemas-de-construccion\/xlam\/\">XLam<\/a>, <a href=\"https:\/\/www.sistem.it\/es\/sistemas-de-construccion\/platform-frame\/\">Platform-Frame<\/a>, <a href=\"https:\/\/www.sistem.it\/es\/sistemas-de-construccion\/block-house\/\">Block House<\/a> y <a href=\"https:\/\/www.sistem.it\/es\/sistemas-de-construccion\/bastidor\/\">Bastidor<\/a> son tipos de construcci\u00f3n que tienen como m\u00ednimo denominador com\u00fan la <strong>solidez y <\/strong><strong>adaptabilidad de la madera<\/strong>, pero que satisfacen diferentes necesidades, como la alta versatilidad y la necesidad de crear edificios de varios pisos en madera.<\/p>\n<p>El nuevo <a href=\"https:\/\/www.sistem.it\/es\/sistemas-de-construccion\/f-l\/\">sistema F-L<\/a> est\u00e1 dise\u00f1ado para crear estructuras simples y elegantes que pueden cubrir edificios existentes y mejorar sus caracter\u00edsticas.<\/p>\n<p>El sistema de <a href=\"https:\/\/www.sistem.it\/es\/sistemas-de-construccion\/laminar-y-macizo\/\/sistemi-costruttivi\/lamellar-e-massiccio\/\">madera Laminada y Maciza<\/a> es perfecto para la construcci\u00f3n de <strong>coberturas de madera<\/strong>.<\/p>\n<p><strong>Dependiendo de las necesidades de cada cliente, nuestro equipo t\u00e9cnico identifica el sistema de construcci\u00f3n ideal, ilustrando y motivando la elecci\u00f3n del proyecto gracias a la relaci\u00f3n directa entre dise\u00f1ador y cliente.<\/strong>[\/vc_column_text][\/vc_column][\/vc_row][vc_row full_width=\u00bbstretch_row\u00bb css=\u00bb.vc_custom_1538747674982{padding-top: 3em !important;padding-bottom: 6em !important;background-image: url(https:\/\/www.sistem.it\/wp-content\/uploads\/2016\/01\/sfondo-legno.jpg?id=130) !important;background-position: 0 0 !important;background-repeat: repeat !important;}\u00bb][vc_column]<div class=\" row sistem-slider\">\n\t\t\t\t\t<div class=\"col-md-2 \">\n\t\t\t\t\t\t<a class=\"bs-image-wrapper autosquare\" href=\"https:\/\/www.sistem.it\/es\/sistemas-de-construccion\/platform-frame\/\" title=\"Platform-Frame\">\n\t\t\t\t\t\t\t<div class=\"bs-image-inner-wrapper\" style=\"background-image:url('https:\/\/www.sistem.it\/wp-content\/uploads\/2016\/02\/platform-400x400.png');\">\n\t\t\t\t\t\t\t\t<img decoding=\"async\" src=\"https:\/\/www.sistem.it\/wp-content\/uploads\/2016\/02\/platform-400x400.png\" alt=\"Platform-Frame\" \/>\n\t\t\t\t\t\t\t<\/div>\n\t\t\t\t\t\t\t<h2 >Platform-Frame<\/h2>\n\t\t\t\t\t\t<\/a>\n\t\t\t\t\t<\/div>\n\n\t\t\t\t\t<div class=\"col-md-2 \">\n\t\t\t\t\t\t<a class=\"bs-image-wrapper autosquare\" href=\"https:\/\/www.sistem.it\/es\/sistemas-de-construccion\/xlam\/\" title=\"XLAM\">\n\t\t\t\t\t\t\t<div class=\"bs-image-inner-wrapper\" style=\"background-image:url('https:\/\/www.sistem.it\/wp-content\/uploads\/2016\/02\/xlam-400x400.png');\">\n\t\t\t\t\t\t\t\t<img decoding=\"async\" src=\"https:\/\/www.sistem.it\/wp-content\/uploads\/2016\/02\/xlam-400x400.png\" alt=\"XLAM\" \/>\n\t\t\t\t\t\t\t<\/div>\n\t\t\t\t\t\t\t<h2 >XLAM<\/h2>\n\t\t\t\t\t\t<\/a>\n\t\t\t\t\t<\/div>\n\n\t\t\t\t\t<div class=\"col-md-2 \">\n\t\t\t\t\t\t<a class=\"bs-image-wrapper autosquare\" href=\"https:\/\/www.sistem.it\/es\/sistemas-de-construccion\/block-house\/\" title=\"Block House\">\n\t\t\t\t\t\t\t<div class=\"bs-image-inner-wrapper\" style=\"background-image:url('https:\/\/www.sistem.it\/wp-content\/uploads\/2016\/02\/square-block-house-1.png');\">\n\t\t\t\t\t\t\t\t<img decoding=\"async\" src=\"https:\/\/www.sistem.it\/wp-content\/uploads\/2016\/02\/square-block-house-1.png\" alt=\"Block House\" \/>\n\t\t\t\t\t\t\t<\/div>\n\t\t\t\t\t\t\t<h2 >Block House<\/h2>\n\t\t\t\t\t\t<\/a>\n\t\t\t\t\t<\/div>\n\n\t\t\t\t\t<div class=\"col-md-2 \">\n\t\t\t\t\t\t<a class=\"bs-image-wrapper autosquare\" href=\"https:\/\/www.sistem.it\/es\/sistemas-de-construccion\/bastidor\/\" title=\"Bastidor\">\n\t\t\t\t\t\t\t<div class=\"bs-image-inner-wrapper\" style=\"background-image:url('https:\/\/www.sistem.it\/wp-content\/uploads\/2016\/02\/telaio-400x400.png');\">\n\t\t\t\t\t\t\t\t<img decoding=\"async\" src=\"https:\/\/www.sistem.it\/wp-content\/uploads\/2016\/02\/telaio-400x400.png\" alt=\"Bastidor\" \/>\n\t\t\t\t\t\t\t<\/div>\n\t\t\t\t\t\t\t<h2 >Bastidor<\/h2>\n\t\t\t\t\t\t<\/a>\n\t\t\t\t\t<\/div>\n\n\t\t\t\t\t<div class=\"col-md-2 \">\n\t\t\t\t\t\t<a class=\"bs-image-wrapper autosquare\" href=\"https:\/\/www.sistem.it\/es\/sistemas-de-construccion\/laminar-y-macizo\/\" title=\"Laminar y Macizo\">\n\t\t\t\t\t\t\t<div class=\"bs-image-inner-wrapper\" style=\"background-image:url('https:\/\/www.sistem.it\/wp-content\/uploads\/2016\/02\/lamellare-400x400.png');\">\n\t\t\t\t\t\t\t\t<img decoding=\"async\" src=\"https:\/\/www.sistem.it\/wp-content\/uploads\/2016\/02\/lamellare-400x400.png\" alt=\"Laminar y Macizo\" \/>\n\t\t\t\t\t\t\t<\/div>\n\t\t\t\t\t\t\t<h2 >Laminar y Macizo<\/h2>\n\t\t\t\t\t\t<\/a>\n\t\t\t\t\t<\/div>\n\n\t\t\t\t\t<div class=\"col-md-2 \">\n\t\t\t\t\t\t<a class=\"bs-image-wrapper autosquare\" href=\"https:\/\/www.sistem.it\/es\/sistemas-de-construccion\/f-l\/\" title=\"Ierro-Madera\">\n\t\t\t\t\t\t\t<div class=\"bs-image-inner-wrapper\" style=\"background-image:url('https:\/\/www.sistem.it\/wp-content\/uploads\/2018\/10\/sistem-costruzioni-f-l.png');\">\n\t\t\t\t\t\t\t\t<img decoding=\"async\" src=\"https:\/\/www.sistem.it\/wp-content\/uploads\/2018\/10\/sistem-costruzioni-f-l.png\" alt=\"Ierro-Madera\" \/>\n\t\t\t\t\t\t\t<\/div>\n\t\t\t\t\t\t\t<h2 >Ierro-Madera<\/h2>\n\t\t\t\t\t\t<\/a>\n\t\t\t\t\t<\/div><\/div>[\/vc_column][\/vc_row]<\/p>\n<\/div>","protected":false},"excerpt":{"rendered":"<p>[vc_row][vc_column][vc_column_text]Para la construcci\u00f3n de edificios y casas de madera contamos con cinco sistemas de construcci\u00f3n diferentes, los cuales pueden asegurar tiempos de construcci\u00f3n significativamente m\u00e1s cortos que los sistemas tradicionales, altos niveles de seguridad antis\u00edsmica y altos par\u00e1metros de durabilidad del edificio. XLam, Platform-Frame, Block House y Bastidor son tipos de construcci\u00f3n que tienen como [&hellip;]<\/p>\n","protected":false},"author":1,"featured_media":0,"parent":0,"menu_order":0,"comment_status":"closed","ping_status":"closed","template":"","meta":{"_acf_changed":false,"footnotes":""},"class_list":["post-6200","page","type-page","status-publish","hentry"],"acf":[],"yoast_head":"<!-- This site is optimized with the Yoast SEO plugin v27.3 - https:\/\/yoast.com\/product\/yoast-seo-wordpress\/ -->\n<title>Sistemas de construcci\u00f3n para casas de madera | Sistem Costruzioni<\/title>\n<meta name=\"description\" content=\"Realizar edificios y casas de madera seguras y confiables requiere alta tecnolog\u00eda y el desarrollo de sistemas de construcci\u00f3n con altos est\u00e1ndares cualitativos.\" \/>\n<meta name=\"robots\" content=\"index, follow, max-snippet:-1, max-image-preview:large, max-video-preview:-1\" \/>\n<link rel=\"canonical\" href=\"https:\/\/www.sistem.it\/es\/sistemas-de-construccion\/\" \/>\n<meta property=\"og:locale\" content=\"es_ES\" \/>\n<meta property=\"og:type\" content=\"article\" \/>\n<meta property=\"og:title\" content=\"Sistemas de construcci\u00f3n para casas de madera | Sistem Costruzioni\" \/>\n<meta property=\"og:description\" content=\"Realizar edificios y casas de madera seguras y confiables requiere alta tecnolog\u00eda y el desarrollo de sistemas de construcci\u00f3n con altos est\u00e1ndares cualitativos.\" \/>\n<meta property=\"og:url\" content=\"https:\/\/www.sistem.it\/es\/sistemas-de-construccion\/\" \/>\n<meta property=\"og:site_name\" content=\"Sistem Costruzioni\" \/>\n<meta property=\"article:modified_time\" content=\"2019-06-11T13:15:15+00:00\" \/>\n<meta name=\"twitter:card\" content=\"summary_large_image\" \/>\n<meta name=\"twitter:label1\" content=\"Tiempo de lectura\" \/>\n\t<meta name=\"twitter:data1\" content=\"1 minuto\" \/>\n<script type=\"application\/ld+json\" class=\"yoast-schema-graph\">{\"@context\":\"https:\\\/\\\/schema.org\",\"@graph\":[{\"@type\":\"WebPage\",\"@id\":\"https:\\\/\\\/www.sistem.it\\\/es\\\/sistemas-de-construccion\\\/\",\"url\":\"https:\\\/\\\/www.sistem.it\\\/es\\\/sistemas-de-construccion\\\/\",\"name\":\"Sistemas de construcci\u00f3n para casas de madera | Sistem Costruzioni\",\"isPartOf\":{\"@id\":\"https:\\\/\\\/www.sistem.it\\\/es\\\/#website\"},\"datePublished\":\"2016-02-15T08:05:03+00:00\",\"dateModified\":\"2019-06-11T13:15:15+00:00\",\"description\":\"Realizar edificios y casas de madera seguras y confiables requiere alta tecnolog\u00eda y el desarrollo de sistemas de construcci\u00f3n con altos est\u00e1ndares cualitativos.\",\"breadcrumb\":{\"@id\":\"https:\\\/\\\/www.sistem.it\\\/es\\\/sistemas-de-construccion\\\/#breadcrumb\"},\"inLanguage\":\"es\",\"potentialAction\":[{\"@type\":\"ReadAction\",\"target\":[\"https:\\\/\\\/www.sistem.it\\\/es\\\/sistemas-de-construccion\\\/\"]}]},{\"@type\":\"BreadcrumbList\",\"@id\":\"https:\\\/\\\/www.sistem.it\\\/es\\\/sistemas-de-construccion\\\/#breadcrumb\",\"itemListElement\":[{\"@type\":\"ListItem\",\"position\":1,\"name\":\"Home\",\"item\":\"https:\\\/\\\/www.sistem.it\\\/es\\\/\"},{\"@type\":\"ListItem\",\"position\":2,\"name\":\"Sistemas de construcci\u00f3n\"}]},{\"@type\":\"WebSite\",\"@id\":\"https:\\\/\\\/www.sistem.it\\\/es\\\/#website\",\"url\":\"https:\\\/\\\/www.sistem.it\\\/es\\\/\",\"name\":\"Sistem Costruzioni\",\"description\":\"L&#039;arte italiana del legno\",\"publisher\":{\"@id\":\"https:\\\/\\\/www.sistem.it\\\/es\\\/#organization\"},\"potentialAction\":[{\"@type\":\"SearchAction\",\"target\":{\"@type\":\"EntryPoint\",\"urlTemplate\":\"https:\\\/\\\/www.sistem.it\\\/es\\\/?s={search_term_string}\"},\"query-input\":{\"@type\":\"PropertyValueSpecification\",\"valueRequired\":true,\"valueName\":\"search_term_string\"}}],\"inLanguage\":\"es\"},{\"@type\":\"Organization\",\"@id\":\"https:\\\/\\\/www.sistem.it\\\/es\\\/#organization\",\"name\":\"Sistem Costruzioni S.r.l.\",\"url\":\"https:\\\/\\\/www.sistem.it\\\/es\\\/\",\"logo\":{\"@type\":\"ImageObject\",\"inLanguage\":\"es\",\"@id\":\"https:\\\/\\\/www.sistem.it\\\/es\\\/#\\\/schema\\\/logo\\\/image\\\/\",\"url\":\"https:\\\/\\\/www.sistem.it\\\/wp-content\\\/uploads\\\/2016\\\/03\\\/logo-sistem.png\",\"contentUrl\":\"https:\\\/\\\/www.sistem.it\\\/wp-content\\\/uploads\\\/2016\\\/03\\\/logo-sistem.png\",\"width\":461,\"height\":163,\"caption\":\"Sistem Costruzioni S.r.l.\"},\"image\":{\"@id\":\"https:\\\/\\\/www.sistem.it\\\/es\\\/#\\\/schema\\\/logo\\\/image\\\/\"}}]}<\/script>\n<!-- \/ Yoast SEO plugin. -->","yoast_head_json":{"title":"Sistemas de construcci\u00f3n para casas de madera | Sistem Costruzioni","description":"Realizar edificios y casas de madera seguras y confiables requiere alta tecnolog\u00eda y el desarrollo de sistemas de construcci\u00f3n con altos est\u00e1ndares cualitativos.","robots":{"index":"index","follow":"follow","max-snippet":"max-snippet:-1","max-image-preview":"max-image-preview:large","max-video-preview":"max-video-preview:-1"},"canonical":"https:\/\/www.sistem.it\/es\/sistemas-de-construccion\/","og_locale":"es_ES","og_type":"article","og_title":"Sistemas de construcci\u00f3n para casas de madera | Sistem Costruzioni","og_description":"Realizar edificios y casas de madera seguras y confiables requiere alta tecnolog\u00eda y el desarrollo de sistemas de construcci\u00f3n con altos est\u00e1ndares cualitativos.","og_url":"https:\/\/www.sistem.it\/es\/sistemas-de-construccion\/","og_site_name":"Sistem Costruzioni","article_modified_time":"2019-06-11T13:15:15+00:00","twitter_card":"summary_large_image","twitter_misc":{"Tiempo de lectura":"1 minuto"},"schema":{"@context":"https:\/\/schema.org","@graph":[{"@type":"WebPage","@id":"https:\/\/www.sistem.it\/es\/sistemas-de-construccion\/","url":"https:\/\/www.sistem.it\/es\/sistemas-de-construccion\/","name":"Sistemas de construcci\u00f3n para casas de madera | Sistem Costruzioni","isPartOf":{"@id":"https:\/\/www.sistem.it\/es\/#website"},"datePublished":"2016-02-15T08:05:03+00:00","dateModified":"2019-06-11T13:15:15+00:00","description":"Realizar edificios y casas de madera seguras y confiables requiere alta tecnolog\u00eda y el desarrollo de sistemas de construcci\u00f3n con altos est\u00e1ndares cualitativos.","breadcrumb":{"@id":"https:\/\/www.sistem.it\/es\/sistemas-de-construccion\/#breadcrumb"},"inLanguage":"es","potentialAction":[{"@type":"ReadAction","target":["https:\/\/www.sistem.it\/es\/sistemas-de-construccion\/"]}]},{"@type":"BreadcrumbList","@id":"https:\/\/www.sistem.it\/es\/sistemas-de-construccion\/#breadcrumb","itemListElement":[{"@type":"ListItem","position":1,"name":"Home","item":"https:\/\/www.sistem.it\/es\/"},{"@type":"ListItem","position":2,"name":"Sistemas de construcci\u00f3n"}]},{"@type":"WebSite","@id":"https:\/\/www.sistem.it\/es\/#website","url":"https:\/\/www.sistem.it\/es\/","name":"Sistem Costruzioni","description":"L&#039;arte italiana del legno","publisher":{"@id":"https:\/\/www.sistem.it\/es\/#organization"},"potentialAction":[{"@type":"SearchAction","target":{"@type":"EntryPoint","urlTemplate":"https:\/\/www.sistem.it\/es\/?s={search_term_string}"},"query-input":{"@type":"PropertyValueSpecification","valueRequired":true,"valueName":"search_term_string"}}],"inLanguage":"es"},{"@type":"Organization","@id":"https:\/\/www.sistem.it\/es\/#organization","name":"Sistem Costruzioni S.r.l.","url":"https:\/\/www.sistem.it\/es\/","logo":{"@type":"ImageObject","inLanguage":"es","@id":"https:\/\/www.sistem.it\/es\/#\/schema\/logo\/image\/","url":"https:\/\/www.sistem.it\/wp-content\/uploads\/2016\/03\/logo-sistem.png","contentUrl":"https:\/\/www.sistem.it\/wp-content\/uploads\/2016\/03\/logo-sistem.png","width":461,"height":163,"caption":"Sistem Costruzioni S.r.l."},"image":{"@id":"https:\/\/www.sistem.it\/es\/#\/schema\/logo\/image\/"}}]}},"_links":{"self":[{"href":"https:\/\/www.sistem.it\/es\/wp-json\/wp\/v2\/pages\/6200","targetHints":{"allow":["GET"]}}],"collection":[{"href":"https:\/\/www.sistem.it\/es\/wp-json\/wp\/v2\/pages"}],"about":[{"href":"https:\/\/www.sistem.it\/es\/wp-json\/wp\/v2\/types\/page"}],"author":[{"embeddable":true,"href":"https:\/\/www.sistem.it\/es\/wp-json\/wp\/v2\/users\/1"}],"replies":[{"embeddable":true,"href":"https:\/\/www.sistem.it\/es\/wp-json\/wp\/v2\/comments?post=6200"}],"version-history":[{"count":3,"href":"https:\/\/www.sistem.it\/es\/wp-json\/wp\/v2\/pages\/6200\/revisions"}],"predecessor-version":[{"id":6356,"href":"https:\/\/www.sistem.it\/es\/wp-json\/wp\/v2\/pages\/6200\/revisions\/6356"}],"wp:attachment":[{"href":"https:\/\/www.sistem.it\/es\/wp-json\/wp\/v2\/media?parent=6200"}],"curies":[{"name":"wp","href":"https:\/\/api.w.org\/{rel}","templated":true}]}}