{"id":6196,"date":"2016-01-29T09:04:19","date_gmt":"2016-01-29T08:04:19","guid":{"rendered":"https:\/\/www.sistem.it\/pagina-de-inicio\/"},"modified":"2025-07-28T17:38:41","modified_gmt":"2025-07-28T15:38:41","slug":"pagina-de-inicio","status":"publish","type":"page","link":"https:\/\/www.sistem.it\/es\/","title":{"rendered":"P\u00e1gina de inicio"},"content":{"rendered":"<div class=\"wpb-content-wrapper\"><p>[vc_row][vc_column]<div class=\"project-header sistem\"><h1>Sistem Costruzioni<\/h1><h2 class=\"green\">Case e edifici in legno dal 1978<\/h2><\/div>[\/vc_column][\/vc_row][vc_row css=\u00bb.vc_custom_1573470244731{padding-bottom: 60px !important;}\u00bb][vc_column width=\u00bb3\/4&#8243;][vc_column_text]Sistem Costruzioni act\u00faa en el campo de la <strong>construcci\u00f3n de casas y edificios de madera<\/strong> desde 1978, invirtiendo en <strong>soluciones innovadoras<\/strong> que garantizan la construcci\u00f3n de edificios de vanguardia en seguridad antis\u00edsmica, durabilidad, reducci\u00f3n del consumo, ecosostenibilidad y libertad de dise\u00f1o.<\/p>\n<h3>Apoyo en las distintas fases de construcci\u00f3n de edificios de madera<\/h3>\n<p>El servicio garantizado representa una de las principales fortalezas de la empresa, <strong>el cliente tiene garantizada la colaboraci\u00f3n con una \u00fanica persona de contacto capaz de realizar todo el trabajo<\/strong>: desde el dise\u00f1o hasta la instalaci\u00f3n, pasando por la obra. Un interlocutor capaz de garantizar <strong>tiempos r\u00e1pidos<\/strong>, optimizaci\u00f3n energ\u00e9tica, alta profesionalidad, todo en nombre de la <strong>colaboraci\u00f3n continua entre productor y cliente.<\/strong>[\/vc_column_text][\/vc_column][vc_column width=\u00bb1\/4&#8243;][vc_wp_custommenu nav_menu=\u00bb13&#8243; el_class=\u00bbcontent-menu\u00bb][\/vc_column][\/vc_row][vc_row full_width=\u00bbstretch_row\u00bb parallax=\u00bbcontent-moving\u00bb parallax_image=\u00bb130&#8243; css=\u00bb.vc_custom_1573470106472{padding-top: 30px !important;padding-bottom: 90px !important;}\u00bb][vc_column]<div class=\"project-header team\"><h1>Sistemi Costruttivi<\/h1><h2 class=\"white\">La tecnologia giusta per ogni esigenza<\/h2><\/div><div class=\" row sistem-slider\">\n\t\t\t\t\t<div class=\"col-md-2 \">\n\t\t\t\t\t\t<a class=\"bs-image-wrapper autosquare\" href=\"https:\/\/www.sistem.it\/es\/sistemas-de-construccion\/block-house\/\" title=\"Block House\">\n\t\t\t\t\t\t\t<div class=\"bs-image-inner-wrapper\" style=\"background-image:url('https:\/\/www.sistem.it\/wp-content\/uploads\/2016\/02\/square-block-house-1.png');\">\n\t\t\t\t\t\t\t\t<img decoding=\"async\" src=\"https:\/\/www.sistem.it\/wp-content\/uploads\/2016\/02\/square-block-house-1.png\" alt=\"Block House\" \/>\n\t\t\t\t\t\t\t<\/div>\n\t\t\t\t\t\t\t<h2 >Block House<\/h2>\n\t\t\t\t\t\t<\/a>\n\t\t\t\t\t<\/div>\n\n\t\t\t\t\t<div class=\"col-md-2 \">\n\t\t\t\t\t\t<a class=\"bs-image-wrapper autosquare\" href=\"https:\/\/www.sistem.it\/es\/sistemas-de-construccion\/xlam\/\" title=\"XLAM\">\n\t\t\t\t\t\t\t<div class=\"bs-image-inner-wrapper\" style=\"background-image:url('https:\/\/www.sistem.it\/wp-content\/uploads\/2016\/02\/xlam-400x400.png');\">\n\t\t\t\t\t\t\t\t<img decoding=\"async\" src=\"https:\/\/www.sistem.it\/wp-content\/uploads\/2016\/02\/xlam-400x400.png\" alt=\"XLAM\" \/>\n\t\t\t\t\t\t\t<\/div>\n\t\t\t\t\t\t\t<h2 >XLAM<\/h2>\n\t\t\t\t\t\t<\/a>\n\t\t\t\t\t<\/div>\n\n\t\t\t\t\t<div class=\"col-md-2 \">\n\t\t\t\t\t\t<a class=\"bs-image-wrapper autosquare\" href=\"https:\/\/www.sistem.it\/es\/sistemas-de-construccion\/platform-frame\/\" title=\"Platform-Frame\">\n\t\t\t\t\t\t\t<div class=\"bs-image-inner-wrapper\" style=\"background-image:url('https:\/\/www.sistem.it\/wp-content\/uploads\/2016\/02\/platform-400x400.png');\">\n\t\t\t\t\t\t\t\t<img decoding=\"async\" src=\"https:\/\/www.sistem.it\/wp-content\/uploads\/2016\/02\/platform-400x400.png\" alt=\"Platform-Frame\" \/>\n\t\t\t\t\t\t\t<\/div>\n\t\t\t\t\t\t\t<h2 >Platform-Frame<\/h2>\n\t\t\t\t\t\t<\/a>\n\t\t\t\t\t<\/div>\n\n\t\t\t\t\t<div class=\"col-md-2 \">\n\t\t\t\t\t\t<a class=\"bs-image-wrapper autosquare\" href=\"https:\/\/www.sistem.it\/es\/sistemas-de-construccion\/laminar-y-macizo\/\" title=\"Laminar y Macizo\">\n\t\t\t\t\t\t\t<div class=\"bs-image-inner-wrapper\" style=\"background-image:url('https:\/\/www.sistem.it\/wp-content\/uploads\/2016\/02\/lamellare-400x400.png');\">\n\t\t\t\t\t\t\t\t<img decoding=\"async\" src=\"https:\/\/www.sistem.it\/wp-content\/uploads\/2016\/02\/lamellare-400x400.png\" alt=\"Laminar y Macizo\" \/>\n\t\t\t\t\t\t\t<\/div>\n\t\t\t\t\t\t\t<h2 >Laminar y Macizo<\/h2>\n\t\t\t\t\t\t<\/a>\n\t\t\t\t\t<\/div>\n\n\t\t\t\t\t<div class=\"col-md-2 \">\n\t\t\t\t\t\t<a class=\"bs-image-wrapper autosquare\" href=\"https:\/\/www.sistem.it\/es\/sistemas-de-construccion\/bastidor\/\" title=\"Bastidor\">\n\t\t\t\t\t\t\t<div class=\"bs-image-inner-wrapper\" style=\"background-image:url('https:\/\/www.sistem.it\/wp-content\/uploads\/2016\/02\/telaio-400x400.png');\">\n\t\t\t\t\t\t\t\t<img decoding=\"async\" src=\"https:\/\/www.sistem.it\/wp-content\/uploads\/2016\/02\/telaio-400x400.png\" alt=\"Bastidor\" \/>\n\t\t\t\t\t\t\t<\/div>\n\t\t\t\t\t\t\t<h2 >Bastidor<\/h2>\n\t\t\t\t\t\t<\/a>\n\t\t\t\t\t<\/div>\n\n\t\t\t\t\t<div class=\"col-md-2 \">\n\t\t\t\t\t\t<a class=\"bs-image-wrapper autosquare\" href=\"https:\/\/www.sistem.it\/es\/sistemas-de-construccion\/f-l\/\" title=\"Ierro-Madera\">\n\t\t\t\t\t\t\t<div class=\"bs-image-inner-wrapper\" style=\"background-image:url('https:\/\/www.sistem.it\/wp-content\/uploads\/2018\/10\/sistem-costruzioni-f-l.png');\">\n\t\t\t\t\t\t\t\t<img decoding=\"async\" src=\"https:\/\/www.sistem.it\/wp-content\/uploads\/2018\/10\/sistem-costruzioni-f-l.png\" alt=\"Ierro-Madera\" \/>\n\t\t\t\t\t\t\t<\/div>\n\t\t\t\t\t\t\t<h2 >Ierro-Madera<\/h2>\n\t\t\t\t\t\t<\/a>\n\t\t\t\t\t<\/div><\/div>[\/vc_column][\/vc_row][vc_row css=\u00bb.vc_custom_1498206414662{margin-bottom: 40px !important;padding-top: 40px !important;padding-bottom: 40px !important;}\u00bb][vc_column]<div class=\"project-header realizzazioni\"><h1>Realizzazioni<\/h1><h2 class=\"green\">Ecco come far crescere le idee<\/h2><\/div><div class=\"row block-fit \">\n\t\t\n\t\t\t\t\t<div class=\"col-md-3\">\n\t\t\t\t\t\t<a class=\"sistem-image-wrapper autosquare\" href=\"https:\/\/www.sistem.it\/es\/realizaciones\/edificios-residenciales\/\" title=\"Edificios Residenciales\">\n\t\t\t\t\t\t\t<div class=\"sistem-image-inner-wrapper neutralize\" style=\"background-image:url('https:\/\/www.sistem.it\/wp-content\/uploads\/2016\/05\/edifici-residenziali-abitazioni-in-legno-sistem-costruzioni.jpg');\">\n\t\t\t\t\t\t\t\t<img decoding=\"async\" src=\"https:\/\/www.sistem.it\/wp-content\/uploads\/2016\/05\/edifici-residenziali-abitazioni-in-legno-sistem-costruzioni.jpg\" alt=\"Edificios Residenciales\" \/>\n\t\t\t\t\t\t\t<\/div>\n\t\t\t\t\t\t\t<h2 class=\"alignMiddle\">Edificios Residenciales<\/h2>\n\t\t\t\t\t\t<\/a>\n\t\t\t\t\t<\/div>\n\n\t\t\t\t\t<div class=\"col-md-3\">\n\t\t\t\t\t\t<a class=\"sistem-image-wrapper autosquare\" href=\"https:\/\/www.sistem.it\/es\/realizaciones\/estructuras-polivalentes\/\" title=\"Estructuras Polivalentes\">\n\t\t\t\t\t\t\t<div class=\"sistem-image-inner-wrapper neutralize\" style=\"background-image:url('https:\/\/www.sistem.it\/wp-content\/uploads\/2016\/05\/sistem-costruzioni-realizzazioni-strutture-polifunzionali-in-legno.jpg');\">\n\t\t\t\t\t\t\t\t<img decoding=\"async\" src=\"https:\/\/www.sistem.it\/wp-content\/uploads\/2016\/05\/sistem-costruzioni-realizzazioni-strutture-polifunzionali-in-legno.jpg\" alt=\"Estructuras Polivalentes\" \/>\n\t\t\t\t\t\t\t<\/div>\n\t\t\t\t\t\t\t<h2 class=\"alignMiddle\">Estructuras Polivalentes<\/h2>\n\t\t\t\t\t\t<\/a>\n\t\t\t\t\t<\/div>\n\n\t\t\t\t\t<div class=\"col-md-3\">\n\t\t\t\t\t\t<a class=\"sistem-image-wrapper autosquare\" href=\"https:\/\/www.sistem.it\/es\/realizaciones\/areas-comerciales\/\" title=\"Areas comerciales\">\n\t\t\t\t\t\t\t<div class=\"sistem-image-inner-wrapper neutralize\" style=\"background-image:url('https:\/\/www.sistem.it\/wp-content\/uploads\/2016\/05\/sistem-costruzioni-realizzazioni-aree-commerciali-in-legno.jpg');\">\n\t\t\t\t\t\t\t\t<img decoding=\"async\" src=\"https:\/\/www.sistem.it\/wp-content\/uploads\/2016\/05\/sistem-costruzioni-realizzazioni-aree-commerciali-in-legno.jpg\" alt=\"Areas comerciales\" \/>\n\t\t\t\t\t\t\t<\/div>\n\t\t\t\t\t\t\t<h2 class=\"alignMiddle\">Areas comerciales<\/h2>\n\t\t\t\t\t\t<\/a>\n\t\t\t\t\t<\/div>\n\n\t\t\t\t\t<div class=\"col-md-3\">\n\t\t\t\t\t\t<a class=\"sistem-image-wrapper autosquare\" href=\"https:\/\/www.sistem.it\/es\/realizaciones\/infraestructuras-de-recepcion\/\" title=\"Infraestructuras de Recepci\u00f3n\">\n\t\t\t\t\t\t\t<div class=\"sistem-image-inner-wrapper neutralize\" style=\"background-image:url('https:\/\/www.sistem.it\/wp-content\/uploads\/2016\/05\/sistem-costruzioni-realizzazioni-infrastrutture-ricettive-in-legno.jpg');\">\n\t\t\t\t\t\t\t\t<img decoding=\"async\" src=\"https:\/\/www.sistem.it\/wp-content\/uploads\/2016\/05\/sistem-costruzioni-realizzazioni-infrastrutture-ricettive-in-legno.jpg\" alt=\"Infraestructuras de Recepci\u00f3n\" \/>\n\t\t\t\t\t\t\t<\/div>\n\t\t\t\t\t\t\t<h2 class=\"alignMiddle\">Infraestructuras de Recepci\u00f3n<\/h2>\n\t\t\t\t\t\t<\/a>\n\t\t\t\t\t<\/div>\n\t\t<\/div>[\/vc_column][\/vc_row][vc_row full_width=\u00bbstretch_row\u00bb equal_height=\u00bbyes\u00bb parallax=\u00bbcontent-moving\u00bb parallax_image=\u00bb6461&#8243;][vc_column width=\u00bb1\/2&#8243; css=\u00bb.vc_custom_1753716907226{padding-top: 90px !important;padding-bottom: 90px !important;background-color: rgba(0,0,0,0.6) !important;*background-color: rgb(0,0,0) !important;}\u00bb el_class=\u00bbdecolor-bg\u00bb]<div class=\"project-header facciate\"><h1>Rivestimenti Facciate<\/h1><h2 class=\"white\">Nuova vita ai tuoi edifici con il legno<\/h2><\/div>[vc_column_text el_class=\u00bbwhite\u00bb]Preciosas y valiosas soluciones hechas de <strong>madera para fachadas<\/strong> y revestimientos exteriores de edificios residenciales, lugares p\u00fablicos, contextos de producci\u00f3n y servicios.<\/p>\n<p>Intervenciones que te permiten beneficiarte del Ecobonus y otros beneficios fiscales, contribuyendo al ahorro energ\u00e9tico y a la seguridad antis\u00edsmica de los edificios.[\/vc_column_text][vc_raw_html]PGRpdiBjbGFzcz0iYnRuLWdyb3VwIGJ0bi1ncm91cC1sZyIgcm9sZT0iZ3JvdXAiIGFyaWEtbGFiZWw9Ii4uLiI+PGEgY2xhc3M9ImJ0biBidG4tZGVmYXVsdCBpbnZlcnRlZCIgdGl0bGU9Ikd1YXJkYSBsZSByZWFsaXp6YXppb25pIiBocmVmPSJodHRwczovL3d3dy5zaXN0ZW0uaXQvZXMvcmVhbGl6YWNpb25lcy9yZXZlc3RpbWllbnRvLWRlLWZhY2hhZGFzLyI+UmVhbGl6YWNpb25lczwvYT48L2Rpdj4=[\/vc_raw_html][\/vc_column][vc_column width=\u00bb1\/2&#8243;][\/vc_column][\/vc_row][vc_row full_width=\u00bbstretch_row\u00bb equal_height=\u00bbyes\u00bb parallax=\u00bbcontent-moving\u00bb parallax_image=\u00bb8586&#8243; css=\u00bb.vc_custom_1685981286690{margin-bottom: 3em !important;}\u00bb][vc_column width=\u00bb1\/2&#8243;][\/vc_column][vc_column width=\u00bb1\/2&#8243; css=\u00bb.vc_custom_1753716913443{padding-top: 90px !important;padding-bottom: 90px !important;background-color: rgba(0,0,0,0.6) !important;*background-color: rgb(0,0,0) !important;}\u00bb el_class=\u00bbdecolor-bg\u00bb]<div class=\"project-header facciate\"><h1>uSafe: Accessi sotto controllo<\/h1><h2 class=\"white\">Realizzabile in soli 60 giorni<\/h2><\/div>[vc_column_text el_class=\u00bbwhite\u00bb]uSafe es la soluci\u00f3n fiable y vanguardista para garantizar la salud y la seguridad en la gesti\u00f3n de accesos.<\/p>\n<p>Gracias a sus caracter\u00edsticas tecnol\u00f3gicas y sanitarias, simplifica la gesti\u00f3n y el control del flujo de personas.<\/p>\n<p>Gracias a su estructura modular, uSafe se instala y desmonta r\u00e1pidamente cuando no se utiliza.[\/vc_column_text]<div class=\"button-wrapper sinistra\"><a class=\"btn btn-default inverted btn-lg\" href=\"https:\/\/www.sistem.it\/usafe-controllo-accessi-e-ripartenza-in-sicurezza\/\" title=\"Scopri di pi\u00f9 su uSafe\">Scopri di pi\u00f9 su uSafe<\/a><\/div>[\/vc_column][\/vc_row][vc_row full_width=\u00bbstretch_row\u00bb parallax=\u00bbcontent-moving\u00bb parallax_image=\u00bb130&#8243; css=\u00bb.vc_custom_1685973220252{padding-top: 60px !important;padding-bottom: 60px !important;}\u00bb][vc_column width=\u00bb1\/2&#8243;][vc_video link=\u00bbhttps:\/\/www.youtube.com\/watch?v=eaPnKyuzb4I\u00bb][\/vc_column][vc_column width=\u00bb1\/2&#8243;]<div class=\"project-header \"><h1>Sistem Costruzioni<\/h1><h2 class=\"white\">La casa in legno ecosostenibile<\/h2><\/div>[vc_column_text]<br \/>\nSistem Costruzioni crea casas de madera antis\u00edsmicas y ecosostenibles a partir de cualquier proyecto y para cualquier tipo de uso.<br \/>Sistem tambi\u00e9n est\u00e1 especializada en la construcci\u00f3n de grandes cubiertas de madera o en la construcci\u00f3n de grandes edificios de madera de varias plantas.<\/p>\n<p>&nbsp;<\/p>\n<p><a href=\"https:\/\/www.sistem.it\/es\/realizaciones\/\">Saber m\u00e1s<\/a>[\/vc_column_text][\/vc_column][\/vc_row]<\/p>\n<\/div>","protected":false},"excerpt":{"rendered":"<p>[vc_row][vc_column][\/vc_column][\/vc_row][vc_row css=\u00bb.vc_custom_1573470244731{padding-bottom: 60px !important;}\u00bb][vc_column width=\u00bb3\/4&#8243;][vc_column_text]Sistem Costruzioni act\u00faa en el campo de la construcci\u00f3n de casas y edificios de madera desde 1978, invirtiendo en soluciones innovadoras que garantizan la construcci\u00f3n de edificios de vanguardia en seguridad antis\u00edsmica, durabilidad, reducci\u00f3n del consumo, ecosostenibilidad y libertad de dise\u00f1o. Apoyo en las distintas fases de construcci\u00f3n de edificios de [&hellip;]<\/p>\n","protected":false},"author":1,"featured_media":0,"parent":0,"menu_order":0,"comment_status":"closed","ping_status":"closed","template":"","meta":{"_acf_changed":false,"footnotes":""},"class_list":["post-6196","page","type-page","status-publish","hentry"],"acf":[],"yoast_head":"<!-- This site is optimized with the Yoast SEO plugin v27.3 - https:\/\/yoast.com\/product\/yoast-seo-wordpress\/ -->\n<title>Sistem Costruzioni - El arte Italiano de la Madera - Casas y edificios de madera<\/title>\n<meta name=\"description\" content=\"Sistem Costruzioni realiza casas y edificios de madera que son seguros, duraderos, antis\u00edsmicos y ecosostenibles. Construya la casa de sus sue\u00f1os en madera.\" \/>\n<meta name=\"robots\" content=\"index, follow, max-snippet:-1, max-image-preview:large, max-video-preview:-1\" \/>\n<link rel=\"canonical\" href=\"https:\/\/www.sistem.it\/es\/\" \/>\n<meta property=\"og:locale\" content=\"es_ES\" \/>\n<meta property=\"og:type\" content=\"article\" \/>\n<meta property=\"og:title\" content=\"Sistem Costruzioni - El arte Italiano de la Madera - Casas y edificios de madera\" \/>\n<meta property=\"og:description\" content=\"Sistem Costruzioni realiza casas y edificios de madera que son seguros, duraderos, antis\u00edsmicos y ecosostenibles. Construya la casa de sus sue\u00f1os en madera.\" \/>\n<meta property=\"og:url\" content=\"https:\/\/www.sistem.it\/es\/\" \/>\n<meta property=\"og:site_name\" content=\"Sistem Costruzioni\" \/>\n<meta property=\"article:modified_time\" content=\"2025-07-28T15:38:41+00:00\" \/>\n<meta name=\"twitter:card\" content=\"summary_large_image\" \/>\n<meta name=\"twitter:label1\" content=\"Tiempo de lectura\" \/>\n\t<meta name=\"twitter:data1\" content=\"4 minutos\" \/>\n<script type=\"application\/ld+json\" class=\"yoast-schema-graph\">{\"@context\":\"https:\\\/\\\/schema.org\",\"@graph\":[{\"@type\":\"WebPage\",\"@id\":\"https:\\\/\\\/www.sistem.it\\\/es\\\/\",\"url\":\"https:\\\/\\\/www.sistem.it\\\/es\\\/\",\"name\":\"Sistem Costruzioni - El arte Italiano de la Madera - Casas y edificios de madera\",\"isPartOf\":{\"@id\":\"https:\\\/\\\/www.sistem.it\\\/es\\\/#website\"},\"datePublished\":\"2016-01-29T08:04:19+00:00\",\"dateModified\":\"2025-07-28T15:38:41+00:00\",\"description\":\"Sistem Costruzioni realiza casas y edificios de madera que son seguros, duraderos, antis\u00edsmicos y ecosostenibles. Construya la casa de sus sue\u00f1os en madera.\",\"breadcrumb\":{\"@id\":\"https:\\\/\\\/www.sistem.it\\\/es\\\/#breadcrumb\"},\"inLanguage\":\"es\",\"potentialAction\":[{\"@type\":\"ReadAction\",\"target\":[\"https:\\\/\\\/www.sistem.it\\\/es\\\/\"]}]},{\"@type\":\"BreadcrumbList\",\"@id\":\"https:\\\/\\\/www.sistem.it\\\/es\\\/#breadcrumb\",\"itemListElement\":[{\"@type\":\"ListItem\",\"position\":1,\"name\":\"Home\",\"item\":\"https:\\\/\\\/www.sistem.it\\\/es\\\/\"},{\"@type\":\"ListItem\",\"position\":2,\"name\":\"P\u00e1gina de inicio\"}]},{\"@type\":\"WebSite\",\"@id\":\"https:\\\/\\\/www.sistem.it\\\/es\\\/#website\",\"url\":\"https:\\\/\\\/www.sistem.it\\\/es\\\/\",\"name\":\"Sistem Costruzioni\",\"description\":\"L&#039;arte italiana del legno\",\"publisher\":{\"@id\":\"https:\\\/\\\/www.sistem.it\\\/es\\\/#organization\"},\"potentialAction\":[{\"@type\":\"SearchAction\",\"target\":{\"@type\":\"EntryPoint\",\"urlTemplate\":\"https:\\\/\\\/www.sistem.it\\\/es\\\/?s={search_term_string}\"},\"query-input\":{\"@type\":\"PropertyValueSpecification\",\"valueRequired\":true,\"valueName\":\"search_term_string\"}}],\"inLanguage\":\"es\"},{\"@type\":\"Organization\",\"@id\":\"https:\\\/\\\/www.sistem.it\\\/es\\\/#organization\",\"name\":\"Sistem Costruzioni S.r.l.\",\"url\":\"https:\\\/\\\/www.sistem.it\\\/es\\\/\",\"logo\":{\"@type\":\"ImageObject\",\"inLanguage\":\"es\",\"@id\":\"https:\\\/\\\/www.sistem.it\\\/es\\\/#\\\/schema\\\/logo\\\/image\\\/\",\"url\":\"https:\\\/\\\/www.sistem.it\\\/wp-content\\\/uploads\\\/2016\\\/03\\\/logo-sistem.png\",\"contentUrl\":\"https:\\\/\\\/www.sistem.it\\\/wp-content\\\/uploads\\\/2016\\\/03\\\/logo-sistem.png\",\"width\":461,\"height\":163,\"caption\":\"Sistem Costruzioni S.r.l.\"},\"image\":{\"@id\":\"https:\\\/\\\/www.sistem.it\\\/es\\\/#\\\/schema\\\/logo\\\/image\\\/\"}}]}<\/script>\n<!-- \/ Yoast SEO plugin. -->","yoast_head_json":{"title":"Sistem Costruzioni - El arte Italiano de la Madera - Casas y edificios de madera","description":"Sistem Costruzioni realiza casas y edificios de madera que son seguros, duraderos, antis\u00edsmicos y ecosostenibles. Construya la casa de sus sue\u00f1os en madera.","robots":{"index":"index","follow":"follow","max-snippet":"max-snippet:-1","max-image-preview":"max-image-preview:large","max-video-preview":"max-video-preview:-1"},"canonical":"https:\/\/www.sistem.it\/es\/","og_locale":"es_ES","og_type":"article","og_title":"Sistem Costruzioni - El arte Italiano de la Madera - Casas y edificios de madera","og_description":"Sistem Costruzioni realiza casas y edificios de madera que son seguros, duraderos, antis\u00edsmicos y ecosostenibles. Construya la casa de sus sue\u00f1os en madera.","og_url":"https:\/\/www.sistem.it\/es\/","og_site_name":"Sistem Costruzioni","article_modified_time":"2025-07-28T15:38:41+00:00","twitter_card":"summary_large_image","twitter_misc":{"Tiempo de lectura":"4 minutos"},"schema":{"@context":"https:\/\/schema.org","@graph":[{"@type":"WebPage","@id":"https:\/\/www.sistem.it\/es\/","url":"https:\/\/www.sistem.it\/es\/","name":"Sistem Costruzioni - El arte Italiano de la Madera - Casas y edificios de madera","isPartOf":{"@id":"https:\/\/www.sistem.it\/es\/#website"},"datePublished":"2016-01-29T08:04:19+00:00","dateModified":"2025-07-28T15:38:41+00:00","description":"Sistem Costruzioni realiza casas y edificios de madera que son seguros, duraderos, antis\u00edsmicos y ecosostenibles. Construya la casa de sus sue\u00f1os en madera.","breadcrumb":{"@id":"https:\/\/www.sistem.it\/es\/#breadcrumb"},"inLanguage":"es","potentialAction":[{"@type":"ReadAction","target":["https:\/\/www.sistem.it\/es\/"]}]},{"@type":"BreadcrumbList","@id":"https:\/\/www.sistem.it\/es\/#breadcrumb","itemListElement":[{"@type":"ListItem","position":1,"name":"Home","item":"https:\/\/www.sistem.it\/es\/"},{"@type":"ListItem","position":2,"name":"P\u00e1gina de inicio"}]},{"@type":"WebSite","@id":"https:\/\/www.sistem.it\/es\/#website","url":"https:\/\/www.sistem.it\/es\/","name":"Sistem Costruzioni","description":"L&#039;arte italiana del legno","publisher":{"@id":"https:\/\/www.sistem.it\/es\/#organization"},"potentialAction":[{"@type":"SearchAction","target":{"@type":"EntryPoint","urlTemplate":"https:\/\/www.sistem.it\/es\/?s={search_term_string}"},"query-input":{"@type":"PropertyValueSpecification","valueRequired":true,"valueName":"search_term_string"}}],"inLanguage":"es"},{"@type":"Organization","@id":"https:\/\/www.sistem.it\/es\/#organization","name":"Sistem Costruzioni S.r.l.","url":"https:\/\/www.sistem.it\/es\/","logo":{"@type":"ImageObject","inLanguage":"es","@id":"https:\/\/www.sistem.it\/es\/#\/schema\/logo\/image\/","url":"https:\/\/www.sistem.it\/wp-content\/uploads\/2016\/03\/logo-sistem.png","contentUrl":"https:\/\/www.sistem.it\/wp-content\/uploads\/2016\/03\/logo-sistem.png","width":461,"height":163,"caption":"Sistem Costruzioni S.r.l."},"image":{"@id":"https:\/\/www.sistem.it\/es\/#\/schema\/logo\/image\/"}}]}},"_links":{"self":[{"href":"https:\/\/www.sistem.it\/es\/wp-json\/wp\/v2\/pages\/6196","targetHints":{"allow":["GET"]}}],"collection":[{"href":"https:\/\/www.sistem.it\/es\/wp-json\/wp\/v2\/pages"}],"about":[{"href":"https:\/\/www.sistem.it\/es\/wp-json\/wp\/v2\/types\/page"}],"author":[{"embeddable":true,"href":"https:\/\/www.sistem.it\/es\/wp-json\/wp\/v2\/users\/1"}],"replies":[{"embeddable":true,"href":"https:\/\/www.sistem.it\/es\/wp-json\/wp\/v2\/comments?post=6196"}],"version-history":[{"count":14,"href":"https:\/\/www.sistem.it\/es\/wp-json\/wp\/v2\/pages\/6196\/revisions"}],"predecessor-version":[{"id":40913,"href":"https:\/\/www.sistem.it\/es\/wp-json\/wp\/v2\/pages\/6196\/revisions\/40913"}],"wp:attachment":[{"href":"https:\/\/www.sistem.it\/es\/wp-json\/wp\/v2\/media?parent=6196"}],"curies":[{"name":"wp","href":"https:\/\/api.w.org\/{rel}","templated":true}]}}