{"id":4907,"date":"2019-05-31T22:11:55","date_gmt":"2019-05-31T20:11:55","guid":{"rendered":"https:\/\/www.sistem.it\/en-bruto\/"},"modified":"2019-05-31T22:11:56","modified_gmt":"2019-05-31T20:11:56","slug":"en-bruto","status":"publish","type":"page","link":"https:\/\/www.sistem.it\/es\/su-casa-a-su-medida\/en-bruto\/","title":{"rendered":"En Bruto"},"content":{"rendered":"<div class=\"wpb-content-wrapper\"><p>[vc_row][vc_column width=\u00bb1\/2&#8243;]<div class=\"project-header project-header grezzo\"><h1>Grezzo<\/h1><h2 class=\"green\">il primo passo<\/h2><\/div>[vc_column_text]La construcci\u00f3n de un edificio en bruto implica la instalaci\u00f3n de:<\/p>\n<ol>\n<li>Uniones a los cimientos<\/li>\n<li>Paredes<\/li>\n<li>Forjados<\/li>\n<li>Escaleras<\/li>\n<li>Estructura de la cobertura<\/li>\n<\/ol>\n<p>[\/vc_column_text][\/vc_column][vc_column width=\u00bb1\/2&#8243;][vc_column_text el_class=\u00bbspeech animated fadeInDown\u00bb]La casa de madera Sistem est\u00e1 construida con una estructura portante de madera de abeto de primera calidad, convenientemente seleccionada, secada y cepillada.<br \/>\nA continuaci\u00f3n, la estructura se integra con paneles estructurales de aglomerados de madera de alta resistencia en ambos lados, claveteados en las juntas y caracterizados por intersecciones con montantes y travesa\u00f1os estructurales tambi\u00e9n estos con cintas en las uniones e integrados con aislante entre montantes y el freno de vapor colocado en la pared del lado interior de la tapadura.<br \/>\nEste sistema particular asegura que los edificios sean resistentes a los terremotos en todos los niveles sin a\u00f1adir costes (como sucede con los edificios tradicionales).[\/vc_column_text][\/vc_column][\/vc_row][vc_row][vc_column][vc_column_text]<\/p>\n<h3>Paredes<\/h3>\n<h4>Pared maestra en estructura lam<\/h4>\n<p>Para el sistema XLam, las paredes pueden realizarse con un \u00fanico elemento con todas las aberturas para puertas y ventanas, o ensamblando varios paneles unidos entre s\u00ed mediante conexiones mec\u00e1nicas realizadas con tiras de panel multicapa o con juntas a media madera entre los paneles y tornillos o con clavos. Las aberturas se realizan entre los paneles que componen la pared y el arquitrabe (y el antepecho para las ventanas) con elementos de panel dispuestos con la viguer\u00eda de los paneles horizontalmente, alojados y conectados en alojamientos tallados en los paneles laterales. En el caso de una pared compuesta por un solo panel, estos se obtienen precortando el panel directamente en f\u00e1brica. Las paredes en una sola pieza o ensambladas en la obra luego se completan en las uniones en el interior con cintas de butilo capaces de garantizar la estanqueidad al aire.<\/p>\n<h4>Pared maestra en estructura de bastidor<\/h4>\n<p>Nuestro edificio Platform-Frame est\u00e1 formado por paredes constituidas por un bastidor de madera, generalmente maciza pero tambi\u00e9n laminada en base a las necesidades estructurales, formado por montantes dispuestos a una distancia de 40-60 cm, una vigueta superior y una vigueta inferior.<br \/>\nEn ambos lados externos del bastidor se coloca el recubrimiento estructural de OSB que cubre completamente el bastidor, conectado mediante clavos con adherencia mejorada a los montantes, travesa\u00f1os y, mediante angulares met\u00e1licos, a las estructuras del forjado y de los cimientos.<br \/>\nEl bastidor as\u00ed ensamblado se completa con la inserci\u00f3n de un aislante t\u00e9rmico y\/o ac\u00fastico en los espacios entre montantes, de un freno de vapor en el interior y de una vaina transpirable en el exterior; mientras que las uniones en el interior se completan con cintas de butilo que garantizan la estanqueidad de aire en la pared.[\/vc_column_text][\/vc_column][\/vc_row][vc_row][vc_column][vc_column_text]<\/p>\n<h3>El Forjado<\/h3>\n<p>Una vez instaladas las paredes de la planta baja, se colocan los paneles del forjado y se conectan tanto a las paredes inferiores como entre ellos mediante tornillos y accesorios met\u00e1licos.<\/p>\n<h4>Entrepiso con estructura XLam<\/h4>\n<p>Los paneles de XLam para la construcci\u00f3n del forjado, debido a necesidades de producci\u00f3n y transporte, tienen anchos entre 125 y 280 cm y se unen mediante la inserci\u00f3n de tornillos y clavos dispuestos a corta distancia para conseguir una uni\u00f3n r\u00edgida de acuerdo con la jerarqu\u00eda de resistencias. La conexi\u00f3n a las paredes de abajo se realiza siempre con tornillos insertados en \u00e1ngulo con respecto al plano vertical de la pared, de forma que se intercepten varias capas y siempre a intervalos cortos para asegurar la creaci\u00f3n de una junta lo suficientemente r\u00edgida.<\/p>\n<h4>Entrepiso con estructura de bastidor<\/h4>\n<p>El forjado de la estructura de bastidor se compone de vigas de madera maciza o laminada, preferiblemente siempre dispuestas por encima de los montantes de la pared, y de<br \/>\npaneles estructurales de revestimiento a base de madera (madera contrachapada u OSB), como los que se utilizan para las paredes, conectados a las vigas del forjado con clavos dispuestos en los bordes exteriores de los paneles y en los soportes internos. La estructura del forjado se completa con un cord\u00f3n colocado a lo largo del per\u00edmetro del suelo. El bastidor as\u00ed ensamblado se completa con la inserci\u00f3n de aislante ac\u00fastico y de freno de vapor en los espacios entre los montantes. Las juntas de la parte inferior se completan con cintas de butilo que garantizan la estanqueidad al aire del elemento.<\/p>\n<h4>Entrepiso con estructura colaborante con viguetas a la vista<\/h4>\n<p>El forjado se puede construir in situ utilizando la tecnolog\u00eda de madera laminada, conectando vigas laminadas de secci\u00f3n adecuada a las paredes a una distancia de unos 50 cm. Sobre las vigas a la vista se coloca un tablero con clavos simples, caracterizado por un acabado a elecci\u00f3n y protegido por una vaina transpirable, integrado a distancia constante por conectores met\u00e1licos y completado con una colada colaborante de hormig\u00f3n armado de 5\/6 cm de espesor con malla met\u00e1lica electrosoldada.[\/vc_column_text][\/vc_column][\/vc_row][vc_row][vc_column][vc_column_text]<\/p>\n<h3>Las Escaleras<\/h3>\n<p>Las escaleras se caracterizan por una estructura portante con falsos pelda\u00f1os de madera (escaleras de \u201ctramo pleno\u201d) o por la combinaci\u00f3n de zancas laterales, conformadas con el perfil de los pelda\u00f1os, con tabicas y huellas de madera laminada (escaleras de \u201czancas\u201d).[\/vc_column_text][\/vc_column][\/vc_row][vc_row][vc_column][vc_column_text]<\/p>\n<h3>La Cobertura<\/h3>\n<h4>Con vigas a la vista<\/h4>\n<p>Una vez que las paredes de la planta superior han sido montadas, se puede crear la estructura de la cobertura. Normalmente se realiza con una estructura tradicional con vigas de cumbrera y vigas secundarias o con cerchas ligeras conectadas al cord\u00f3n de conexi\u00f3n a las paredes, por encima de las cuales se coloca y conecta el tablero y, si procede, un entablado de refuerzo transversal o panel estructural de OSB. Posteriormente, se coloca una membrana sobre el tablero para que act\u00fae como freno de vapor a trav\u00e9s de juntas superpuestas y pegadas con cinta.<\/p>\n<h4>De XLam<\/h4>\n<p>La realizaci\u00f3n de las estructuras de cobertura de XLam sigue sustancialmente las mismas posibilidades de aplicaci\u00f3n vistas para el forjado, con la \u00fanica variante de que en este caso es posible realizar una estructura de cobertura con la inserci\u00f3n de vigas portantes a la vista o no, viguetas secundarias y elementos estructurales que tambi\u00e9n puedan enriquecer el entorno. Tambi\u00e9n en este caso, en el panel XLam, mediante uniones solapadas y encintadas, se coloca una membrana con funci\u00f3n de freno de vapor.<\/p>\n<p>Sistem Costruzioni ofrece paquetes en el Sistema Casa Natura para coberturas de madera de casas y edificios. Cada sistema de construcci\u00f3n propuesto es una s\u00edntesis t\u00e9cnica que nace de la satisfacci\u00f3n de exigencias t\u00e9rmicas, ac\u00fasticas y sanitarias. No puede existir un sistema universal porque las condiciones clim\u00e1ticas y las especificaciones de uso de un edificio son variables. Es por eso que nuestras soluciones pueden ser implementadas y optimizadas de acuerdo a las necesidades espec\u00edficas del cliente y el entorno de la construcci\u00f3n.[\/vc_column_text][\/vc_column][\/vc_row][vc_row full_width=\u00bbstretch_row\u00bb css=\u00bb.vc_custom_1473350660151{padding-bottom: 35px !important;background-color: #efefef !important;}\u00bb][vc_column]<div class=\"project-header project-header\"><h1>Vuoi di pi\u00f9?<\/h1><h2 class=\"green\">Ecco qui altre idee e soluzioni<\/h2><\/div><div class=\"row \">\n\t\t\t\t\t<div class=\"col-md-3 \">\n\t\t\t\t\t\t<a class=\"sistem-image-wrapper autosquare\" href=\"https:\/\/www.sistem.it\/es\/su-casa-a-su-medida\/en-bruto-avanzado\/\" title=\"En Bruto Avanzado\">\n\t\t\t\t\t\t\t<div class=\"sistem-image-inner-wrapper\" style=\"background-image:url('https:\/\/www.sistem.it\/wp-content\/uploads\/2016\/06\/square-grezzo-avanzato.png');\">\n\t\t\t\t\t\t\t\t<img decoding=\"async\" src=\"https:\/\/www.sistem.it\/wp-content\/uploads\/2016\/06\/square-grezzo-avanzato.png\" alt=\"En Bruto Avanzado\" \/>\n\t\t\t\t\t\t\t<\/div>\n\t\t\t\t\t\t\t<h2 >En Bruto Avanzado<\/h2>\n\t\t\t\t\t\t<\/a>\n\t\t\t\t\t<\/div>\n\n\t\t\t\t\t<div class=\"col-md-3 \">\n\t\t\t\t\t\t<a class=\"sistem-image-wrapper autosquare\" href=\"https:\/\/www.sistem.it\/es\/su-casa-a-su-medida\/llave-en-mano\/\" title=\"Llave en Mano\">\n\t\t\t\t\t\t\t<div class=\"sistem-image-inner-wrapper\" style=\"background-image:url('https:\/\/www.sistem.it\/wp-content\/uploads\/2016\/06\/square-chiavi-in-mano.png');\">\n\t\t\t\t\t\t\t\t<img decoding=\"async\" src=\"https:\/\/www.sistem.it\/wp-content\/uploads\/2016\/06\/square-chiavi-in-mano.png\" alt=\"Llave en Mano\" \/>\n\t\t\t\t\t\t\t<\/div>\n\t\t\t\t\t\t\t<h2 >Llave en Mano<\/h2>\n\t\t\t\t\t\t<\/a>\n\t\t\t\t\t<\/div>\n\n\t\t\t\t\t<div class=\"col-md-3 \">\n\t\t\t\t\t\t<a class=\"sistem-image-wrapper autosquare\" href=\"https:\/\/www.sistem.it\/es\/su-casa-a-su-medida\/acabados-interiores-y-exteriores\/\" title=\"Acabados interiores y exteriores\">\n\t\t\t\t\t\t\t<div class=\"sistem-image-inner-wrapper\" style=\"background-image:url('https:\/\/www.sistem.it\/wp-content\/uploads\/2016\/06\/square-finiture.png');\">\n\t\t\t\t\t\t\t\t<img decoding=\"async\" src=\"https:\/\/www.sistem.it\/wp-content\/uploads\/2016\/06\/square-finiture.png\" alt=\"Acabados interiores y exteriores\" \/>\n\t\t\t\t\t\t\t<\/div>\n\t\t\t\t\t\t\t<h2 >Acabados interiores y exteriores<\/h2>\n\t\t\t\t\t\t<\/a>\n\t\t\t\t\t<\/div>\n\n\t\t\t\t\t<div class=\"col-md-3 \">\n\t\t\t\t\t\t<a class=\"sistem-image-wrapper autosquare\" href=\"https:\/\/www.sistem.it\/es\/su-casa-a-su-medida\/instalaciones\/\" title=\"Instalaciones\">\n\t\t\t\t\t\t\t<div class=\"sistem-image-inner-wrapper\" style=\"background-image:url('https:\/\/www.sistem.it\/wp-content\/uploads\/2016\/06\/square-impianti.png');\">\n\t\t\t\t\t\t\t\t<img decoding=\"async\" src=\"https:\/\/www.sistem.it\/wp-content\/uploads\/2016\/06\/square-impianti.png\" alt=\"Instalaciones\" \/>\n\t\t\t\t\t\t\t<\/div>\n\t\t\t\t\t\t\t<h2 >Instalaciones<\/h2>\n\t\t\t\t\t\t<\/a>\n\t\t\t\t\t<\/div><\/div>[\/vc_column][\/vc_row]<\/p>\n<\/div>","protected":false},"excerpt":{"rendered":"<p>[vc_row][vc_column width=\u00bb1\/2&#8243;][vc_column_text]La construcci\u00f3n de un edificio en bruto implica la instalaci\u00f3n de: Uniones a los cimientos Paredes Forjados Escaleras Estructura de la cobertura [\/vc_column_text][\/vc_column][vc_column width=\u00bb1\/2&#8243;][vc_column_text el_class=\u00bbspeech animated fadeInDown\u00bb]La casa de madera Sistem est\u00e1 construida con una estructura portante de madera de abeto de primera calidad, convenientemente seleccionada, secada y cepillada. A continuaci\u00f3n, la estructura se [&hellip;]<\/p>\n","protected":false},"author":1,"featured_media":1069,"parent":6204,"menu_order":0,"comment_status":"closed","ping_status":"closed","template":"","meta":{"_acf_changed":false,"footnotes":""},"class_list":["post-4907","page","type-page","status-publish","has-post-thumbnail","hentry"],"acf":[],"yoast_head":"<!-- This site is optimized with the Yoast SEO plugin v27.3 - https:\/\/yoast.com\/product\/yoast-seo-wordpress\/ -->\n<title>En Bruto - Sistem Costruzioni<\/title>\n<meta name=\"description\" content=\"En Bruto - Sistem Costruzioni - Case in legno, edifici e grandi opere: L&#039;arte Italiana del Legno - The Italian art of timber\" \/>\n<meta name=\"robots\" content=\"index, follow, max-snippet:-1, max-image-preview:large, max-video-preview:-1\" \/>\n<link rel=\"canonical\" href=\"https:\/\/www.sistem.it\/es\/su-casa-a-su-medida\/en-bruto\/\" \/>\n<meta property=\"og:locale\" content=\"es_ES\" \/>\n<meta property=\"og:type\" content=\"article\" \/>\n<meta property=\"og:title\" content=\"En Bruto - Sistem Costruzioni\" \/>\n<meta property=\"og:description\" content=\"En Bruto - Sistem Costruzioni - Case in legno, edifici e grandi opere: L&#039;arte Italiana del Legno - The Italian art of timber\" \/>\n<meta property=\"og:url\" content=\"https:\/\/www.sistem.it\/es\/su-casa-a-su-medida\/en-bruto\/\" \/>\n<meta property=\"og:site_name\" content=\"Sistem Costruzioni\" \/>\n<meta property=\"article:modified_time\" content=\"2019-05-31T20:11:56+00:00\" \/>\n<meta property=\"og:image\" content=\"https:\/\/www.sistem.it\/wp-content\/uploads\/2016\/06\/square-grezzo.png\" \/>\n\t<meta property=\"og:image:width\" content=\"400\" \/>\n\t<meta property=\"og:image:height\" content=\"400\" \/>\n\t<meta property=\"og:image:type\" content=\"image\/png\" \/>\n<meta name=\"twitter:card\" content=\"summary_large_image\" \/>\n<meta name=\"twitter:label1\" content=\"Tiempo de lectura\" \/>\n\t<meta name=\"twitter:data1\" content=\"6 minutos\" \/>\n<script type=\"application\/ld+json\" class=\"yoast-schema-graph\">{\"@context\":\"https:\\\/\\\/schema.org\",\"@graph\":[{\"@type\":\"WebPage\",\"@id\":\"https:\\\/\\\/www.sistem.it\\\/es\\\/su-casa-a-su-medida\\\/en-bruto\\\/\",\"url\":\"https:\\\/\\\/www.sistem.it\\\/es\\\/su-casa-a-su-medida\\\/en-bruto\\\/\",\"name\":\"En Bruto - Sistem Costruzioni\",\"isPartOf\":{\"@id\":\"https:\\\/\\\/www.sistem.it\\\/es\\\/#website\"},\"primaryImageOfPage\":{\"@id\":\"https:\\\/\\\/www.sistem.it\\\/es\\\/su-casa-a-su-medida\\\/en-bruto\\\/#primaryimage\"},\"image\":{\"@id\":\"https:\\\/\\\/www.sistem.it\\\/es\\\/su-casa-a-su-medida\\\/en-bruto\\\/#primaryimage\"},\"thumbnailUrl\":\"https:\\\/\\\/www.sistem.it\\\/wp-content\\\/uploads\\\/2016\\\/06\\\/square-grezzo.png\",\"datePublished\":\"2019-05-31T20:11:55+00:00\",\"dateModified\":\"2019-05-31T20:11:56+00:00\",\"description\":\"En Bruto - Sistem Costruzioni - Case in legno, edifici e grandi opere: L'arte Italiana del Legno - The Italian art of timber\",\"breadcrumb\":{\"@id\":\"https:\\\/\\\/www.sistem.it\\\/es\\\/su-casa-a-su-medida\\\/en-bruto\\\/#breadcrumb\"},\"inLanguage\":\"es\",\"potentialAction\":[{\"@type\":\"ReadAction\",\"target\":[\"https:\\\/\\\/www.sistem.it\\\/es\\\/su-casa-a-su-medida\\\/en-bruto\\\/\"]}]},{\"@type\":\"ImageObject\",\"inLanguage\":\"es\",\"@id\":\"https:\\\/\\\/www.sistem.it\\\/es\\\/su-casa-a-su-medida\\\/en-bruto\\\/#primaryimage\",\"url\":\"https:\\\/\\\/www.sistem.it\\\/wp-content\\\/uploads\\\/2016\\\/06\\\/square-grezzo.png\",\"contentUrl\":\"https:\\\/\\\/www.sistem.it\\\/wp-content\\\/uploads\\\/2016\\\/06\\\/square-grezzo.png\",\"width\":400,\"height\":400},{\"@type\":\"BreadcrumbList\",\"@id\":\"https:\\\/\\\/www.sistem.it\\\/es\\\/su-casa-a-su-medida\\\/en-bruto\\\/#breadcrumb\",\"itemListElement\":[{\"@type\":\"ListItem\",\"position\":1,\"name\":\"Home\",\"item\":\"https:\\\/\\\/www.sistem.it\\\/es\\\/\"},{\"@type\":\"ListItem\",\"position\":2,\"name\":\"Su casa a su medida\",\"item\":\"https:\\\/\\\/www.sistem.it\\\/es\\\/la-tua-casa-su-misura\\\/\"},{\"@type\":\"ListItem\",\"position\":3,\"name\":\"En Bruto\"}]},{\"@type\":\"WebSite\",\"@id\":\"https:\\\/\\\/www.sistem.it\\\/es\\\/#website\",\"url\":\"https:\\\/\\\/www.sistem.it\\\/es\\\/\",\"name\":\"Sistem Costruzioni\",\"description\":\"L&#039;arte italiana del legno\",\"publisher\":{\"@id\":\"https:\\\/\\\/www.sistem.it\\\/es\\\/#organization\"},\"potentialAction\":[{\"@type\":\"SearchAction\",\"target\":{\"@type\":\"EntryPoint\",\"urlTemplate\":\"https:\\\/\\\/www.sistem.it\\\/es\\\/?s={search_term_string}\"},\"query-input\":{\"@type\":\"PropertyValueSpecification\",\"valueRequired\":true,\"valueName\":\"search_term_string\"}}],\"inLanguage\":\"es\"},{\"@type\":\"Organization\",\"@id\":\"https:\\\/\\\/www.sistem.it\\\/es\\\/#organization\",\"name\":\"Sistem Costruzioni S.r.l.\",\"url\":\"https:\\\/\\\/www.sistem.it\\\/es\\\/\",\"logo\":{\"@type\":\"ImageObject\",\"inLanguage\":\"es\",\"@id\":\"https:\\\/\\\/www.sistem.it\\\/es\\\/#\\\/schema\\\/logo\\\/image\\\/\",\"url\":\"https:\\\/\\\/www.sistem.it\\\/wp-content\\\/uploads\\\/2016\\\/03\\\/logo-sistem.png\",\"contentUrl\":\"https:\\\/\\\/www.sistem.it\\\/wp-content\\\/uploads\\\/2016\\\/03\\\/logo-sistem.png\",\"width\":461,\"height\":163,\"caption\":\"Sistem Costruzioni S.r.l.\"},\"image\":{\"@id\":\"https:\\\/\\\/www.sistem.it\\\/es\\\/#\\\/schema\\\/logo\\\/image\\\/\"}}]}<\/script>\n<!-- \/ Yoast SEO plugin. -->","yoast_head_json":{"title":"En Bruto - Sistem Costruzioni","description":"En Bruto - Sistem Costruzioni - Case in legno, edifici e grandi opere: L'arte Italiana del Legno - The Italian art of timber","robots":{"index":"index","follow":"follow","max-snippet":"max-snippet:-1","max-image-preview":"max-image-preview:large","max-video-preview":"max-video-preview:-1"},"canonical":"https:\/\/www.sistem.it\/es\/su-casa-a-su-medida\/en-bruto\/","og_locale":"es_ES","og_type":"article","og_title":"En Bruto - Sistem Costruzioni","og_description":"En Bruto - Sistem Costruzioni - Case in legno, edifici e grandi opere: L'arte Italiana del Legno - The Italian art of timber","og_url":"https:\/\/www.sistem.it\/es\/su-casa-a-su-medida\/en-bruto\/","og_site_name":"Sistem Costruzioni","article_modified_time":"2019-05-31T20:11:56+00:00","og_image":[{"width":400,"height":400,"url":"https:\/\/www.sistem.it\/wp-content\/uploads\/2016\/06\/square-grezzo.png","type":"image\/png"}],"twitter_card":"summary_large_image","twitter_misc":{"Tiempo de lectura":"6 minutos"},"schema":{"@context":"https:\/\/schema.org","@graph":[{"@type":"WebPage","@id":"https:\/\/www.sistem.it\/es\/su-casa-a-su-medida\/en-bruto\/","url":"https:\/\/www.sistem.it\/es\/su-casa-a-su-medida\/en-bruto\/","name":"En Bruto - Sistem Costruzioni","isPartOf":{"@id":"https:\/\/www.sistem.it\/es\/#website"},"primaryImageOfPage":{"@id":"https:\/\/www.sistem.it\/es\/su-casa-a-su-medida\/en-bruto\/#primaryimage"},"image":{"@id":"https:\/\/www.sistem.it\/es\/su-casa-a-su-medida\/en-bruto\/#primaryimage"},"thumbnailUrl":"https:\/\/www.sistem.it\/wp-content\/uploads\/2016\/06\/square-grezzo.png","datePublished":"2019-05-31T20:11:55+00:00","dateModified":"2019-05-31T20:11:56+00:00","description":"En Bruto - Sistem Costruzioni - Case in legno, edifici e grandi opere: L'arte Italiana del Legno - The Italian art of timber","breadcrumb":{"@id":"https:\/\/www.sistem.it\/es\/su-casa-a-su-medida\/en-bruto\/#breadcrumb"},"inLanguage":"es","potentialAction":[{"@type":"ReadAction","target":["https:\/\/www.sistem.it\/es\/su-casa-a-su-medida\/en-bruto\/"]}]},{"@type":"ImageObject","inLanguage":"es","@id":"https:\/\/www.sistem.it\/es\/su-casa-a-su-medida\/en-bruto\/#primaryimage","url":"https:\/\/www.sistem.it\/wp-content\/uploads\/2016\/06\/square-grezzo.png","contentUrl":"https:\/\/www.sistem.it\/wp-content\/uploads\/2016\/06\/square-grezzo.png","width":400,"height":400},{"@type":"BreadcrumbList","@id":"https:\/\/www.sistem.it\/es\/su-casa-a-su-medida\/en-bruto\/#breadcrumb","itemListElement":[{"@type":"ListItem","position":1,"name":"Home","item":"https:\/\/www.sistem.it\/es\/"},{"@type":"ListItem","position":2,"name":"Su casa a su medida","item":"https:\/\/www.sistem.it\/es\/la-tua-casa-su-misura\/"},{"@type":"ListItem","position":3,"name":"En Bruto"}]},{"@type":"WebSite","@id":"https:\/\/www.sistem.it\/es\/#website","url":"https:\/\/www.sistem.it\/es\/","name":"Sistem Costruzioni","description":"L&#039;arte italiana del legno","publisher":{"@id":"https:\/\/www.sistem.it\/es\/#organization"},"potentialAction":[{"@type":"SearchAction","target":{"@type":"EntryPoint","urlTemplate":"https:\/\/www.sistem.it\/es\/?s={search_term_string}"},"query-input":{"@type":"PropertyValueSpecification","valueRequired":true,"valueName":"search_term_string"}}],"inLanguage":"es"},{"@type":"Organization","@id":"https:\/\/www.sistem.it\/es\/#organization","name":"Sistem Costruzioni S.r.l.","url":"https:\/\/www.sistem.it\/es\/","logo":{"@type":"ImageObject","inLanguage":"es","@id":"https:\/\/www.sistem.it\/es\/#\/schema\/logo\/image\/","url":"https:\/\/www.sistem.it\/wp-content\/uploads\/2016\/03\/logo-sistem.png","contentUrl":"https:\/\/www.sistem.it\/wp-content\/uploads\/2016\/03\/logo-sistem.png","width":461,"height":163,"caption":"Sistem Costruzioni S.r.l."},"image":{"@id":"https:\/\/www.sistem.it\/es\/#\/schema\/logo\/image\/"}}]}},"_links":{"self":[{"href":"https:\/\/www.sistem.it\/es\/wp-json\/wp\/v2\/pages\/4907","targetHints":{"allow":["GET"]}}],"collection":[{"href":"https:\/\/www.sistem.it\/es\/wp-json\/wp\/v2\/pages"}],"about":[{"href":"https:\/\/www.sistem.it\/es\/wp-json\/wp\/v2\/types\/page"}],"author":[{"embeddable":true,"href":"https:\/\/www.sistem.it\/es\/wp-json\/wp\/v2\/users\/1"}],"replies":[{"embeddable":true,"href":"https:\/\/www.sistem.it\/es\/wp-json\/wp\/v2\/comments?post=4907"}],"version-history":[{"count":1,"href":"https:\/\/www.sistem.it\/es\/wp-json\/wp\/v2\/pages\/4907\/revisions"}],"predecessor-version":[{"id":4908,"href":"https:\/\/www.sistem.it\/es\/wp-json\/wp\/v2\/pages\/4907\/revisions\/4908"}],"up":[{"embeddable":true,"href":"https:\/\/www.sistem.it\/es\/wp-json\/wp\/v2\/pages\/6204"}],"wp:featuredmedia":[{"embeddable":true,"href":"https:\/\/www.sistem.it\/es\/wp-json\/wp\/v2\/media\/1069"}],"wp:attachment":[{"href":"https:\/\/www.sistem.it\/es\/wp-json\/wp\/v2\/media?parent=4907"}],"curies":[{"name":"wp","href":"https:\/\/api.w.org\/{rel}","templated":true}]}}