{"id":25713,"date":"2020-02-13T10:21:01","date_gmt":"2020-02-13T09:21:01","guid":{"rendered":"https:\/\/www.sistem.it\/casas-de-madera-y-edificio-verde\/"},"modified":"2022-11-17T13:02:15","modified_gmt":"2022-11-17T12:02:15","slug":"casas-de-madera-y-edificio-verde","status":"publish","type":"page","link":"https:\/\/www.sistem.it\/es\/casas-de-madera-y-edificio-verde\/","title":{"rendered":"Casas de madera y edificio verde."},"content":{"rendered":"<div class=\"wpb-content-wrapper\"><p>madeira[vc_row css=\u00bb.vc_custom_1581604537705{padding-bottom: 30px !important;}\u00bb][vc_column]<div class=\"project-header project-header\"><h1>Case in legno, bioedilizia ed edifici polifunzionali<\/h1><h2 class=\"green\">Il legno materiale del futuro<\/h2><\/div>[vc_column_text]<strong>Sostenibilidad ambiental, seguridad s\u00edsmica, eficiencia energ\u00e9tica, resistencia al fuego y aislamiento t\u00e9rmico<\/strong>. Estas son solo algunas de las ventajas de una casa de madera, en Sistem Costruzioni tambi\u00e9n creemos que es <strong>hermosa.<\/strong><\/p>\n<p>Gracias a los <strong>innovadores sistemas constructivos<\/strong> que utilizamos, podemos permitirle personalizar su hogar y adoptar todas las soluciones arquitect\u00f3nicas de una casa tradicional, a\u00f1adiendo la ecosostenibilidad y el respeto por el medio ambiente.[\/vc_column_text]<div class=\"button-wrapper sinistra\"><a class=\"btn btn-default btn-lg\" href=\"https:\/\/www.sistem.it\/contatti\/\" title=\"Contattaci ora\"><i class=\"fa fa-evenelope\"><\/i> Contattaci ora<\/a><\/div>[\/vc_column][\/vc_row][vc_row full_width=\u00bbstretch_row\u00bb css=\u00bb.vc_custom_1581604265164{padding-top: 30px !important;padding-bottom: 30px !important;background-image: url(https:\/\/www.sistem.it\/wp-content\/uploads\/2016\/01\/sfondo-legno.jpg?id=130) !important;}\u00bb][vc_column]<div class=\"project-header project-header realizzazioni\"><h1>Haz crecer tus ideas<\/h1><h2 class=\"white\">Descubre nuestros logros<\/h2><\/div><div class=\"row block-fit \">\n\t\t\n\t\t\t\t\t<div class=\"col-md-3\">\n\t\t\t\t\t\t<a class=\"sistem-image-wrapper autosquare\" href=\"https:\/\/www.sistem.it\/realizzazioni\/edifici-residenziali\/\" title=\"Edifici Residenziali\">\n\t\t\t\t\t\t\t<div class=\"sistem-image-inner-wrapper\" style=\"background-image:url('https:\/\/www.sistem.it\/wp-content\/themes\/sistem\/img\/placeholder.jpg');\">\n\t\t\t\t\t\t\t\t<img decoding=\"async\" src=\"https:\/\/www.sistem.it\/wp-content\/themes\/sistem\/img\/placeholder.jpg\" alt=\"Edifici Residenziali\" \/>\n\t\t\t\t\t\t\t<\/div>\n\t\t\t\t\t\t\t<h2 class=\"alignMiddle\">Edifici Residenziali<\/h2>\n\t\t\t\t\t\t<\/a>\n\t\t\t\t\t<\/div>\n\n\t\t\t\t\t<div class=\"col-md-3\">\n\t\t\t\t\t\t<a class=\"sistem-image-wrapper autosquare\" href=\"https:\/\/www.sistem.it\/realizzazioni\/strutture-polifunzionali\/\" title=\"Strutture Polifunzionali\">\n\t\t\t\t\t\t\t<div class=\"sistem-image-inner-wrapper\" style=\"background-image:url('https:\/\/www.sistem.it\/wp-content\/themes\/sistem\/img\/placeholder.jpg');\">\n\t\t\t\t\t\t\t\t<img decoding=\"async\" src=\"https:\/\/www.sistem.it\/wp-content\/themes\/sistem\/img\/placeholder.jpg\" alt=\"Strutture Polifunzionali\" \/>\n\t\t\t\t\t\t\t<\/div>\n\t\t\t\t\t\t\t<h2 class=\"alignMiddle\">Strutture Polifunzionali<\/h2>\n\t\t\t\t\t\t<\/a>\n\t\t\t\t\t<\/div>\n\n\t\t\t\t\t<div class=\"col-md-3\">\n\t\t\t\t\t\t<a class=\"sistem-image-wrapper autosquare\" href=\"https:\/\/www.sistem.it\/realizzazioni\/aree-commerciali\/\" title=\"Aree Commerciali\">\n\t\t\t\t\t\t\t<div class=\"sistem-image-inner-wrapper\" style=\"background-image:url('https:\/\/www.sistem.it\/wp-content\/themes\/sistem\/img\/placeholder.jpg');\">\n\t\t\t\t\t\t\t\t<img decoding=\"async\" src=\"https:\/\/www.sistem.it\/wp-content\/themes\/sistem\/img\/placeholder.jpg\" alt=\"Aree Commerciali\" \/>\n\t\t\t\t\t\t\t<\/div>\n\t\t\t\t\t\t\t<h2 class=\"alignMiddle\">Aree Commerciali<\/h2>\n\t\t\t\t\t\t<\/a>\n\t\t\t\t\t<\/div>\n\n\t\t\t\t\t<div class=\"col-md-3\">\n\t\t\t\t\t\t<a class=\"sistem-image-wrapper autosquare\" href=\"https:\/\/www.sistem.it\/realizzazioni\/infrastrutture-ricettive\/\" title=\"Infrastrutture Ricettive\">\n\t\t\t\t\t\t\t<div class=\"sistem-image-inner-wrapper\" style=\"background-image:url('https:\/\/www.sistem.it\/wp-content\/themes\/sistem\/img\/placeholder.jpg');\">\n\t\t\t\t\t\t\t\t<img decoding=\"async\" src=\"https:\/\/www.sistem.it\/wp-content\/themes\/sistem\/img\/placeholder.jpg\" alt=\"Infrastrutture Ricettive\" \/>\n\t\t\t\t\t\t\t<\/div>\n\t\t\t\t\t\t\t<h2 class=\"alignMiddle\">Infrastrutture Ricettive<\/h2>\n\t\t\t\t\t\t<\/a>\n\t\t\t\t\t<\/div>\n\t\t<\/div>[\/vc_column][\/vc_row][vc_row css=\u00bb.vc_custom_1581604809868{padding-top: 30px !important;}\u00bb][vc_column][vc_column_text]<\/p>\n<h2>Las ventajas de una casa de madera.<\/h2>\n<p>[\/vc_column_text][\/vc_column][\/vc_row][vc_row][vc_column width=\u00bb1\/4&#8243;][vc_single_image image=\u00bb1587&#8243; img_size=\u00bbfull\u00bb alignment=\u00bbcenter\u00bb css_animation=\u00bbfadeInDown\u00bb][vc_column_text el_class=\u00bbcenter-text\u00bb]<\/p>\n<h3>Una casa est\u00e1tica<\/h3>\n<p>Nuestros sistemas constructivos otorgan a la casa de madera una gran estabilidad.[\/vc_column_text][\/vc_column][vc_column width=\u00bb1\/4&#8243;][vc_single_image image=\u00bb1578&#8243; img_size=\u00bbfull\u00bb alignment=\u00bbcenter\u00bb css_animation=\u00bbfadeInDown\u00bb][vc_column_text el_class=\u00bbcenter-text\u00bb]<\/p>\n<h3>Una casa antis\u00edsmica<\/h3>\n<p>El edificio de madera estructural es capaz de absorber la onda s\u00edsmica.[\/vc_column_text][\/vc_column][vc_column width=\u00bb1\/4&#8243;][vc_single_image image=\u00bb1581&#8243; img_size=\u00bbfull\u00bb alignment=\u00bbcenter\u00bb css_animation=\u00bbfadeInDown\u00bb][vc_column_text el_class=\u00bbcenter-text\u00bb]<\/p>\n<h3>Un microclima perfecto<\/h3>\n<p>El aislamiento t\u00e9rmico garantizado por la madera ofrece un ambiente saludable.[\/vc_column_text][\/vc_column][vc_column width=\u00bb1\/4&#8243;][vc_single_image image=\u00bb1584&#8243; img_size=\u00bbfull\u00bb alignment=\u00bbcenter\u00bb css_animation=\u00bbfadeInDown\u00bb][vc_column_text el_class=\u00bbcenter-text\u00bb]<\/p>\n<h3>Una casa resistente al fuego<\/h3>\n<p>Resistencia al fuego igual a la de las casas tradicionales.[\/vc_column_text][\/vc_column][\/vc_row][vc_row css=\u00bb.vc_custom_1581605496055{padding-bottom: 30px !important;}\u00bb][vc_column]<div class=\"button-wrapper centro\"><a class=\"btn btn-default btn-lg\" href=\"https:\/\/www.sistem.it\/la-tua-casa-su-misura\/\" title=\"Construye tu casa a medida\">Construye tu casa a medida<\/a><\/div>[\/vc_column][\/vc_row][vc_row full_width=\u00bbstretch_row\u00bb parallax=\u00bbcontent-moving\u00bb parallax_image=\u00bb6645&#8243; css=\u00bb.vc_custom_1581605862018{padding-top: 60px !important;padding-bottom: 60px !important;}\u00bb][vc_column width=\u00bb1\/2&#8243;][vc_video link=\u00bbhttps:\/\/www.youtube.com\/watch?v=eaPnKyuzb4I\u00bb align=\u00bbcenter\u00bb][\/vc_column][vc_column width=\u00bb1\/2&#8243;]<div class=\"project-header \"><h1>Chi \u00e8 Sistem Costruzioni<\/h1><h2 class=\"white\">Azienda Italiana nel Mondo<\/h2><\/div>[vc_column_text]Sistem Costruzioni crea casas de madera antis\u00edsmicas y ecosostenibles a partir de cualquier proyecto y para cualquier tipo de uso.<br \/>\nSistem tambi\u00e9n est\u00e1 especializada en la construcci\u00f3n de grandes cubiertas de madera o en la construcci\u00f3n de grandes edificios de madera de varias plantas.<\/p>\n<p>&nbsp;<\/p>\n<p><a href=\"https:\/\/www.sistem.it\/es\/empresa\/\">Saber m\u00e1s<\/a>[\/vc_column_text][\/vc_column][\/vc_row]Madeira<\/p>\n<\/div>","protected":false},"excerpt":{"rendered":"<p>madeira[vc_row css=\u00bb.vc_custom_1581604537705{padding-bottom: 30px !important;}\u00bb][vc_column][vc_column_text]Sostenibilidad ambiental, seguridad s\u00edsmica, eficiencia energ\u00e9tica, resistencia al fuego y aislamiento t\u00e9rmico. Estas son solo algunas de las ventajas de una casa de madera, en Sistem Costruzioni tambi\u00e9n creemos que es hermosa. Gracias a los innovadores sistemas constructivos que utilizamos, podemos permitirle personalizar su hogar y adoptar todas las soluciones arquitect\u00f3nicas de [&hellip;]<\/p>\n","protected":false},"author":1,"featured_media":0,"parent":0,"menu_order":0,"comment_status":"closed","ping_status":"closed","template":"","meta":{"_acf_changed":false,"footnotes":""},"class_list":["post-25713","page","type-page","status-publish","hentry"],"acf":[],"yoast_head":"<!-- This site is optimized with the Yoast SEO plugin v27.4 - https:\/\/yoast.com\/product\/yoast-seo-wordpress\/ -->\n<title>Casas de madera y edificio verde. - Sistem Costruzioni<\/title>\n<meta name=\"description\" content=\"Casas de madera y edificio verde. - Sistem Costruzioni - Case in legno, edifici e grandi opere: L&#039;arte Italiana del Legno - The Italian art of timber\" \/>\n<meta name=\"robots\" content=\"index, follow, max-snippet:-1, max-image-preview:large, max-video-preview:-1\" \/>\n<link rel=\"canonical\" href=\"https:\/\/www.sistem.it\/es\/casas-de-madera-y-edificio-verde\/\" \/>\n<meta property=\"og:locale\" content=\"es_ES\" \/>\n<meta property=\"og:type\" content=\"article\" \/>\n<meta property=\"og:title\" content=\"Casas de madera y edificio verde. - Sistem Costruzioni\" \/>\n<meta property=\"og:description\" content=\"Casas de madera y edificio verde. - Sistem Costruzioni - Case in legno, edifici e grandi opere: L&#039;arte Italiana del Legno - The Italian art of timber\" \/>\n<meta property=\"og:url\" content=\"https:\/\/www.sistem.it\/es\/casas-de-madera-y-edificio-verde\/\" \/>\n<meta property=\"og:site_name\" content=\"Sistem Costruzioni\" \/>\n<meta property=\"article:modified_time\" content=\"2022-11-17T12:02:15+00:00\" \/>\n<meta name=\"twitter:card\" content=\"summary_large_image\" \/>\n<meta name=\"twitter:label1\" content=\"Tiempo de lectura\" \/>\n\t<meta name=\"twitter:data1\" content=\"3 minutos\" \/>\n<script type=\"application\/ld+json\" class=\"yoast-schema-graph\">{\"@context\":\"https:\\\/\\\/schema.org\",\"@graph\":[{\"@type\":\"WebPage\",\"@id\":\"https:\\\/\\\/www.sistem.it\\\/es\\\/casas-de-madera-y-edificio-verde\\\/\",\"url\":\"https:\\\/\\\/www.sistem.it\\\/es\\\/casas-de-madera-y-edificio-verde\\\/\",\"name\":\"Casas de madera y edificio verde. - Sistem Costruzioni\",\"isPartOf\":{\"@id\":\"https:\\\/\\\/www.sistem.it\\\/es\\\/#website\"},\"datePublished\":\"2020-02-13T09:21:01+00:00\",\"dateModified\":\"2022-11-17T12:02:15+00:00\",\"description\":\"Casas de madera y edificio verde. - Sistem Costruzioni - Case in legno, edifici e grandi opere: L'arte Italiana del Legno - The Italian art of timber\",\"breadcrumb\":{\"@id\":\"https:\\\/\\\/www.sistem.it\\\/es\\\/casas-de-madera-y-edificio-verde\\\/#breadcrumb\"},\"inLanguage\":\"es\",\"potentialAction\":[{\"@type\":\"ReadAction\",\"target\":[\"https:\\\/\\\/www.sistem.it\\\/es\\\/casas-de-madera-y-edificio-verde\\\/\"]}]},{\"@type\":\"BreadcrumbList\",\"@id\":\"https:\\\/\\\/www.sistem.it\\\/es\\\/casas-de-madera-y-edificio-verde\\\/#breadcrumb\",\"itemListElement\":[{\"@type\":\"ListItem\",\"position\":1,\"name\":\"Home\",\"item\":\"https:\\\/\\\/www.sistem.it\\\/es\\\/\"},{\"@type\":\"ListItem\",\"position\":2,\"name\":\"Casas de madera y edificio verde.\"}]},{\"@type\":\"WebSite\",\"@id\":\"https:\\\/\\\/www.sistem.it\\\/es\\\/#website\",\"url\":\"https:\\\/\\\/www.sistem.it\\\/es\\\/\",\"name\":\"Sistem Costruzioni\",\"description\":\"L&#039;arte italiana del legno\",\"publisher\":{\"@id\":\"https:\\\/\\\/www.sistem.it\\\/es\\\/#organization\"},\"potentialAction\":[{\"@type\":\"SearchAction\",\"target\":{\"@type\":\"EntryPoint\",\"urlTemplate\":\"https:\\\/\\\/www.sistem.it\\\/es\\\/?s={search_term_string}\"},\"query-input\":{\"@type\":\"PropertyValueSpecification\",\"valueRequired\":true,\"valueName\":\"search_term_string\"}}],\"inLanguage\":\"es\"},{\"@type\":\"Organization\",\"@id\":\"https:\\\/\\\/www.sistem.it\\\/es\\\/#organization\",\"name\":\"Sistem Costruzioni S.r.l.\",\"url\":\"https:\\\/\\\/www.sistem.it\\\/es\\\/\",\"logo\":{\"@type\":\"ImageObject\",\"inLanguage\":\"es\",\"@id\":\"https:\\\/\\\/www.sistem.it\\\/es\\\/#\\\/schema\\\/logo\\\/image\\\/\",\"url\":\"https:\\\/\\\/www.sistem.it\\\/wp-content\\\/uploads\\\/2016\\\/03\\\/logo-sistem.png\",\"contentUrl\":\"https:\\\/\\\/www.sistem.it\\\/wp-content\\\/uploads\\\/2016\\\/03\\\/logo-sistem.png\",\"width\":461,\"height\":163,\"caption\":\"Sistem Costruzioni S.r.l.\"},\"image\":{\"@id\":\"https:\\\/\\\/www.sistem.it\\\/es\\\/#\\\/schema\\\/logo\\\/image\\\/\"}}]}<\/script>\n<!-- \/ Yoast SEO plugin. -->","yoast_head_json":{"title":"Casas de madera y edificio verde. - Sistem Costruzioni","description":"Casas de madera y edificio verde. - Sistem Costruzioni - Case in legno, edifici e grandi opere: L'arte Italiana del Legno - The Italian art of timber","robots":{"index":"index","follow":"follow","max-snippet":"max-snippet:-1","max-image-preview":"max-image-preview:large","max-video-preview":"max-video-preview:-1"},"canonical":"https:\/\/www.sistem.it\/es\/casas-de-madera-y-edificio-verde\/","og_locale":"es_ES","og_type":"article","og_title":"Casas de madera y edificio verde. - Sistem Costruzioni","og_description":"Casas de madera y edificio verde. - Sistem Costruzioni - Case in legno, edifici e grandi opere: L'arte Italiana del Legno - The Italian art of timber","og_url":"https:\/\/www.sistem.it\/es\/casas-de-madera-y-edificio-verde\/","og_site_name":"Sistem Costruzioni","article_modified_time":"2022-11-17T12:02:15+00:00","twitter_card":"summary_large_image","twitter_misc":{"Tiempo de lectura":"3 minutos"},"schema":{"@context":"https:\/\/schema.org","@graph":[{"@type":"WebPage","@id":"https:\/\/www.sistem.it\/es\/casas-de-madera-y-edificio-verde\/","url":"https:\/\/www.sistem.it\/es\/casas-de-madera-y-edificio-verde\/","name":"Casas de madera y edificio verde. - Sistem Costruzioni","isPartOf":{"@id":"https:\/\/www.sistem.it\/es\/#website"},"datePublished":"2020-02-13T09:21:01+00:00","dateModified":"2022-11-17T12:02:15+00:00","description":"Casas de madera y edificio verde. - Sistem Costruzioni - Case in legno, edifici e grandi opere: L'arte Italiana del Legno - The Italian art of timber","breadcrumb":{"@id":"https:\/\/www.sistem.it\/es\/casas-de-madera-y-edificio-verde\/#breadcrumb"},"inLanguage":"es","potentialAction":[{"@type":"ReadAction","target":["https:\/\/www.sistem.it\/es\/casas-de-madera-y-edificio-verde\/"]}]},{"@type":"BreadcrumbList","@id":"https:\/\/www.sistem.it\/es\/casas-de-madera-y-edificio-verde\/#breadcrumb","itemListElement":[{"@type":"ListItem","position":1,"name":"Home","item":"https:\/\/www.sistem.it\/es\/"},{"@type":"ListItem","position":2,"name":"Casas de madera y edificio verde."}]},{"@type":"WebSite","@id":"https:\/\/www.sistem.it\/es\/#website","url":"https:\/\/www.sistem.it\/es\/","name":"Sistem Costruzioni","description":"L&#039;arte italiana del legno","publisher":{"@id":"https:\/\/www.sistem.it\/es\/#organization"},"potentialAction":[{"@type":"SearchAction","target":{"@type":"EntryPoint","urlTemplate":"https:\/\/www.sistem.it\/es\/?s={search_term_string}"},"query-input":{"@type":"PropertyValueSpecification","valueRequired":true,"valueName":"search_term_string"}}],"inLanguage":"es"},{"@type":"Organization","@id":"https:\/\/www.sistem.it\/es\/#organization","name":"Sistem Costruzioni S.r.l.","url":"https:\/\/www.sistem.it\/es\/","logo":{"@type":"ImageObject","inLanguage":"es","@id":"https:\/\/www.sistem.it\/es\/#\/schema\/logo\/image\/","url":"https:\/\/www.sistem.it\/wp-content\/uploads\/2016\/03\/logo-sistem.png","contentUrl":"https:\/\/www.sistem.it\/wp-content\/uploads\/2016\/03\/logo-sistem.png","width":461,"height":163,"caption":"Sistem Costruzioni S.r.l."},"image":{"@id":"https:\/\/www.sistem.it\/es\/#\/schema\/logo\/image\/"}}]}},"_links":{"self":[{"href":"https:\/\/www.sistem.it\/es\/wp-json\/wp\/v2\/pages\/25713","targetHints":{"allow":["GET"]}}],"collection":[{"href":"https:\/\/www.sistem.it\/es\/wp-json\/wp\/v2\/pages"}],"about":[{"href":"https:\/\/www.sistem.it\/es\/wp-json\/wp\/v2\/types\/page"}],"author":[{"embeddable":true,"href":"https:\/\/www.sistem.it\/es\/wp-json\/wp\/v2\/users\/1"}],"replies":[{"embeddable":true,"href":"https:\/\/www.sistem.it\/es\/wp-json\/wp\/v2\/comments?post=25713"}],"version-history":[{"count":3,"href":"https:\/\/www.sistem.it\/es\/wp-json\/wp\/v2\/pages\/25713\/revisions"}],"predecessor-version":[{"id":25716,"href":"https:\/\/www.sistem.it\/es\/wp-json\/wp\/v2\/pages\/25713\/revisions\/25716"}],"wp:attachment":[{"href":"https:\/\/www.sistem.it\/es\/wp-json\/wp\/v2\/media?parent=25713"}],"curies":[{"name":"wp","href":"https:\/\/api.w.org\/{rel}","templated":true}]}}