{"id":25706,"date":"2020-09-07T17:22:19","date_gmt":"2020-09-07T15:22:19","guid":{"rendered":"https:\/\/www.sistem.it\/casas-de-madera\/"},"modified":"2022-11-17T11:55:54","modified_gmt":"2022-11-17T10:55:54","slug":"casas-de-madera","status":"publish","type":"page","link":"https:\/\/www.sistem.it\/es\/casas-de-madera\/","title":{"rendered":"Casas de madera"},"content":{"rendered":"<div class=\"wpb-content-wrapper\"><p>[vc_row][vc_column]<div class=\"project-header sistem\"><h1>Constructores de casas de madera<\/h1><h2 class=\"green\">El arte italiano de la madera para tu hogar.<\/h2><\/div>[\/vc_column][\/vc_row][vc_row][vc_column width=\u00bb2\/3&#8243;][vc_column_text]<br \/>\n<strong>Sistem Costruzioni<\/strong> construye su <strong>casa de madera<\/strong>, a la medida de sus necesidades y deseos, <strong>antis\u00edsmica<\/strong> y aplicando los m\u00e1s modernos criterios de <strong>edificaci\u00f3n verde<\/strong> y ahorro energ\u00e9tico. Con m\u00e1s de cuarenta a\u00f1os de experiencia, Sistem se encuentra hoy entre los mejores constructores de casas de madera, en Italia y en el mundo.<\/p>\n<p>Nuestros sistemas constructivos <strong>Xlam, Platform Frame, Block House y Frame<\/strong> te permiten dise\u00f1ar una casa de madera de calidad a la medida de cada necesidad. Tambi\u00e9n realizamos los mejores techos y estructuras en madera maciza y laminada.<\/p>\n<p>Los t\u00e9cnicos especializados de Sistem Costruzioni est\u00e1n siempre disponibles para asesorarte en todos los detalles y realizar <strong>presupuestos personalizados<\/strong> para tu casa de madera<strong> llave en mano<\/strong>. Cont\u00e1ctenos para nuestro asesoramiento sin compromiso.<br \/>\n[\/vc_column_text]<div class=\"button-wrapper sinistra\"><a class=\"btn btn-default btn-lg\" href=\"https:\/\/www.sistem.it\/contatti\/\" title=\"Contattaci per saperne di pi\u00f9\">Contattaci per saperne di pi\u00f9<\/a><\/div>[\/vc_column][vc_column width=\u00bb1\/3&#8243;][vc_wp_custommenu nav_menu=\u00bb431&#8243; el_class=\u00bbcontent-menu\u00bb][\/vc_column][\/vc_row][vc_row full_width=\u00bbstretch_row\u00bb css=\u00bb.vc_custom_1599493064518{margin-top: 2em !important;margin-bottom: 2em !important;padding-top: 1em !important;padding-bottom: 4em !important;background-image: url(https:\/\/www.sistem.it\/wp-content\/uploads\/2016\/01\/sfondo-legno.jpg?id=130) !important;}\u00bb][vc_column]<div class=\"project-header realizaciones\"><h1>Viviendas independientes o adosadas<\/h1><h2 class=\"white\">Ideas para tu casa de madera<\/h2><\/div><div class=\"fs-slide-gallery-wrapper\"><div class=\"fs-slide-gallery row \"><\/div><\/div>[\/vc_column][\/vc_row]<\/p>\n<\/div>","protected":false},"excerpt":{"rendered":"<p>Crea las casas de madera de tus sue\u00f1os con nosotros. Sistem Costruzioni es la empresa italiana especializada en construcciones de madera de alta calidad. Desde edificios unifamiliares hasta condominios con certificaci\u00f3n antis\u00edsmica.<\/p>\n","protected":false},"author":1,"featured_media":0,"parent":0,"menu_order":0,"comment_status":"closed","ping_status":"closed","template":"","meta":{"_acf_changed":false,"footnotes":""},"class_list":["post-25706","page","type-page","status-publish","hentry"],"acf":[],"yoast_head":"<!-- This site is optimized with the Yoast SEO plugin v27.5 - https:\/\/yoast.com\/product\/yoast-seo-wordpress\/ -->\n<title>Casas de madera Sistem Costruzioni | El arte italiano de la madera<\/title>\n<meta name=\"description\" content=\"Tu casa de madera. Crea las casas de madera de tus sue\u00f1os. Sistem Costruzioni es la empresa italiana especializada en construcciones de madera.\" \/>\n<meta name=\"robots\" content=\"index, follow, max-snippet:-1, max-image-preview:large, max-video-preview:-1\" \/>\n<link rel=\"canonical\" href=\"https:\/\/www.sistem.it\/es\/casas-de-madera\/\" \/>\n<meta property=\"og:locale\" content=\"es_ES\" \/>\n<meta property=\"og:type\" content=\"article\" \/>\n<meta property=\"og:title\" content=\"Casas de madera Sistem Costruzioni | El arte italiano de la madera\" \/>\n<meta property=\"og:description\" content=\"Tu casa de madera. Crea las casas de madera de tus sue\u00f1os. Sistem Costruzioni es la empresa italiana especializada en construcciones de madera.\" \/>\n<meta property=\"og:url\" content=\"https:\/\/www.sistem.it\/es\/casas-de-madera\/\" \/>\n<meta property=\"og:site_name\" content=\"Sistem Costruzioni\" \/>\n<meta property=\"article:modified_time\" content=\"2022-11-17T10:55:54+00:00\" \/>\n<meta name=\"twitter:card\" content=\"summary_large_image\" \/>\n<meta name=\"twitter:label1\" content=\"Tiempo de lectura\" \/>\n\t<meta name=\"twitter:data1\" content=\"1 minuto\" \/>\n<script type=\"application\/ld+json\" class=\"yoast-schema-graph\">{\"@context\":\"https:\\\/\\\/schema.org\",\"@graph\":[{\"@type\":\"WebPage\",\"@id\":\"https:\\\/\\\/www.sistem.it\\\/es\\\/casas-de-madera\\\/\",\"url\":\"https:\\\/\\\/www.sistem.it\\\/es\\\/casas-de-madera\\\/\",\"name\":\"Casas de madera Sistem Costruzioni | El arte italiano de la madera\",\"isPartOf\":{\"@id\":\"https:\\\/\\\/www.sistem.it\\\/es\\\/#website\"},\"datePublished\":\"2020-09-07T15:22:19+00:00\",\"dateModified\":\"2022-11-17T10:55:54+00:00\",\"description\":\"Tu casa de madera. Crea las casas de madera de tus sue\u00f1os. Sistem Costruzioni es la empresa italiana especializada en construcciones de madera.\",\"breadcrumb\":{\"@id\":\"https:\\\/\\\/www.sistem.it\\\/es\\\/casas-de-madera\\\/#breadcrumb\"},\"inLanguage\":\"es\",\"potentialAction\":[{\"@type\":\"ReadAction\",\"target\":[\"https:\\\/\\\/www.sistem.it\\\/es\\\/casas-de-madera\\\/\"]}]},{\"@type\":\"BreadcrumbList\",\"@id\":\"https:\\\/\\\/www.sistem.it\\\/es\\\/casas-de-madera\\\/#breadcrumb\",\"itemListElement\":[{\"@type\":\"ListItem\",\"position\":1,\"name\":\"Home\",\"item\":\"https:\\\/\\\/www.sistem.it\\\/es\\\/\"},{\"@type\":\"ListItem\",\"position\":2,\"name\":\"Casas de madera\"}]},{\"@type\":\"WebSite\",\"@id\":\"https:\\\/\\\/www.sistem.it\\\/es\\\/#website\",\"url\":\"https:\\\/\\\/www.sistem.it\\\/es\\\/\",\"name\":\"Sistem Costruzioni\",\"description\":\"L&#039;arte italiana del legno\",\"publisher\":{\"@id\":\"https:\\\/\\\/www.sistem.it\\\/es\\\/#organization\"},\"potentialAction\":[{\"@type\":\"SearchAction\",\"target\":{\"@type\":\"EntryPoint\",\"urlTemplate\":\"https:\\\/\\\/www.sistem.it\\\/es\\\/?s={search_term_string}\"},\"query-input\":{\"@type\":\"PropertyValueSpecification\",\"valueRequired\":true,\"valueName\":\"search_term_string\"}}],\"inLanguage\":\"es\"},{\"@type\":\"Organization\",\"@id\":\"https:\\\/\\\/www.sistem.it\\\/es\\\/#organization\",\"name\":\"Sistem Costruzioni S.r.l.\",\"url\":\"https:\\\/\\\/www.sistem.it\\\/es\\\/\",\"logo\":{\"@type\":\"ImageObject\",\"inLanguage\":\"es\",\"@id\":\"https:\\\/\\\/www.sistem.it\\\/es\\\/#\\\/schema\\\/logo\\\/image\\\/\",\"url\":\"https:\\\/\\\/www.sistem.it\\\/wp-content\\\/uploads\\\/2016\\\/03\\\/logo-sistem.png\",\"contentUrl\":\"https:\\\/\\\/www.sistem.it\\\/wp-content\\\/uploads\\\/2016\\\/03\\\/logo-sistem.png\",\"width\":461,\"height\":163,\"caption\":\"Sistem Costruzioni S.r.l.\"},\"image\":{\"@id\":\"https:\\\/\\\/www.sistem.it\\\/es\\\/#\\\/schema\\\/logo\\\/image\\\/\"}}]}<\/script>\n<!-- \/ Yoast SEO plugin. -->","yoast_head_json":{"title":"Casas de madera Sistem Costruzioni | El arte italiano de la madera","description":"Tu casa de madera. Crea las casas de madera de tus sue\u00f1os. Sistem Costruzioni es la empresa italiana especializada en construcciones de madera.","robots":{"index":"index","follow":"follow","max-snippet":"max-snippet:-1","max-image-preview":"max-image-preview:large","max-video-preview":"max-video-preview:-1"},"canonical":"https:\/\/www.sistem.it\/es\/casas-de-madera\/","og_locale":"es_ES","og_type":"article","og_title":"Casas de madera Sistem Costruzioni | El arte italiano de la madera","og_description":"Tu casa de madera. Crea las casas de madera de tus sue\u00f1os. Sistem Costruzioni es la empresa italiana especializada en construcciones de madera.","og_url":"https:\/\/www.sistem.it\/es\/casas-de-madera\/","og_site_name":"Sistem Costruzioni","article_modified_time":"2022-11-17T10:55:54+00:00","twitter_card":"summary_large_image","twitter_misc":{"Tiempo de lectura":"1 minuto"},"schema":{"@context":"https:\/\/schema.org","@graph":[{"@type":"WebPage","@id":"https:\/\/www.sistem.it\/es\/casas-de-madera\/","url":"https:\/\/www.sistem.it\/es\/casas-de-madera\/","name":"Casas de madera Sistem Costruzioni | El arte italiano de la madera","isPartOf":{"@id":"https:\/\/www.sistem.it\/es\/#website"},"datePublished":"2020-09-07T15:22:19+00:00","dateModified":"2022-11-17T10:55:54+00:00","description":"Tu casa de madera. Crea las casas de madera de tus sue\u00f1os. Sistem Costruzioni es la empresa italiana especializada en construcciones de madera.","breadcrumb":{"@id":"https:\/\/www.sistem.it\/es\/casas-de-madera\/#breadcrumb"},"inLanguage":"es","potentialAction":[{"@type":"ReadAction","target":["https:\/\/www.sistem.it\/es\/casas-de-madera\/"]}]},{"@type":"BreadcrumbList","@id":"https:\/\/www.sistem.it\/es\/casas-de-madera\/#breadcrumb","itemListElement":[{"@type":"ListItem","position":1,"name":"Home","item":"https:\/\/www.sistem.it\/es\/"},{"@type":"ListItem","position":2,"name":"Casas de madera"}]},{"@type":"WebSite","@id":"https:\/\/www.sistem.it\/es\/#website","url":"https:\/\/www.sistem.it\/es\/","name":"Sistem Costruzioni","description":"L&#039;arte italiana del legno","publisher":{"@id":"https:\/\/www.sistem.it\/es\/#organization"},"potentialAction":[{"@type":"SearchAction","target":{"@type":"EntryPoint","urlTemplate":"https:\/\/www.sistem.it\/es\/?s={search_term_string}"},"query-input":{"@type":"PropertyValueSpecification","valueRequired":true,"valueName":"search_term_string"}}],"inLanguage":"es"},{"@type":"Organization","@id":"https:\/\/www.sistem.it\/es\/#organization","name":"Sistem Costruzioni S.r.l.","url":"https:\/\/www.sistem.it\/es\/","logo":{"@type":"ImageObject","inLanguage":"es","@id":"https:\/\/www.sistem.it\/es\/#\/schema\/logo\/image\/","url":"https:\/\/www.sistem.it\/wp-content\/uploads\/2016\/03\/logo-sistem.png","contentUrl":"https:\/\/www.sistem.it\/wp-content\/uploads\/2016\/03\/logo-sistem.png","width":461,"height":163,"caption":"Sistem Costruzioni S.r.l."},"image":{"@id":"https:\/\/www.sistem.it\/es\/#\/schema\/logo\/image\/"}}]}},"_links":{"self":[{"href":"https:\/\/www.sistem.it\/es\/wp-json\/wp\/v2\/pages\/25706","targetHints":{"allow":["GET"]}}],"collection":[{"href":"https:\/\/www.sistem.it\/es\/wp-json\/wp\/v2\/pages"}],"about":[{"href":"https:\/\/www.sistem.it\/es\/wp-json\/wp\/v2\/types\/page"}],"author":[{"embeddable":true,"href":"https:\/\/www.sistem.it\/es\/wp-json\/wp\/v2\/users\/1"}],"replies":[{"embeddable":true,"href":"https:\/\/www.sistem.it\/es\/wp-json\/wp\/v2\/comments?post=25706"}],"version-history":[{"count":2,"href":"https:\/\/www.sistem.it\/es\/wp-json\/wp\/v2\/pages\/25706\/revisions"}],"predecessor-version":[{"id":25708,"href":"https:\/\/www.sistem.it\/es\/wp-json\/wp\/v2\/pages\/25706\/revisions\/25708"}],"wp:attachment":[{"href":"https:\/\/www.sistem.it\/es\/wp-json\/wp\/v2\/media?parent=25706"}],"curies":[{"name":"wp","href":"https:\/\/api.w.org\/{rel}","templated":true}]}}