{"id":3009,"date":"2016-03-04T17:16:05","date_gmt":"2016-03-04T16:16:05","guid":{"rendered":"http:\/\/www.sistem.it\/?page_id=3009\/"},"modified":"2024-03-27T16:16:23","modified_gmt":"2024-03-27T15:16:23","slug":"faq","status":"publish","type":"page","link":"https:\/\/www.sistem.it\/en\/faq\/","title":{"rendered":"Frequently asked question"},"content":{"rendered":"<div class=\"wpb-content-wrapper\"><p>[vc_row][vc_column width=&#8221;5\/6&#8243;]<div class=\"project-header project-header\"><h1>Frequently asked question<\/h1><div class=\"spacer\" style=\"height:10px;\"><\/div><\/div>[vc_toggle title=&#8221;Perch\u00e9 dovrei affidarmi a Sistem Costruzioni per la realizzazione della mia abitazione in legno?&#8221; style=&#8221;round&#8221; color=&#8221;green&#8221; open=&#8221;true&#8221; el_id=&#8221;1467735382705-e921b2b1-234f&#8221;]<strong>Sistem Costruzioni opera nel campo delle realizzazioni di edifici in legno da oltre 38 anni<\/strong>. In questo tempo ha costantemente investito in ricerca e sviluppo e nella formazione di tecnici professionisti.<br \/>\nL\u2019esperienza dell\u2019azienda, la sua capacit\u00e0 di progettare e realizzare case per contesti diversi in tutto il mondo, adattandosi alle esigenze del cliente, fanno di Sistem Costruzioni il <strong>partner ideale per la tua casa italiana in legno.<\/strong>[\/vc_toggle][vc_toggle title=&#8221;Quali sono i benefici di una casa o edificio realizzato in legno?&#8221; style=&#8221;round&#8221; color=&#8221;green&#8221; el_id=&#8221;1467735507729-7afd9e8b-402f&#8221;]La scelta di realizzare una casa in legno comporta una vasta serie di benefici:<\/p>\n<p><strong>\u00a0<\/strong><\/p>\n<ul>\n<li><strong>Garantisce tempi di costruzione nettamente inferiori rispetto alle realizzazioni tradizionali<\/strong>, anticipando la consegna dell\u2019edificio;<\/li>\n<li><strong>\u00c8 un materiale durevole<\/strong>, che rende l\u2019edificio un patrimonio per le generazioni future resistente alle condizioni climatiche pi\u00f9 avverse.<\/li>\n<li><strong>Rappresenta una scelta ecosostenibile<\/strong>: la realizzazione di una casa in legno ha un impatto minore sull\u2019ambiente rispetto all\u2019impiego di materiali tradizionali;<\/li>\n<li><strong>Comporta minori costi energetici<\/strong>: le elevate prestazioni del legno, in termini di isolamento, permettono di risparmiare richiedendo un inferiore utilizzo di energia per il riscaldamento e i condizionatori d\u2019aria.<\/li>\n<\/ul>\n<p><strong>\u00a0<\/strong>[\/vc_toggle][vc_toggle title=&#8221;\u00c8 possibile realizzare la casa in legno secondo le mie esigenze personali?&#8221; style=&#8221;round&#8221; color=&#8221;green&#8221; el_id=&#8221;1467735536131-10a98f12-e018&#8243;]<strong>Il legno \u00e8 un materiale versatile <\/strong>e garantisce la realizzazione di edifici che rispondono alle specifiche esigenze di ogni cliente.<\/p>\n<p>Sistem Costruzioni vanta un <strong>team tecnico<\/strong> <strong>esperto, che negli anni ha sviluppato progetti residenziali interamente personalizzati e su misura<\/strong>.[\/vc_toggle][vc_toggle title=&#8221;Una casa in legno dura quanto una casa in muratura?&#8221; style=&#8221;round&#8221; color=&#8221;green&#8221; el_id=&#8221;1467735562277-32153400-b257&#8243;]<strong>Il legno \u00e8 un materiale durevole, e gli edifici<\/strong> <strong>realizzati in legno garantiscono una durata pari a quelli realizzati con materiali tradizionali. <\/strong>Inoltre, il legno \u00e8 altamente resiste e performante agli agenti atmosferici quali umidit\u00e0, salsedine e ghiaccio.<\/p>\n<p>Vista la progressiva richiesta di realizzazioni simili, inoltre, il suo valore cresce nel tempo.[\/vc_toggle][vc_toggle title=&#8221;La vostra casa con quale tipo di legname \u00e8 realizzata? Qual\u2019\u00e8 la provenienza?&#8221; style=&#8221;round&#8221; color=&#8221;green&#8221; el_id=&#8221;1467735789173-04180bad-a902&#8243;]Legno di abete, materia prima largamente disponibile in Europa e proveniente da foreste certificate nelle quali la crescit\u00e0 \u00e8 maggiore rispetto al taglio, per questo motivo Sistem Costruzioni pu\u00f2 avvalersi della certificazione di filiera PEFC.[\/vc_toggle][vc_toggle title=&#8221;Di quale manutenzione necessita?&#8221; style=&#8221;round&#8221; color=&#8221;green&#8221; el_id=&#8221;1467737055967-a49fbda4-93bb&#8221;]<strong>Le case realizzate in legno richiedono lo stesso tipo di interventi di manutenzione delle case realizzate con materiali tradizionali<\/strong>.<\/p>\n<p>Il team tecnico studia l\u2019esposizione dell\u2019abitazione agli agenti atmosferici e suggerisce le contromisure pi\u00f9 adatte per affrontarli mantenendo la qualit\u00e0 dell\u2019ambiente.[\/vc_toggle][vc_toggle title=&#8221;Quanto occorre per la realizzazione?&#8221; style=&#8221;round&#8221; color=&#8221;green&#8221; el_id=&#8221;1467737079075-34b36a4a-b493&#8243;]I tempi di realizzazione delle case in legno sono estremamente <strong>rapidi<\/strong> grazie alla prefabbricazione di gran parte delle strutture e nettamente inferiori rispetto alle realizzazioni con materiali tradizionali.<\/p>\n<p>Per questo motivo sono una scelta sempre pi\u00f9 praticata da chi ha la <strong>necessit\u00e0 di vedere il proprio progetto realizzato in pochi mesi e costi certi sin dall\u2019inizio.<\/strong>[\/vc_toggle][vc_toggle title=&#8221;Qual \u00e8, in percentuale, il risparmio energetico che si pu\u00f2 ottenere costruendo una casa a struttura di legno?&#8221; style=&#8221;round&#8221; color=&#8221;green&#8221; el_id=&#8221;1467737097058-2c09ab97-dfc0&#8243;]Grazie alle propriet\u00e0 isolanti del legno, <strong>le case realizzate con questo sistema garantiscono<\/strong> <strong>un risparmio energetico che comporta costi inferiori fino al 60% <\/strong>a parit\u00e0 di spessore delle pareti.<\/p>\n<p>Sistem costruzioni, inoltre, realizza <strong>impianti energetici basati sulle fonti di energia rinnovabile<\/strong> che comportano ulteriori abbattimenti dei costi di acquisto dell\u2019energia.[\/vc_toggle][vc_toggle title=&#8221;E&#8217; possibile accedere a mutui a tasso agevolato?&#8221; style=&#8221;round&#8221; color=&#8221;green&#8221; el_id=&#8221;1467737118514-93c072c5-3bb1&#8243;]<strong>Vari istituti bancari hanno istituito <\/strong><strong>mutui speciali con tassi agevolati per le costruzioni in bioedilizia, che comprendono case, ville e altri tipi di edifici in legno.<\/strong><\/p>\n<p>Maggiori informazioni nella sezione <a href=\"https:\/\/www.sistem.it\/en\/your-custom-home\/mortgages-and-loans\/\">Mutui e finanziamenti<\/a> del sito.[\/vc_toggle][vc_toggle title=&#8221;La mia casa in legno \u00e8 antisismica? Pu\u00f2 prendere fuoco?&#8221; style=&#8221;round&#8221; color=&#8221;green&#8221; el_id=&#8221;1467737161726-e674aa89-ad28&#8243;]<strong>Le case in legno garantiscono elevati livelli di resistenza sismica: <\/strong>il legno \u00e8 un materiale leggero e ci\u00f2 garantisce una maggiore resistenza ai terremoti. Il legno, inoltre, \u00e8 un materiale <strong>naturalmente elastico<\/strong>, e la sua minore rigidezza permette di assorbire meglio l\u2019onda sismica.<\/p>\n<p>Inoltre, <strong>t<\/strong><strong>est eseguiti su campioni di case prefabbricate in legno hanno evidenziato una resistenza al fuoco pari a quella delle abitazioni tradizionali.<\/strong>[\/vc_toggle][vc_toggle title=&#8221;Che autorizzazioni occorrono per la costruzione di un edificio in legno? Come si richiedono i permessi per queste tipologie di case?&#8221; style=&#8221;round&#8221; color=&#8221;green&#8221; el_id=&#8221;1467737180236-4c644da5-545f&#8221;]L\u2019iter \u00e8 uguale per qualsiasi edificio:<\/p>\n<ul>\n<li>Progetto;<\/li>\n<li>Concessione edilizia;<\/li>\n<li>Autorizzazione da parte di eventuali uffici preposti<\/li>\n<\/ul>\n<p>[\/vc_toggle][vc_toggle title=&#8221;La casa in legno ha bisogno di fondamenta?&#8221; style=&#8221;round&#8221; color=&#8221;green&#8221; el_id=&#8221;1467737208682-2d0df13c-9de2&#8243;]Le case in legno poggiano su fondamenta costituite da una platea o seminterrato in calcestruzzo.[\/vc_toggle][vc_toggle title=&#8221;Sistem Costruzioni mi pu\u00f2 assistere per la progettazione della mia nuova casa?&#8221; style=&#8221;round&#8221; color=&#8221;green&#8221; el_id=&#8221;1467738261882-3e63a8d5-f56f&#8221;]Il team tecnico di Sistem Costruzioni realizza progetti per case in legno affiancando il cliente e valutando, passo dopo passo, le sue specifiche esigenze: destinazione d\u2019uso della costruzione &#8211; quante persone vivranno nella casa, se sar\u00e0 una casa utilizzata quotidianamente o solo in periodi di vacanza \u2026 &#8211; il grado di finitura che si intende realizzare &#8211; serramenti, porte \u2026 &#8211; oltre all\u2019impianto energetico che si desidera installare.[\/vc_toggle][vc_toggle title=&#8221;Le case in legno Sistem Costruzioni sono consegnate al grezzo o chiavi in mano?&#8221; style=&#8221;round&#8221; color=&#8221;green&#8221; el_id=&#8221;1467738286692-950bb6c3-a94c&#8221;]<strong>Il progetto \u201c<a href=\"https:\/\/www.sistem.it\/en\/your-custom-home\/\">La tua casa su misura<\/a>\u201d di Sistem Costruzioni offre al cliente la possibilit\u00e0 di scegliere fra diverse tipologie di realizzazioni, a seconda delle sue esigenze: dal grezzo al servizio chiavi in mano.<\/strong>[\/vc_toggle][vc_toggle title=&#8221;Come assicurarsi?&#8221; style=&#8221;round&#8221; color=&#8221;green&#8221; el_id=&#8221;1467738327241-e11b8e30-1d10&#8243;]Le case in legno sono assicurabili da tutte le principali compagnie assicurative.<\/p>\n<p>&nbsp;<\/p>\n<p><strong>\u00a0<\/strong>[\/vc_toggle][\/vc_column][vc_column width=&#8221;1\/6&#8243;][vc_media_grid element_width=&#8221;12&#8243; gap=&#8221;10&#8243; initial_loading_animation=&#8221;none&#8221; grid_id=&#8221;vc_gid:1711552551242-595c8430-cdf7-10&#8243; include=&#8221;818,435,790,799,707&#8243;][\/vc_column][\/vc_row]<\/p>\n<\/div>","protected":false},"excerpt":{"rendered":"<p>[vc_row][vc_column width=&#8221;5\/6&#8243;][vc_toggle title=&#8221;Perch\u00e9 dovrei affidarmi a Sistem Costruzioni per la realizzazione della mia abitazione in legno?&#8221; style=&#8221;round&#8221; color=&#8221;green&#8221; open=&#8221;true&#8221; el_id=&#8221;1467735382705-e921b2b1-234f&#8221;]Sistem Costruzioni opera nel campo delle realizzazioni di edifici in legno da oltre 38 anni. In questo tempo ha costantemente investito in ricerca e sviluppo e nella formazione di tecnici professionisti. L\u2019esperienza dell\u2019azienda, la sua capacit\u00e0 [&hellip;]<\/p>\n","protected":false},"author":1,"featured_media":0,"parent":0,"menu_order":0,"comment_status":"closed","ping_status":"closed","template":"","meta":{"_acf_changed":false,"footnotes":""},"class_list":["post-3009","page","type-page","status-publish","hentry"],"acf":[],"yoast_head":"<!-- This site is optimized with the Yoast SEO plugin v27.5 - https:\/\/yoast.com\/product\/yoast-seo-wordpress\/ -->\n<title>Frequently asked question - Sistem Construction<\/title>\n<meta name=\"description\" content=\"Frequently asked question - Sistem Construction - Case in legno, edifici e grandi opere: L&#039;arte Italiana del Legno - The Italian art of timber\" \/>\n<meta name=\"robots\" content=\"index, follow, max-snippet:-1, max-image-preview:large, max-video-preview:-1\" \/>\n<link rel=\"canonical\" href=\"https:\/\/www.sistem.it\/en\/faq\/\" \/>\n<meta property=\"og:locale\" content=\"en_US\" \/>\n<meta property=\"og:type\" content=\"article\" \/>\n<meta property=\"og:title\" content=\"Frequently asked question - Sistem Construction\" \/>\n<meta property=\"og:description\" content=\"Frequently asked question - Sistem Construction - Case in legno, edifici e grandi opere: L&#039;arte Italiana del Legno - The Italian art of timber\" \/>\n<meta property=\"og:url\" content=\"https:\/\/www.sistem.it\/en\/faq\/\" \/>\n<meta property=\"og:site_name\" content=\"Sistem Construction\" \/>\n<meta property=\"article:modified_time\" content=\"2024-03-27T15:16:23+00:00\" \/>\n<meta name=\"twitter:card\" content=\"summary_large_image\" \/>\n<meta name=\"twitter:label1\" content=\"Est. reading time\" \/>\n\t<meta name=\"twitter:data1\" content=\"5 minutes\" \/>\n<script type=\"application\/ld+json\" class=\"yoast-schema-graph\">{\"@context\":\"https:\\\/\\\/schema.org\",\"@graph\":[{\"@type\":\"WebPage\",\"@id\":\"https:\\\/\\\/www.sistem.it\\\/en\\\/faq\\\/\",\"url\":\"https:\\\/\\\/www.sistem.it\\\/en\\\/faq\\\/\",\"name\":\"Frequently asked question - Sistem Construction\",\"isPartOf\":{\"@id\":\"https:\\\/\\\/www.sistem.it\\\/en\\\/#website\"},\"datePublished\":\"2016-03-04T16:16:05+00:00\",\"dateModified\":\"2024-03-27T15:16:23+00:00\",\"description\":\"Frequently asked question - Sistem Construction - Case in legno, edifici e grandi opere: L'arte Italiana del Legno - The Italian art of timber\",\"breadcrumb\":{\"@id\":\"https:\\\/\\\/www.sistem.it\\\/en\\\/faq\\\/#breadcrumb\"},\"inLanguage\":\"en-US\",\"potentialAction\":[{\"@type\":\"ReadAction\",\"target\":[\"https:\\\/\\\/www.sistem.it\\\/en\\\/faq\\\/\"]}]},{\"@type\":\"BreadcrumbList\",\"@id\":\"https:\\\/\\\/www.sistem.it\\\/en\\\/faq\\\/#breadcrumb\",\"itemListElement\":[{\"@type\":\"ListItem\",\"position\":1,\"name\":\"Home\",\"item\":\"https:\\\/\\\/www.sistem.it\\\/en\\\/\"},{\"@type\":\"ListItem\",\"position\":2,\"name\":\"Frequently asked question\"}]},{\"@type\":\"WebSite\",\"@id\":\"https:\\\/\\\/www.sistem.it\\\/en\\\/#website\",\"url\":\"https:\\\/\\\/www.sistem.it\\\/en\\\/\",\"name\":\"Sistem Construction\",\"description\":\"The italian art of timber\",\"publisher\":{\"@id\":\"https:\\\/\\\/www.sistem.it\\\/en\\\/#organization\"},\"potentialAction\":[{\"@type\":\"SearchAction\",\"target\":{\"@type\":\"EntryPoint\",\"urlTemplate\":\"https:\\\/\\\/www.sistem.it\\\/en\\\/?s={search_term_string}\"},\"query-input\":{\"@type\":\"PropertyValueSpecification\",\"valueRequired\":true,\"valueName\":\"search_term_string\"}}],\"inLanguage\":\"en-US\"},{\"@type\":\"Organization\",\"@id\":\"https:\\\/\\\/www.sistem.it\\\/en\\\/#organization\",\"name\":\"Sistem Costruzioni S.r.l.\",\"url\":\"https:\\\/\\\/www.sistem.it\\\/en\\\/\",\"logo\":{\"@type\":\"ImageObject\",\"inLanguage\":\"en-US\",\"@id\":\"https:\\\/\\\/www.sistem.it\\\/en\\\/#\\\/schema\\\/logo\\\/image\\\/\",\"url\":\"https:\\\/\\\/www.sistem.it\\\/wp-content\\\/uploads\\\/2016\\\/03\\\/logo-sistem.png\",\"contentUrl\":\"https:\\\/\\\/www.sistem.it\\\/wp-content\\\/uploads\\\/2016\\\/03\\\/logo-sistem.png\",\"width\":461,\"height\":163,\"caption\":\"Sistem Costruzioni S.r.l.\"},\"image\":{\"@id\":\"https:\\\/\\\/www.sistem.it\\\/en\\\/#\\\/schema\\\/logo\\\/image\\\/\"}}]}<\/script>\n<!-- \/ Yoast SEO plugin. -->","yoast_head_json":{"title":"Frequently asked question - Sistem Construction","description":"Frequently asked question - Sistem Construction - Case in legno, edifici e grandi opere: L'arte Italiana del Legno - The Italian art of timber","robots":{"index":"index","follow":"follow","max-snippet":"max-snippet:-1","max-image-preview":"max-image-preview:large","max-video-preview":"max-video-preview:-1"},"canonical":"https:\/\/www.sistem.it\/en\/faq\/","og_locale":"en_US","og_type":"article","og_title":"Frequently asked question - Sistem Construction","og_description":"Frequently asked question - Sistem Construction - Case in legno, edifici e grandi opere: L'arte Italiana del Legno - The Italian art of timber","og_url":"https:\/\/www.sistem.it\/en\/faq\/","og_site_name":"Sistem Construction","article_modified_time":"2024-03-27T15:16:23+00:00","twitter_card":"summary_large_image","twitter_misc":{"Est. reading time":"5 minutes"},"schema":{"@context":"https:\/\/schema.org","@graph":[{"@type":"WebPage","@id":"https:\/\/www.sistem.it\/en\/faq\/","url":"https:\/\/www.sistem.it\/en\/faq\/","name":"Frequently asked question - Sistem Construction","isPartOf":{"@id":"https:\/\/www.sistem.it\/en\/#website"},"datePublished":"2016-03-04T16:16:05+00:00","dateModified":"2024-03-27T15:16:23+00:00","description":"Frequently asked question - Sistem Construction - Case in legno, edifici e grandi opere: L'arte Italiana del Legno - The Italian art of timber","breadcrumb":{"@id":"https:\/\/www.sistem.it\/en\/faq\/#breadcrumb"},"inLanguage":"en-US","potentialAction":[{"@type":"ReadAction","target":["https:\/\/www.sistem.it\/en\/faq\/"]}]},{"@type":"BreadcrumbList","@id":"https:\/\/www.sistem.it\/en\/faq\/#breadcrumb","itemListElement":[{"@type":"ListItem","position":1,"name":"Home","item":"https:\/\/www.sistem.it\/en\/"},{"@type":"ListItem","position":2,"name":"Frequently asked question"}]},{"@type":"WebSite","@id":"https:\/\/www.sistem.it\/en\/#website","url":"https:\/\/www.sistem.it\/en\/","name":"Sistem Construction","description":"The italian art of timber","publisher":{"@id":"https:\/\/www.sistem.it\/en\/#organization"},"potentialAction":[{"@type":"SearchAction","target":{"@type":"EntryPoint","urlTemplate":"https:\/\/www.sistem.it\/en\/?s={search_term_string}"},"query-input":{"@type":"PropertyValueSpecification","valueRequired":true,"valueName":"search_term_string"}}],"inLanguage":"en-US"},{"@type":"Organization","@id":"https:\/\/www.sistem.it\/en\/#organization","name":"Sistem Costruzioni S.r.l.","url":"https:\/\/www.sistem.it\/en\/","logo":{"@type":"ImageObject","inLanguage":"en-US","@id":"https:\/\/www.sistem.it\/en\/#\/schema\/logo\/image\/","url":"https:\/\/www.sistem.it\/wp-content\/uploads\/2016\/03\/logo-sistem.png","contentUrl":"https:\/\/www.sistem.it\/wp-content\/uploads\/2016\/03\/logo-sistem.png","width":461,"height":163,"caption":"Sistem Costruzioni S.r.l."},"image":{"@id":"https:\/\/www.sistem.it\/en\/#\/schema\/logo\/image\/"}}]}},"_links":{"self":[{"href":"https:\/\/www.sistem.it\/en\/wp-json\/wp\/v2\/pages\/3009","targetHints":{"allow":["GET"]}}],"collection":[{"href":"https:\/\/www.sistem.it\/en\/wp-json\/wp\/v2\/pages"}],"about":[{"href":"https:\/\/www.sistem.it\/en\/wp-json\/wp\/v2\/types\/page"}],"author":[{"embeddable":true,"href":"https:\/\/www.sistem.it\/en\/wp-json\/wp\/v2\/users\/1"}],"replies":[{"embeddable":true,"href":"https:\/\/www.sistem.it\/en\/wp-json\/wp\/v2\/comments?post=3009"}],"version-history":[{"count":3,"href":"https:\/\/www.sistem.it\/en\/wp-json\/wp\/v2\/pages\/3009\/revisions"}],"predecessor-version":[{"id":29064,"href":"https:\/\/www.sistem.it\/en\/wp-json\/wp\/v2\/pages\/3009\/revisions\/29064"}],"wp:attachment":[{"href":"https:\/\/www.sistem.it\/en\/wp-json\/wp\/v2\/media?parent=3009"}],"curies":[{"name":"wp","href":"https:\/\/api.w.org\/{rel}","templated":true}]}}